{"id":10204,"date":"2025-01-20T10:08:05","date_gmt":"2025-01-20T15:08:05","guid":{"rendered":"https:\/\/www.humanware.com\/?page_id=10204"},"modified":"2025-03-21T12:04:11","modified_gmt":"2025-03-21T16:04:11","slug":"privacy_policy_apps","status":"publish","type":"page","link":"https:\/\/www.humanware.com\/fr\/privacy_policy_apps\/","title":{"rendered":"Politique de confidentialit\u00e9 &#8211; Applications mobiles"},"content":{"rendered":"\t\t<div data-elementor-type=\"wp-page\" data-elementor-id=\"10204\" class=\"elementor elementor-10204 elementor-10191\" data-elementor-post-type=\"page\">\n\t\t\t\t<div class=\"elementor-element elementor-element-9736708 e-flex e-con-boxed e-con e-parent\" data-id=\"9736708\" data-element_type=\"container\" data-e-type=\"container\">\n\t\t\t\t\t<div class=\"e-con-inner\">\n\t\t\t\t<div class=\"elementor-element elementor-element-07859a3 elementor-widget elementor-widget-heading\" data-id=\"07859a3\" data-element_type=\"widget\" data-e-type=\"widget\" data-widget_type=\"heading.default\">\n\t\t\t\t<div class=\"elementor-widget-container\">\n\t\t\t\t\t<h1 class=\"elementor-heading-title elementor-size-default\">Politique de confidentialit\u00e9 - Applications mobiles\n<\/h1>\t\t\t\t<\/div>\n\t\t\t\t<\/div>\n\t\t\t\t<div class=\"elementor-element elementor-element-0e79138 elementor-widget elementor-widget-text-editor\" data-id=\"0e79138\" data-element_type=\"widget\" data-e-type=\"widget\" data-widget_type=\"text-editor.default\">\n\t\t\t\t<div class=\"elementor-widget-container\">\n\t\t\t\t\t\t\t\t\t<p>Nous prenons votre vie priv\u00e9e tr\u00e8s au s\u00e9rieux. Cette politique de confidentialit\u00e9 d\u00e9crit comment nous collectons et utilisons vos informations personnelles et non personnelles. Veuillez lire attentivement notre politique de confidentialit\u00e9 et contactez-nous si vous avez des questions ou des pr\u00e9occupations.<\/p><p><strong>Remarque\u00a0<\/strong>: Notre politique de confidentialit\u00e9 couvre l&rsquo;utilisation de nos applications mobiles. La politique de confidentialit\u00e9 de notre site Web peut \u00eatre consult\u00e9e\u00a0<a href=\"\/home\/security_and_privacy\" rel=\"noopener\">ici<\/a>\u00a0.<\/p><h3>Renseignements personnels<\/h3><p>Nous ne collectons ni ne partageons aucune information personnelle (informations susceptibles de vous identifier en tant qu&rsquo;individu) lorsque vous utilisez nos applications mobiles. Si vous nous contactez pour nous faire part de vos commentaires ou demander de l&rsquo;aide, nous pouvons utiliser ces informations pour traiter votre demande et am\u00e9liorer nos services et produits.<\/p><h3>Informations non personnelles<\/h3><p>Nous pouvons collecter des informations non personnelles (informations qui ne peuvent pas concerner un individu sp\u00e9cifique), y compris l&rsquo;identification de l&rsquo;appareil, le num\u00e9ro de version, le syst\u00e8me d&rsquo;exploitation, etc. Nous utilisons ces informations pour mieux comprendre les besoins de nos utilisateurs et pour am\u00e9liorer la qualit\u00e9 de notre services et produits.<\/p><h3>Autorisations Android<\/h3><p>Cette section d\u00e9crit les autorisations Android n\u00e9cessaires pour utiliser nos applications mobiles\u00a0:<br \/><strong>HWExplorer\u00a0:<\/strong><\/p><p>android.permission.CAMERA : utilis\u00e9 pour la camera.<\/p><p>android.permission.WRITE_EXTERNAL_STORAGE\u00a0: utilis\u00e9 pour enregistrer des photos.<\/p><h3>Mises \u00e0 jour<\/h3><p>Nous mettons \u00e0 jour notre politique de confidentialit\u00e9 de temps \u00e0 autre. Par cons\u00e9quent, veuillez visiter et v\u00e9rifier notre politique de confidentialit\u00e9 de mani\u00e8re it\u00e9rative.<\/p><h3>Contact<\/h3><p>Si vous avez des questions, vous pouvez nous contacter en utilisant notre e-mail de contact pr\u00e9sent\u00e9 sur le Google Play Store ou sur notre site Web.<\/p>\t\t\t\t\t\t\t\t<\/div>\n\t\t\t\t<\/div>\n\t\t\t\t\t<\/div>\n\t\t\t\t<\/div>\n\t\t\t\t<\/div>\n\t\t","protected":false},"excerpt":{"rendered":"<p>Politique de confidentialit\u00e9 &#8211; Applications mobiles Nous prenons votre vie priv\u00e9e tr\u00e8s au s\u00e9rieux. Cette politique de confidentialit\u00e9 d\u00e9crit comment nous collectons et utilisons vos informations personnelles et non personnelles. Veuillez lire attentivement notre politique de confidentialit\u00e9 et contactez-nous si vous avez des questions ou des pr\u00e9occupations. Remarque\u00a0: Notre politique de confidentialit\u00e9 couvre l&rsquo;utilisation de [&hellip;]<\/p>\n","protected":false},"author":4,"featured_media":0,"parent":0,"menu_order":0,"comment_status":"closed","ping_status":"closed","template":"elementor_header_footer","meta":{"_acf_changed":false,"footnotes":""},"class_list":["post-10204","page","type-page","status-publish","hentry"],"acf":{"header_image":[1457],"header_image_links":""},"yoast_head":"<!-- This site is optimized with the Yoast SEO plugin v27.4 - https:\/\/yoast.com\/product\/yoast-seo-wordpress\/ -->\n<title>Politique de confidentialit\u00e9 - Applications mobiles - HumanWare<\/title>\n<meta name=\"robots\" content=\"index, follow, max-snippet:-1, max-image-preview:large, max-video-preview:-1\" \/>\n<link rel=\"canonical\" href=\"https:\/\/www.humanware.com\/fr\/privacy_policy_apps\/\" \/>\n<meta property=\"og:locale\" content=\"fr_FR\" \/>\n<meta property=\"og:type\" content=\"article\" \/>\n<meta property=\"og:title\" content=\"Politique de confidentialit\u00e9 - Applications mobiles - HumanWare\" \/>\n<meta property=\"og:description\" content=\"Politique de confidentialit\u00e9 &#8211; Applications mobiles Nous prenons votre vie priv\u00e9e tr\u00e8s au s\u00e9rieux. Cette politique de confidentialit\u00e9 d\u00e9crit comment nous collectons et utilisons vos informations personnelles et non personnelles. Veuillez lire attentivement notre politique de confidentialit\u00e9 et contactez-nous si vous avez des questions ou des pr\u00e9occupations. Remarque\u00a0: Notre politique de confidentialit\u00e9 couvre l&rsquo;utilisation de [&hellip;]\" \/>\n<meta property=\"og:url\" content=\"https:\/\/www.humanware.com\/fr\/privacy_policy_apps\/\" \/>\n<meta property=\"og:site_name\" content=\"HumanWare\" \/>\n<meta property=\"article:publisher\" content=\"https:\/\/www.facebook.com\/humanware\/\" \/>\n<meta property=\"article:modified_time\" content=\"2025-03-21T16:04:11+00:00\" \/>\n<meta property=\"og:image\" content=\"https:\/\/www.humanware.com\/wp-content\/uploads\/2024\/10\/HumanWare-see-things-differently.jpg\" \/>\n\t<meta property=\"og:image:width\" content=\"1200\" \/>\n\t<meta property=\"og:image:height\" content=\"628\" \/>\n\t<meta property=\"og:image:type\" content=\"image\/jpeg\" \/>\n<meta name=\"twitter:card\" content=\"summary_large_image\" \/>\n<meta name=\"twitter:label1\" content=\"Dur\u00e9e de lecture estim\u00e9e\" \/>\n\t<meta name=\"twitter:data1\" content=\"2 minutes\" \/>\n<script type=\"application\/ld+json\" class=\"yoast-schema-graph\">{\"@context\":\"https:\\\/\\\/schema.org\",\"@graph\":[{\"@type\":\"WebPage\",\"@id\":\"https:\\\/\\\/www.humanware.com\\\/fr\\\/privacy_policy_apps\\\/\",\"url\":\"https:\\\/\\\/www.humanware.com\\\/fr\\\/privacy_policy_apps\\\/\",\"name\":\"Politique de confidentialit\u00e9 - Applications mobiles - HumanWare\",\"isPartOf\":{\"@id\":\"https:\\\/\\\/www.humanware.com\\\/fr\\\/#website\"},\"datePublished\":\"2025-01-20T15:08:05+00:00\",\"dateModified\":\"2025-03-21T16:04:11+00:00\",\"breadcrumb\":{\"@id\":\"https:\\\/\\\/www.humanware.com\\\/fr\\\/privacy_policy_apps\\\/#breadcrumb\"},\"inLanguage\":\"fr-FR\",\"potentialAction\":[{\"@type\":\"ReadAction\",\"target\":[\"https:\\\/\\\/www.humanware.com\\\/fr\\\/privacy_policy_apps\\\/\"]}]},{\"@type\":\"BreadcrumbList\",\"@id\":\"https:\\\/\\\/www.humanware.com\\\/fr\\\/privacy_policy_apps\\\/#breadcrumb\",\"itemListElement\":[{\"@type\":\"ListItem\",\"position\":1,\"name\":\"Home\",\"item\":\"https:\\\/\\\/www.humanware.com\\\/fr\\\/\"},{\"@type\":\"ListItem\",\"position\":2,\"name\":\"Politique de confidentialit\u00e9 &#8211; Applications mobiles\"}]},{\"@type\":\"WebSite\",\"@id\":\"https:\\\/\\\/www.humanware.com\\\/fr\\\/#website\",\"url\":\"https:\\\/\\\/www.humanware.com\\\/fr\\\/\",\"name\":\"HumanWare\",\"description\":\"Solutions pour basse vision et c\u00e9cit\u00e9\",\"publisher\":{\"@id\":\"https:\\\/\\\/www.humanware.com\\\/fr\\\/#organization\"},\"potentialAction\":[{\"@type\":\"SearchAction\",\"target\":{\"@type\":\"EntryPoint\",\"urlTemplate\":\"https:\\\/\\\/www.humanware.com\\\/fr\\\/?s={search_term_string}\"},\"query-input\":{\"@type\":\"PropertyValueSpecification\",\"valueRequired\":true,\"valueName\":\"search_term_string\"}}],\"inLanguage\":\"fr-FR\"},{\"@type\":\"Organization\",\"@id\":\"https:\\\/\\\/www.humanware.com\\\/fr\\\/#organization\",\"name\":\"HumanWare\",\"url\":\"https:\\\/\\\/www.humanware.com\\\/fr\\\/\",\"logo\":{\"@type\":\"ImageObject\",\"inLanguage\":\"fr-FR\",\"@id\":\"https:\\\/\\\/www.humanware.com\\\/fr\\\/#\\\/schema\\\/logo\\\/image\\\/\",\"url\":\"https:\\\/\\\/www.humanware.com\\\/wp-content\\\/uploads\\\/2024\\\/12\\\/Logo-HW.jpg\",\"contentUrl\":\"https:\\\/\\\/www.humanware.com\\\/wp-content\\\/uploads\\\/2024\\\/12\\\/Logo-HW.jpg\",\"width\":1000,\"height\":667,\"caption\":\"HumanWare\"},\"image\":{\"@id\":\"https:\\\/\\\/www.humanware.com\\\/fr\\\/#\\\/schema\\\/logo\\\/image\\\/\"},\"sameAs\":[\"https:\\\/\\\/www.facebook.com\\\/humanware\\\/\",\"https:\\\/\\\/ca.linkedin.com\\\/company\\\/humanware\"]}]}<\/script>\n<!-- \/ Yoast SEO plugin. -->","yoast_head_json":{"title":"Politique de confidentialit\u00e9 - Applications mobiles - HumanWare","robots":{"index":"index","follow":"follow","max-snippet":"max-snippet:-1","max-image-preview":"max-image-preview:large","max-video-preview":"max-video-preview:-1"},"canonical":"https:\/\/www.humanware.com\/fr\/privacy_policy_apps\/","og_locale":"fr_FR","og_type":"article","og_title":"Politique de confidentialit\u00e9 - Applications mobiles - HumanWare","og_description":"Politique de confidentialit\u00e9 &#8211; Applications mobiles Nous prenons votre vie priv\u00e9e tr\u00e8s au s\u00e9rieux. Cette politique de confidentialit\u00e9 d\u00e9crit comment nous collectons et utilisons vos informations personnelles et non personnelles. Veuillez lire attentivement notre politique de confidentialit\u00e9 et contactez-nous si vous avez des questions ou des pr\u00e9occupations. Remarque\u00a0: Notre politique de confidentialit\u00e9 couvre l&rsquo;utilisation de [&hellip;]","og_url":"https:\/\/www.humanware.com\/fr\/privacy_policy_apps\/","og_site_name":"HumanWare","article_publisher":"https:\/\/www.facebook.com\/humanware\/","article_modified_time":"2025-03-21T16:04:11+00:00","og_image":[{"width":1200,"height":628,"url":"https:\/\/www.humanware.com\/wp-content\/uploads\/2024\/10\/HumanWare-see-things-differently.jpg","type":"image\/jpeg"}],"twitter_card":"summary_large_image","twitter_misc":{"Dur\u00e9e de lecture estim\u00e9e":"2 minutes"},"schema":{"@context":"https:\/\/schema.org","@graph":[{"@type":"WebPage","@id":"https:\/\/www.humanware.com\/fr\/privacy_policy_apps\/","url":"https:\/\/www.humanware.com\/fr\/privacy_policy_apps\/","name":"Politique de confidentialit\u00e9 - Applications mobiles - HumanWare","isPartOf":{"@id":"https:\/\/www.humanware.com\/fr\/#website"},"datePublished":"2025-01-20T15:08:05+00:00","dateModified":"2025-03-21T16:04:11+00:00","breadcrumb":{"@id":"https:\/\/www.humanware.com\/fr\/privacy_policy_apps\/#breadcrumb"},"inLanguage":"fr-FR","potentialAction":[{"@type":"ReadAction","target":["https:\/\/www.humanware.com\/fr\/privacy_policy_apps\/"]}]},{"@type":"BreadcrumbList","@id":"https:\/\/www.humanware.com\/fr\/privacy_policy_apps\/#breadcrumb","itemListElement":[{"@type":"ListItem","position":1,"name":"Home","item":"https:\/\/www.humanware.com\/fr\/"},{"@type":"ListItem","position":2,"name":"Politique de confidentialit\u00e9 &#8211; Applications mobiles"}]},{"@type":"WebSite","@id":"https:\/\/www.humanware.com\/fr\/#website","url":"https:\/\/www.humanware.com\/fr\/","name":"HumanWare","description":"Solutions pour basse vision et c\u00e9cit\u00e9","publisher":{"@id":"https:\/\/www.humanware.com\/fr\/#organization"},"potentialAction":[{"@type":"SearchAction","target":{"@type":"EntryPoint","urlTemplate":"https:\/\/www.humanware.com\/fr\/?s={search_term_string}"},"query-input":{"@type":"PropertyValueSpecification","valueRequired":true,"valueName":"search_term_string"}}],"inLanguage":"fr-FR"},{"@type":"Organization","@id":"https:\/\/www.humanware.com\/fr\/#organization","name":"HumanWare","url":"https:\/\/www.humanware.com\/fr\/","logo":{"@type":"ImageObject","inLanguage":"fr-FR","@id":"https:\/\/www.humanware.com\/fr\/#\/schema\/logo\/image\/","url":"https:\/\/www.humanware.com\/wp-content\/uploads\/2024\/12\/Logo-HW.jpg","contentUrl":"https:\/\/www.humanware.com\/wp-content\/uploads\/2024\/12\/Logo-HW.jpg","width":1000,"height":667,"caption":"HumanWare"},"image":{"@id":"https:\/\/www.humanware.com\/fr\/#\/schema\/logo\/image\/"},"sameAs":["https:\/\/www.facebook.com\/humanware\/","https:\/\/ca.linkedin.com\/company\/humanware"]}]}},"_links":{"self":[{"href":"https:\/\/www.humanware.com\/fr\/wp-json\/wp\/v2\/pages\/10204","targetHints":{"allow":["GET"]}}],"collection":[{"href":"https:\/\/www.humanware.com\/fr\/wp-json\/wp\/v2\/pages"}],"about":[{"href":"https:\/\/www.humanware.com\/fr\/wp-json\/wp\/v2\/types\/page"}],"author":[{"embeddable":true,"href":"https:\/\/www.humanware.com\/fr\/wp-json\/wp\/v2\/users\/4"}],"replies":[{"embeddable":true,"href":"https:\/\/www.humanware.com\/fr\/wp-json\/wp\/v2\/comments?post=10204"}],"version-history":[{"count":10,"href":"https:\/\/www.humanware.com\/fr\/wp-json\/wp\/v2\/pages\/10204\/revisions"}],"predecessor-version":[{"id":11490,"href":"https:\/\/www.humanware.com\/fr\/wp-json\/wp\/v2\/pages\/10204\/revisions\/11490"}],"acf:attachment":[{"embeddable":true,"href":"https:\/\/www.humanware.com\/fr\/wp-json\/wp\/v2\/media\/1457"}],"wp:attachment":[{"href":"https:\/\/www.humanware.com\/fr\/wp-json\/wp\/v2\/media?parent=10204"}],"curies":[{"name":"wp","href":"https:\/\/api.w.org\/{rel}","templated":true}]}}