{"id":11830,"date":"2025-04-04T11:52:05","date_gmt":"2025-04-04T15:52:05","guid":{"rendered":"https:\/\/www.humanware.com\/?page_id=11830"},"modified":"2025-05-02T08:36:13","modified_gmt":"2025-05-02T12:36:13","slug":"prodigi-windows-trial-success","status":"publish","type":"page","link":"https:\/\/www.humanware.com\/fr\/prodigi-windows-trial-success\/","title":{"rendered":"Succ\u00e8s de l\u2019essai de Prodigi pour windows"},"content":{"rendered":"\t\t<div data-elementor-type=\"wp-page\" data-elementor-id=\"11830\" class=\"elementor elementor-11830\" data-elementor-post-type=\"page\">\n\t\t\t\t<div class=\"elementor-element elementor-element-4d8acf5 e-flex e-con-boxed e-con e-parent\" data-id=\"4d8acf5\" data-element_type=\"container\" data-e-type=\"container\">\n\t\t\t\t\t<div class=\"e-con-inner\">\n\t\t\t\t<div class=\"elementor-element elementor-element-4f7bfe2 elementor-widget elementor-widget-image\" data-id=\"4f7bfe2\" data-element_type=\"widget\" data-e-type=\"widget\" data-widget_type=\"image.default\">\n\t\t\t\t<div class=\"elementor-widget-container\">\n\t\t\t\t\t\t\t\t\t\t\t\t\t\t\t<img loading=\"lazy\" decoding=\"async\" width=\"800\" height=\"213\" src=\"https:\/\/www.humanware.com\/wp-content\/uploads\/2025\/04\/Prodigi-Soft-Noir-FR-1024x272.png\" class=\"attachment-large size-large wp-image-12525\" alt=\"Les loupes \u00e9lectroniques de la gamme explor\u00e9, mettant en avant le slogan &quot;Voyez plus, Voyez mieux.&quot;\" srcset=\"https:\/\/www.humanware.com\/wp-content\/uploads\/2025\/04\/Prodigi-Soft-Noir-FR-1024x272.png 1024w, https:\/\/www.humanware.com\/wp-content\/uploads\/2025\/04\/Prodigi-Soft-Noir-FR-300x80.png 300w, https:\/\/www.humanware.com\/wp-content\/uploads\/2025\/04\/Prodigi-Soft-Noir-FR-768x204.png 768w, https:\/\/www.humanware.com\/wp-content\/uploads\/2025\/04\/Prodigi-Soft-Noir-FR-1536x408.png 1536w, https:\/\/www.humanware.com\/wp-content\/uploads\/2025\/04\/Prodigi-Soft-Noir-FR.png 1860w\" sizes=\"auto, (max-width: 800px) 100vw, 800px\" \/>\t\t\t\t\t\t\t\t\t\t\t\t\t\t\t<\/div>\n\t\t\t\t<\/div>\n\t\t\t\t<div class=\"elementor-element elementor-element-aee39da elementor-widget elementor-widget-heading\" data-id=\"aee39da\" data-element_type=\"widget\" data-e-type=\"widget\" data-widget_type=\"heading.default\">\n\t\t\t\t<div class=\"elementor-widget-container\">\n\t\t\t\t\t<h2 class=\"elementor-heading-title elementor-size-default\">Merci de participer au d\u00e9fi Prodigi de 14 jours!<\/h2>\t\t\t\t<\/div>\n\t\t\t\t<\/div>\n\t\t\t\t<div class=\"elementor-element elementor-element-8863393 elementor-widget elementor-widget-heading\" data-id=\"8863393\" data-element_type=\"widget\" data-e-type=\"widget\" data-widget_type=\"heading.default\">\n\t\t\t\t<div class=\"elementor-widget-container\">\n\t\t\t\t\t<p class=\"elementor-heading-title elementor-size-default\">V\u00e9rifiez votre bo\u00eete de r\u00e9ception pour obtenir votre lien de t\u00e9l\u00e9chargement<\/p>\t\t\t\t<\/div>\n\t\t\t\t<\/div>\n\t\t\t\t\t<\/div>\n\t\t\t\t<\/div>\n\t\t\t\t<\/div>\n\t\t","protected":false},"excerpt":{"rendered":"<p>Merci de participer au d\u00e9fi Prodigi de 14 jours! V\u00e9rifiez votre bo\u00eete de r\u00e9ception pour obtenir votre lien de t\u00e9l\u00e9chargement<\/p>\n","protected":false},"author":5,"featured_media":0,"parent":0,"menu_order":0,"comment_status":"closed","ping_status":"closed","template":"","meta":{"_acf_changed":false,"footnotes":""},"class_list":["post-11830","page","type-page","status-publish","hentry"],"acf":{"header_image":null,"header_image_links":""},"yoast_head":"<!-- This site is optimized with the Yoast SEO plugin v27.2 - https:\/\/yoast.com\/product\/yoast-seo-wordpress\/ -->\n<title>Succ\u00e8s de l\u2019essai de Prodigi pour windows - HumanWare<\/title>\n<meta name=\"description\" content=\"Merci de participer au d\u00e9fi Prodigi de 14 jours! V\u00e9rifiez votre bo\u00eete de r\u00e9ception pour obtenir votre lien de t\u00e9l\u00e9chargement\" \/>\n<meta name=\"robots\" content=\"index, follow, max-snippet:-1, max-image-preview:large, max-video-preview:-1\" \/>\n<link rel=\"canonical\" href=\"https:\/\/www.humanware.com\/fr\/prodigi-windows-trial-success\/\" \/>\n<meta property=\"og:locale\" content=\"fr_FR\" \/>\n<meta property=\"og:type\" content=\"article\" \/>\n<meta property=\"og:title\" content=\"Succ\u00e8s de l\u2019essai de Prodigi pour windows - HumanWare\" \/>\n<meta property=\"og:description\" content=\"Merci de participer au d\u00e9fi Prodigi de 14 jours! V\u00e9rifiez votre bo\u00eete de r\u00e9ception pour obtenir votre lien de t\u00e9l\u00e9chargement\" \/>\n<meta property=\"og:url\" content=\"https:\/\/www.humanware.com\/fr\/prodigi-windows-trial-success\/\" \/>\n<meta property=\"og:site_name\" content=\"HumanWare\" \/>\n<meta property=\"article:publisher\" content=\"https:\/\/www.facebook.com\/humanware\/\" \/>\n<meta property=\"article:modified_time\" content=\"2025-05-02T12:36:13+00:00\" \/>\n<meta property=\"og:image\" content=\"https:\/\/www.humanware.com\/wp-content\/uploads\/2025\/04\/Prodigi-Soft-Noir-FR-1024x272.png\" \/>\n<meta name=\"twitter:card\" content=\"summary_large_image\" \/>\n<meta name=\"twitter:label1\" content=\"Dur\u00e9e de lecture estim\u00e9e\" \/>\n\t<meta name=\"twitter:data1\" content=\"1 minute\" \/>\n<script type=\"application\/ld+json\" class=\"yoast-schema-graph\">{\"@context\":\"https:\/\/schema.org\",\"@graph\":[{\"@type\":\"WebPage\",\"@id\":\"https:\/\/www.humanware.com\/fr\/prodigi-windows-trial-success\/\",\"url\":\"https:\/\/www.humanware.com\/fr\/prodigi-windows-trial-success\/\",\"name\":\"Succ\u00e8s de l\u2019essai de Prodigi pour windows - HumanWare\",\"isPartOf\":{\"@id\":\"https:\/\/www.humanware.com\/fr\/#website\"},\"primaryImageOfPage\":{\"@id\":\"https:\/\/www.humanware.com\/fr\/prodigi-windows-trial-success\/#primaryimage\"},\"image\":{\"@id\":\"https:\/\/www.humanware.com\/fr\/prodigi-windows-trial-success\/#primaryimage\"},\"thumbnailUrl\":\"https:\/\/www.humanware.com\/wp-content\/uploads\/2025\/04\/Prodigi-Soft-Noir-FR-1024x272.png\",\"datePublished\":\"2025-04-04T15:52:05+00:00\",\"dateModified\":\"2025-05-02T12:36:13+00:00\",\"description\":\"Merci de participer au d\u00e9fi Prodigi de 14 jours! V\u00e9rifiez votre bo\u00eete de r\u00e9ception pour obtenir votre lien de t\u00e9l\u00e9chargement\",\"breadcrumb\":{\"@id\":\"https:\/\/www.humanware.com\/fr\/prodigi-windows-trial-success\/#breadcrumb\"},\"inLanguage\":\"fr-FR\",\"potentialAction\":[{\"@type\":\"ReadAction\",\"target\":[\"https:\/\/www.humanware.com\/fr\/prodigi-windows-trial-success\/\"]}]},{\"@type\":\"ImageObject\",\"inLanguage\":\"fr-FR\",\"@id\":\"https:\/\/www.humanware.com\/fr\/prodigi-windows-trial-success\/#primaryimage\",\"url\":\"https:\/\/www.humanware.com\/wp-content\/uploads\/2025\/04\/Prodigi-Soft-Noir-FR-1024x272.png\",\"contentUrl\":\"https:\/\/www.humanware.com\/wp-content\/uploads\/2025\/04\/Prodigi-Soft-Noir-FR-1024x272.png\"},{\"@type\":\"BreadcrumbList\",\"@id\":\"https:\/\/www.humanware.com\/fr\/prodigi-windows-trial-success\/#breadcrumb\",\"itemListElement\":[{\"@type\":\"ListItem\",\"position\":1,\"name\":\"Home\",\"item\":\"https:\/\/www.humanware.com\/fr\/\"},{\"@type\":\"ListItem\",\"position\":2,\"name\":\"Succ\u00e8s de l\u2019essai de Prodigi pour windows\"}]},{\"@type\":\"WebSite\",\"@id\":\"https:\/\/www.humanware.com\/fr\/#website\",\"url\":\"https:\/\/www.humanware.com\/fr\/\",\"name\":\"HumanWare\",\"description\":\"Solutions pour basse vision et c\u00e9cit\u00e9\",\"publisher\":{\"@id\":\"https:\/\/www.humanware.com\/fr\/#organization\"},\"potentialAction\":[{\"@type\":\"SearchAction\",\"target\":{\"@type\":\"EntryPoint\",\"urlTemplate\":\"https:\/\/www.humanware.com\/fr\/?s={search_term_string}\"},\"query-input\":{\"@type\":\"PropertyValueSpecification\",\"valueRequired\":true,\"valueName\":\"search_term_string\"}}],\"inLanguage\":\"fr-FR\"},{\"@type\":\"Organization\",\"@id\":\"https:\/\/www.humanware.com\/fr\/#organization\",\"name\":\"HumanWare\",\"url\":\"https:\/\/www.humanware.com\/fr\/\",\"logo\":{\"@type\":\"ImageObject\",\"inLanguage\":\"fr-FR\",\"@id\":\"https:\/\/www.humanware.com\/fr\/#\/schema\/logo\/image\/\",\"url\":\"https:\/\/www.humanware.com\/wp-content\/uploads\/2024\/12\/Logo-HW.jpg\",\"contentUrl\":\"https:\/\/www.humanware.com\/wp-content\/uploads\/2024\/12\/Logo-HW.jpg\",\"width\":1000,\"height\":667,\"caption\":\"HumanWare\"},\"image\":{\"@id\":\"https:\/\/www.humanware.com\/fr\/#\/schema\/logo\/image\/\"},\"sameAs\":[\"https:\/\/www.facebook.com\/humanware\/\",\"https:\/\/ca.linkedin.com\/company\/humanware\"]}]}<\/script>\n<!-- \/ Yoast SEO plugin. -->","yoast_head_json":{"title":"Succ\u00e8s de l\u2019essai de Prodigi pour windows - HumanWare","description":"Merci de participer au d\u00e9fi Prodigi de 14 jours! V\u00e9rifiez votre bo\u00eete de r\u00e9ception pour obtenir votre lien de t\u00e9l\u00e9chargement","robots":{"index":"index","follow":"follow","max-snippet":"max-snippet:-1","max-image-preview":"max-image-preview:large","max-video-preview":"max-video-preview:-1"},"canonical":"https:\/\/www.humanware.com\/fr\/prodigi-windows-trial-success\/","og_locale":"fr_FR","og_type":"article","og_title":"Succ\u00e8s de l\u2019essai de Prodigi pour windows - HumanWare","og_description":"Merci de participer au d\u00e9fi Prodigi de 14 jours! V\u00e9rifiez votre bo\u00eete de r\u00e9ception pour obtenir votre lien de t\u00e9l\u00e9chargement","og_url":"https:\/\/www.humanware.com\/fr\/prodigi-windows-trial-success\/","og_site_name":"HumanWare","article_publisher":"https:\/\/www.facebook.com\/humanware\/","article_modified_time":"2025-05-02T12:36:13+00:00","og_image":[{"url":"https:\/\/www.humanware.com\/wp-content\/uploads\/2025\/04\/Prodigi-Soft-Noir-FR-1024x272.png","type":"","width":"","height":""}],"twitter_card":"summary_large_image","twitter_misc":{"Dur\u00e9e de lecture estim\u00e9e":"1 minute"},"schema":{"@context":"https:\/\/schema.org","@graph":[{"@type":"WebPage","@id":"https:\/\/www.humanware.com\/fr\/prodigi-windows-trial-success\/","url":"https:\/\/www.humanware.com\/fr\/prodigi-windows-trial-success\/","name":"Succ\u00e8s de l\u2019essai de Prodigi pour windows - HumanWare","isPartOf":{"@id":"https:\/\/www.humanware.com\/fr\/#website"},"primaryImageOfPage":{"@id":"https:\/\/www.humanware.com\/fr\/prodigi-windows-trial-success\/#primaryimage"},"image":{"@id":"https:\/\/www.humanware.com\/fr\/prodigi-windows-trial-success\/#primaryimage"},"thumbnailUrl":"https:\/\/www.humanware.com\/wp-content\/uploads\/2025\/04\/Prodigi-Soft-Noir-FR-1024x272.png","datePublished":"2025-04-04T15:52:05+00:00","dateModified":"2025-05-02T12:36:13+00:00","description":"Merci de participer au d\u00e9fi Prodigi de 14 jours! V\u00e9rifiez votre bo\u00eete de r\u00e9ception pour obtenir votre lien de t\u00e9l\u00e9chargement","breadcrumb":{"@id":"https:\/\/www.humanware.com\/fr\/prodigi-windows-trial-success\/#breadcrumb"},"inLanguage":"fr-FR","potentialAction":[{"@type":"ReadAction","target":["https:\/\/www.humanware.com\/fr\/prodigi-windows-trial-success\/"]}]},{"@type":"ImageObject","inLanguage":"fr-FR","@id":"https:\/\/www.humanware.com\/fr\/prodigi-windows-trial-success\/#primaryimage","url":"https:\/\/www.humanware.com\/wp-content\/uploads\/2025\/04\/Prodigi-Soft-Noir-FR-1024x272.png","contentUrl":"https:\/\/www.humanware.com\/wp-content\/uploads\/2025\/04\/Prodigi-Soft-Noir-FR-1024x272.png"},{"@type":"BreadcrumbList","@id":"https:\/\/www.humanware.com\/fr\/prodigi-windows-trial-success\/#breadcrumb","itemListElement":[{"@type":"ListItem","position":1,"name":"Home","item":"https:\/\/www.humanware.com\/fr\/"},{"@type":"ListItem","position":2,"name":"Succ\u00e8s de l\u2019essai de Prodigi pour windows"}]},{"@type":"WebSite","@id":"https:\/\/www.humanware.com\/fr\/#website","url":"https:\/\/www.humanware.com\/fr\/","name":"HumanWare","description":"Solutions pour basse vision et c\u00e9cit\u00e9","publisher":{"@id":"https:\/\/www.humanware.com\/fr\/#organization"},"potentialAction":[{"@type":"SearchAction","target":{"@type":"EntryPoint","urlTemplate":"https:\/\/www.humanware.com\/fr\/?s={search_term_string}"},"query-input":{"@type":"PropertyValueSpecification","valueRequired":true,"valueName":"search_term_string"}}],"inLanguage":"fr-FR"},{"@type":"Organization","@id":"https:\/\/www.humanware.com\/fr\/#organization","name":"HumanWare","url":"https:\/\/www.humanware.com\/fr\/","logo":{"@type":"ImageObject","inLanguage":"fr-FR","@id":"https:\/\/www.humanware.com\/fr\/#\/schema\/logo\/image\/","url":"https:\/\/www.humanware.com\/wp-content\/uploads\/2024\/12\/Logo-HW.jpg","contentUrl":"https:\/\/www.humanware.com\/wp-content\/uploads\/2024\/12\/Logo-HW.jpg","width":1000,"height":667,"caption":"HumanWare"},"image":{"@id":"https:\/\/www.humanware.com\/fr\/#\/schema\/logo\/image\/"},"sameAs":["https:\/\/www.facebook.com\/humanware\/","https:\/\/ca.linkedin.com\/company\/humanware"]}]}},"_links":{"self":[{"href":"https:\/\/www.humanware.com\/fr\/wp-json\/wp\/v2\/pages\/11830","targetHints":{"allow":["GET"]}}],"collection":[{"href":"https:\/\/www.humanware.com\/fr\/wp-json\/wp\/v2\/pages"}],"about":[{"href":"https:\/\/www.humanware.com\/fr\/wp-json\/wp\/v2\/types\/page"}],"author":[{"embeddable":true,"href":"https:\/\/www.humanware.com\/fr\/wp-json\/wp\/v2\/users\/5"}],"replies":[{"embeddable":true,"href":"https:\/\/www.humanware.com\/fr\/wp-json\/wp\/v2\/comments?post=11830"}],"version-history":[{"count":38,"href":"https:\/\/www.humanware.com\/fr\/wp-json\/wp\/v2\/pages\/11830\/revisions"}],"predecessor-version":[{"id":12592,"href":"https:\/\/www.humanware.com\/fr\/wp-json\/wp\/v2\/pages\/11830\/revisions\/12592"}],"wp:attachment":[{"href":"https:\/\/www.humanware.com\/fr\/wp-json\/wp\/v2\/media?parent=11830"}],"curies":[{"name":"wp","href":"https:\/\/api.w.org\/{rel}","templated":true}]}}