{"id":20357,"date":"2026-03-16T11:12:30","date_gmt":"2026-03-16T15:12:30","guid":{"rendered":"https:\/\/www.humanware.com\/?page_id=20357"},"modified":"2026-03-16T11:38:48","modified_gmt":"2026-03-16T15:38:48","slug":"confirmation-bursary-application","status":"publish","type":"page","link":"https:\/\/www.humanware.com\/fr\/confirmation-bursary-application\/","title":{"rendered":"Confirmation de candidature : Bourse HumanWare Jim Halliday 2026"},"content":{"rendered":"\t\t<div data-elementor-type=\"wp-page\" data-elementor-id=\"20357\" class=\"elementor elementor-20357 elementor-20351\" data-elementor-post-type=\"page\">\n\t\t\t\t<div class=\"elementor-element elementor-element-7b97a6f e-flex e-con-boxed e-con e-parent\" data-id=\"7b97a6f\" data-element_type=\"container\" data-e-type=\"container\">\n\t\t\t\t\t<div class=\"e-con-inner\">\n\t\t\t\t<div class=\"elementor-element elementor-element-e71721f elementor-widget elementor-widget-image\" data-id=\"e71721f\" data-element_type=\"widget\" data-e-type=\"widget\" data-widget_type=\"image.default\">\n\t\t\t\t<div class=\"elementor-widget-container\">\n\t\t\t\t\t\t\t\t\t\t\t\t\t\t\t<img loading=\"lazy\" decoding=\"async\" width=\"800\" height=\"363\" src=\"https:\/\/www.humanware.com\/wp-content\/uploads\/2025\/11\/scholarship-1-FR-1024x465.jpg\" class=\"attachment-large size-large wp-image-17527\" alt=\"Deux enfants c\u00e9l\u00e9brant une bourse d\u2019innovation pour l\u2019\u00e9ducation inclusive.\" srcset=\"https:\/\/www.humanware.com\/wp-content\/uploads\/2025\/11\/scholarship-1-FR-1024x465.jpg 1024w, https:\/\/www.humanware.com\/wp-content\/uploads\/2025\/11\/scholarship-1-FR-300x136.jpg 300w, https:\/\/www.humanware.com\/wp-content\/uploads\/2025\/11\/scholarship-1-FR-768x349.jpg 768w, https:\/\/www.humanware.com\/wp-content\/uploads\/2025\/11\/scholarship-1-FR.jpg 1100w\" sizes=\"auto, (max-width: 800px) 100vw, 800px\" \/>\t\t\t\t\t\t\t\t\t\t\t\t\t\t\t<\/div>\n\t\t\t\t<\/div>\n\t\t\t\t<div class=\"elementor-element elementor-element-8854c72 elementor-widget elementor-widget-text-editor\" data-id=\"8854c72\" data-element_type=\"widget\" data-e-type=\"widget\" data-widget_type=\"text-editor.default\">\n\t\t\t\t<div class=\"elementor-widget-container\">\n\t\t\t\t\t\t\t\t\t<p>Merci, votre candidature pour la Bourse HumanWare Jim Halliday 2026 a \u00e9t\u00e9 soumise avec succ\u00e8s.<\/p>\t\t\t\t\t\t\t\t<\/div>\n\t\t\t\t<\/div>\n\t\t\t\t\t<\/div>\n\t\t\t\t<\/div>\n\t\t\t\t<\/div>\n\t\t","protected":false},"excerpt":{"rendered":"<p>Merci, votre candidature pour la Bourse HumanWare Jim Halliday 2026 a \u00e9t\u00e9 soumise avec succ\u00e8s.<\/p>\n","protected":false},"author":5,"featured_media":0,"parent":0,"menu_order":0,"comment_status":"closed","ping_status":"closed","template":"","meta":{"_acf_changed":false,"footnotes":""},"class_list":["post-20357","page","type-page","status-publish","hentry"],"acf":{"header_image":null,"header_image_links":""},"yoast_head":"<!-- This site is optimized with the Yoast SEO plugin v27.4 - https:\/\/yoast.com\/product\/yoast-seo-wordpress\/ -->\n<title>Confirmation de candidature : Bourse HumanWare Jim Halliday 2026 - HumanWare<\/title>\n<meta name=\"robots\" content=\"index, follow, max-snippet:-1, max-image-preview:large, max-video-preview:-1\" \/>\n<link rel=\"canonical\" href=\"https:\/\/www.humanware.com\/fr\/confirmation-bursary-application\/\" \/>\n<meta property=\"og:locale\" content=\"fr_FR\" \/>\n<meta property=\"og:type\" content=\"article\" \/>\n<meta property=\"og:title\" content=\"Confirmation de candidature : Bourse HumanWare Jim Halliday 2026 - HumanWare\" \/>\n<meta property=\"og:description\" content=\"Merci, votre candidature pour la Bourse HumanWare Jim Halliday 2026 a \u00e9t\u00e9 soumise avec succ\u00e8s.\" \/>\n<meta property=\"og:url\" content=\"https:\/\/www.humanware.com\/fr\/confirmation-bursary-application\/\" \/>\n<meta property=\"og:site_name\" content=\"HumanWare\" \/>\n<meta property=\"article:publisher\" content=\"https:\/\/www.facebook.com\/humanware\/\" \/>\n<meta property=\"article:modified_time\" content=\"2026-03-16T15:38:48+00:00\" \/>\n<meta property=\"og:image\" content=\"https:\/\/www.humanware.com\/wp-content\/uploads\/2025\/11\/scholarship-1-FR.jpg\" \/>\n\t<meta property=\"og:image:width\" content=\"1100\" \/>\n\t<meta property=\"og:image:height\" content=\"500\" \/>\n\t<meta property=\"og:image:type\" content=\"image\/jpeg\" \/>\n<meta name=\"twitter:card\" content=\"summary_large_image\" \/>\n<meta name=\"twitter:label1\" content=\"Dur\u00e9e de lecture estim\u00e9e\" \/>\n\t<meta name=\"twitter:data1\" content=\"1 minute\" \/>\n<script type=\"application\/ld+json\" class=\"yoast-schema-graph\">{\"@context\":\"https:\\\/\\\/schema.org\",\"@graph\":[{\"@type\":\"WebPage\",\"@id\":\"https:\\\/\\\/www.humanware.com\\\/fr\\\/confirmation-bursary-application\\\/\",\"url\":\"https:\\\/\\\/www.humanware.com\\\/fr\\\/confirmation-bursary-application\\\/\",\"name\":\"Confirmation de candidature : Bourse HumanWare Jim Halliday 2026 - HumanWare\",\"isPartOf\":{\"@id\":\"https:\\\/\\\/www.humanware.com\\\/fr\\\/#website\"},\"primaryImageOfPage\":{\"@id\":\"https:\\\/\\\/www.humanware.com\\\/fr\\\/confirmation-bursary-application\\\/#primaryimage\"},\"image\":{\"@id\":\"https:\\\/\\\/www.humanware.com\\\/fr\\\/confirmation-bursary-application\\\/#primaryimage\"},\"thumbnailUrl\":\"https:\\\/\\\/www.humanware.com\\\/wp-content\\\/uploads\\\/2025\\\/11\\\/scholarship-1-FR-1024x465.jpg\",\"datePublished\":\"2026-03-16T15:12:30+00:00\",\"dateModified\":\"2026-03-16T15:38:48+00:00\",\"breadcrumb\":{\"@id\":\"https:\\\/\\\/www.humanware.com\\\/fr\\\/confirmation-bursary-application\\\/#breadcrumb\"},\"inLanguage\":\"fr-FR\",\"potentialAction\":[{\"@type\":\"ReadAction\",\"target\":[\"https:\\\/\\\/www.humanware.com\\\/fr\\\/confirmation-bursary-application\\\/\"]}]},{\"@type\":\"ImageObject\",\"inLanguage\":\"fr-FR\",\"@id\":\"https:\\\/\\\/www.humanware.com\\\/fr\\\/confirmation-bursary-application\\\/#primaryimage\",\"url\":\"https:\\\/\\\/www.humanware.com\\\/wp-content\\\/uploads\\\/2025\\\/11\\\/scholarship-1-FR-1024x465.jpg\",\"contentUrl\":\"https:\\\/\\\/www.humanware.com\\\/wp-content\\\/uploads\\\/2025\\\/11\\\/scholarship-1-FR-1024x465.jpg\"},{\"@type\":\"BreadcrumbList\",\"@id\":\"https:\\\/\\\/www.humanware.com\\\/fr\\\/confirmation-bursary-application\\\/#breadcrumb\",\"itemListElement\":[{\"@type\":\"ListItem\",\"position\":1,\"name\":\"Home\",\"item\":\"https:\\\/\\\/www.humanware.com\\\/fr\\\/\"},{\"@type\":\"ListItem\",\"position\":2,\"name\":\"Confirmation de candidature : Bourse HumanWare Jim Halliday 2026\"}]},{\"@type\":\"WebSite\",\"@id\":\"https:\\\/\\\/www.humanware.com\\\/fr\\\/#website\",\"url\":\"https:\\\/\\\/www.humanware.com\\\/fr\\\/\",\"name\":\"HumanWare\",\"description\":\"Solutions pour basse vision et c\u00e9cit\u00e9\",\"publisher\":{\"@id\":\"https:\\\/\\\/www.humanware.com\\\/fr\\\/#organization\"},\"potentialAction\":[{\"@type\":\"SearchAction\",\"target\":{\"@type\":\"EntryPoint\",\"urlTemplate\":\"https:\\\/\\\/www.humanware.com\\\/fr\\\/?s={search_term_string}\"},\"query-input\":{\"@type\":\"PropertyValueSpecification\",\"valueRequired\":true,\"valueName\":\"search_term_string\"}}],\"inLanguage\":\"fr-FR\"},{\"@type\":\"Organization\",\"@id\":\"https:\\\/\\\/www.humanware.com\\\/fr\\\/#organization\",\"name\":\"HumanWare\",\"url\":\"https:\\\/\\\/www.humanware.com\\\/fr\\\/\",\"logo\":{\"@type\":\"ImageObject\",\"inLanguage\":\"fr-FR\",\"@id\":\"https:\\\/\\\/www.humanware.com\\\/fr\\\/#\\\/schema\\\/logo\\\/image\\\/\",\"url\":\"https:\\\/\\\/www.humanware.com\\\/wp-content\\\/uploads\\\/2024\\\/12\\\/Logo-HW.jpg\",\"contentUrl\":\"https:\\\/\\\/www.humanware.com\\\/wp-content\\\/uploads\\\/2024\\\/12\\\/Logo-HW.jpg\",\"width\":1000,\"height\":667,\"caption\":\"HumanWare\"},\"image\":{\"@id\":\"https:\\\/\\\/www.humanware.com\\\/fr\\\/#\\\/schema\\\/logo\\\/image\\\/\"},\"sameAs\":[\"https:\\\/\\\/www.facebook.com\\\/humanware\\\/\",\"https:\\\/\\\/ca.linkedin.com\\\/company\\\/humanware\"]}]}<\/script>\n<!-- \/ Yoast SEO plugin. -->","yoast_head_json":{"title":"Confirmation de candidature : Bourse HumanWare Jim Halliday 2026 - HumanWare","robots":{"index":"index","follow":"follow","max-snippet":"max-snippet:-1","max-image-preview":"max-image-preview:large","max-video-preview":"max-video-preview:-1"},"canonical":"https:\/\/www.humanware.com\/fr\/confirmation-bursary-application\/","og_locale":"fr_FR","og_type":"article","og_title":"Confirmation de candidature : Bourse HumanWare Jim Halliday 2026 - HumanWare","og_description":"Merci, votre candidature pour la Bourse HumanWare Jim Halliday 2026 a \u00e9t\u00e9 soumise avec succ\u00e8s.","og_url":"https:\/\/www.humanware.com\/fr\/confirmation-bursary-application\/","og_site_name":"HumanWare","article_publisher":"https:\/\/www.facebook.com\/humanware\/","article_modified_time":"2026-03-16T15:38:48+00:00","og_image":[{"width":1100,"height":500,"url":"https:\/\/www.humanware.com\/wp-content\/uploads\/2025\/11\/scholarship-1-FR.jpg","type":"image\/jpeg"}],"twitter_card":"summary_large_image","twitter_misc":{"Dur\u00e9e de lecture estim\u00e9e":"1 minute"},"schema":{"@context":"https:\/\/schema.org","@graph":[{"@type":"WebPage","@id":"https:\/\/www.humanware.com\/fr\/confirmation-bursary-application\/","url":"https:\/\/www.humanware.com\/fr\/confirmation-bursary-application\/","name":"Confirmation de candidature : Bourse HumanWare Jim Halliday 2026 - HumanWare","isPartOf":{"@id":"https:\/\/www.humanware.com\/fr\/#website"},"primaryImageOfPage":{"@id":"https:\/\/www.humanware.com\/fr\/confirmation-bursary-application\/#primaryimage"},"image":{"@id":"https:\/\/www.humanware.com\/fr\/confirmation-bursary-application\/#primaryimage"},"thumbnailUrl":"https:\/\/www.humanware.com\/wp-content\/uploads\/2025\/11\/scholarship-1-FR-1024x465.jpg","datePublished":"2026-03-16T15:12:30+00:00","dateModified":"2026-03-16T15:38:48+00:00","breadcrumb":{"@id":"https:\/\/www.humanware.com\/fr\/confirmation-bursary-application\/#breadcrumb"},"inLanguage":"fr-FR","potentialAction":[{"@type":"ReadAction","target":["https:\/\/www.humanware.com\/fr\/confirmation-bursary-application\/"]}]},{"@type":"ImageObject","inLanguage":"fr-FR","@id":"https:\/\/www.humanware.com\/fr\/confirmation-bursary-application\/#primaryimage","url":"https:\/\/www.humanware.com\/wp-content\/uploads\/2025\/11\/scholarship-1-FR-1024x465.jpg","contentUrl":"https:\/\/www.humanware.com\/wp-content\/uploads\/2025\/11\/scholarship-1-FR-1024x465.jpg"},{"@type":"BreadcrumbList","@id":"https:\/\/www.humanware.com\/fr\/confirmation-bursary-application\/#breadcrumb","itemListElement":[{"@type":"ListItem","position":1,"name":"Home","item":"https:\/\/www.humanware.com\/fr\/"},{"@type":"ListItem","position":2,"name":"Confirmation de candidature : Bourse HumanWare Jim Halliday 2026"}]},{"@type":"WebSite","@id":"https:\/\/www.humanware.com\/fr\/#website","url":"https:\/\/www.humanware.com\/fr\/","name":"HumanWare","description":"Solutions pour basse vision et c\u00e9cit\u00e9","publisher":{"@id":"https:\/\/www.humanware.com\/fr\/#organization"},"potentialAction":[{"@type":"SearchAction","target":{"@type":"EntryPoint","urlTemplate":"https:\/\/www.humanware.com\/fr\/?s={search_term_string}"},"query-input":{"@type":"PropertyValueSpecification","valueRequired":true,"valueName":"search_term_string"}}],"inLanguage":"fr-FR"},{"@type":"Organization","@id":"https:\/\/www.humanware.com\/fr\/#organization","name":"HumanWare","url":"https:\/\/www.humanware.com\/fr\/","logo":{"@type":"ImageObject","inLanguage":"fr-FR","@id":"https:\/\/www.humanware.com\/fr\/#\/schema\/logo\/image\/","url":"https:\/\/www.humanware.com\/wp-content\/uploads\/2024\/12\/Logo-HW.jpg","contentUrl":"https:\/\/www.humanware.com\/wp-content\/uploads\/2024\/12\/Logo-HW.jpg","width":1000,"height":667,"caption":"HumanWare"},"image":{"@id":"https:\/\/www.humanware.com\/fr\/#\/schema\/logo\/image\/"},"sameAs":["https:\/\/www.facebook.com\/humanware\/","https:\/\/ca.linkedin.com\/company\/humanware"]}]}},"_links":{"self":[{"href":"https:\/\/www.humanware.com\/fr\/wp-json\/wp\/v2\/pages\/20357","targetHints":{"allow":["GET"]}}],"collection":[{"href":"https:\/\/www.humanware.com\/fr\/wp-json\/wp\/v2\/pages"}],"about":[{"href":"https:\/\/www.humanware.com\/fr\/wp-json\/wp\/v2\/types\/page"}],"author":[{"embeddable":true,"href":"https:\/\/www.humanware.com\/fr\/wp-json\/wp\/v2\/users\/5"}],"replies":[{"embeddable":true,"href":"https:\/\/www.humanware.com\/fr\/wp-json\/wp\/v2\/comments?post=20357"}],"version-history":[{"count":4,"href":"https:\/\/www.humanware.com\/fr\/wp-json\/wp\/v2\/pages\/20357\/revisions"}],"predecessor-version":[{"id":20361,"href":"https:\/\/www.humanware.com\/fr\/wp-json\/wp\/v2\/pages\/20357\/revisions\/20361"}],"wp:attachment":[{"href":"https:\/\/www.humanware.com\/fr\/wp-json\/wp\/v2\/media?parent=20357"}],"curies":[{"name":"wp","href":"https:\/\/api.w.org\/{rel}","templated":true}]}}