{"id":2803,"date":"2024-07-04T11:55:43","date_gmt":"2024-07-04T15:55:43","guid":{"rendered":"https:\/\/www.humanware.com\/les-dirigeants\/"},"modified":"2026-01-19T11:41:06","modified_gmt":"2026-01-19T16:41:06","slug":"leadership","status":"publish","type":"page","link":"https:\/\/www.humanware.com\/fr\/leadership\/","title":{"rendered":"Les dirigeants"},"content":{"rendered":"\t\t<div data-elementor-type=\"wp-page\" data-elementor-id=\"2803\" class=\"elementor elementor-2803 elementor-728\" data-elementor-post-type=\"page\">\n\t\t\t\t<div class=\"elementor-element elementor-element-7e1d062 e-flex e-con-boxed e-con e-parent\" data-id=\"7e1d062\" data-element_type=\"container\" data-e-type=\"container\" data-settings=\"{&quot;background_background&quot;:&quot;classic&quot;}\">\n\t\t\t\t\t<div class=\"e-con-inner\">\n\t\t\t\t<div class=\"elementor-element elementor-element-61fc208 elementor-widget elementor-widget-text-editor\" data-id=\"61fc208\" data-element_type=\"widget\" data-e-type=\"widget\" data-widget_type=\"text-editor.default\">\n\t\t\t\t<div class=\"elementor-widget-container\">\n\t\t\t\t\t\t\t\t\t<h1>Les dirigeants<\/h1>\n\t\t\t\t\t\t\t\t<\/div>\n\t\t\t\t<\/div>\n\t\t\t\t<div class=\"elementor-element elementor-element-02c88ef elementor-widget elementor-widget-text-editor\" data-id=\"02c88ef\" data-element_type=\"widget\" data-e-type=\"widget\" data-widget_type=\"text-editor.default\">\n\t\t\t\t<div class=\"elementor-widget-container\">\n\t\t\t\t\t\t\t\t\t<p>Chez HumanWare, nous travaillons avec un objectif commun : fournir des produits et services innovants qui am\u00e9liorent la qualit\u00e9 de vie de nos utilisateurs. Notre \u00e9quipe partage un engagement envers l\u2019am\u00e9lioration et le d\u00e9veloppement continus, l\u2019exp\u00e9rience client de qualit\u00e9, la collaboration et le soutien mutuel, ainsi que le d\u00e9sir de r\u00e9pondre aux attentes des personnes vivant avec une perte de vision ou un handicap visuel par des approches tangibles. <\/p>\n<p>D\u00e9couvrez les membres de notre conseil d\u2019administration et nos dirigeants qui fournissent la vision et la direction qui font de HumanWare un leader mondial dans le d\u00e9veloppement et la commercialisation de solutions innovantes.<\/p>\n\t\t\t\t\t\t\t\t<\/div>\n\t\t\t\t<\/div>\n\t\t\t\t\t<\/div>\n\t\t\t\t<\/div>\n\t\t<div class=\"elementor-element elementor-element-a46b730 leadership-team  e-flex e-con-boxed e-con e-parent\" data-id=\"a46b730\" data-element_type=\"container\" data-e-type=\"container\" data-settings=\"{&quot;background_background&quot;:&quot;classic&quot;}\">\n\t\t\t\t\t<div class=\"e-con-inner\">\n\t\t<div class=\"elementor-element elementor-element-e494be4 e-con-full e-flex e-con e-child\" data-id=\"e494be4\" data-element_type=\"container\" data-e-type=\"container\">\n\t\t\t\t<div class=\"elementor-element elementor-element-2a039e9 elementor-widget elementor-widget-image\" data-id=\"2a039e9\" data-element_type=\"widget\" data-e-type=\"widget\" data-widget_type=\"image.default\">\n\t\t\t\t<div class=\"elementor-widget-container\">\n\t\t\t\t\t\t\t\t\t\t\t\t\t\t\t<img loading=\"lazy\" decoding=\"async\" width=\"320\" height=\"400\" src=\"https:\/\/www.humanware.com\/wp-content\/uploads\/Bruce-Miles.jpg\" class=\"attachment-full size-full wp-image-1136\" alt=\"Photo de Bruce Miles \u2014 Directeur g\u00e9n\u00e9ral\" srcset=\"https:\/\/www.humanware.com\/wp-content\/uploads\/Bruce-Miles.jpg 320w, https:\/\/www.humanware.com\/wp-content\/uploads\/Bruce-Miles-240x300.jpg 240w\" sizes=\"auto, (max-width: 320px) 100vw, 320px\" \/>\t\t\t\t\t\t\t\t\t\t\t\t\t\t\t<\/div>\n\t\t\t\t<\/div>\n\t\t\t\t<\/div>\n\t\t<div class=\"elementor-element elementor-element-6fb87e5 e-con-full e-flex e-con e-child\" data-id=\"6fb87e5\" data-element_type=\"container\" data-e-type=\"container\">\n\t\t\t\t<div class=\"elementor-element elementor-element-cf9e1d1 elementor-widget elementor-widget-text-editor\" data-id=\"cf9e1d1\" data-element_type=\"widget\" data-e-type=\"widget\" data-widget_type=\"text-editor.default\">\n\t\t\t\t<div class=\"elementor-widget-container\">\n\t\t\t\t\t\t\t\t\t<h3>Bruce Miles \u2014 Chef de la direction<\/h3><p>Bruce Miles est Chef de la direction de HumanWare depuis le 1er septembre 2021. En 2015, il rejoint HumanWare en tant que pr\u00e9sident, et dirige les efforts de l\u2019entreprise sur un plan mondial. Pendant plus de 25 ans, il acc\u00e8de \u00e0 plusieurs postes de direction de niveau ex\u00e9cutif, dont plus de 14 ans dans l\u2019industrie optique avec EssilorLuxottica. Il a le titre de comptable professionnel agr\u00e9\u00e9 et d\u00e9tient un MBA de l\u2019Universit\u00e9 McGill. Bruce Miles si\u00e8ge sur d\u2019autres conseils d\u2019administration : celui d\u2019Assistive Technology Industry Association (ATIA) et de GoodMaps \u00ab Maps with a Mission \u00bb.<\/p>\t\t\t\t\t\t\t\t<\/div>\n\t\t\t\t<\/div>\n\t\t\t\t<\/div>\n\t\t\t\t\t<\/div>\n\t\t\t\t<\/div>\n\t\t<div class=\"elementor-element elementor-element-4938aa8 leadership-team  e-flex e-con-boxed e-con e-parent\" data-id=\"4938aa8\" data-element_type=\"container\" data-e-type=\"container\">\n\t\t\t\t\t<div class=\"e-con-inner\">\n\t\t<div class=\"elementor-element elementor-element-59a7e01 e-con-full e-flex e-con e-child\" data-id=\"59a7e01\" data-element_type=\"container\" data-e-type=\"container\">\n\t\t\t\t<div class=\"elementor-element elementor-element-c72a599 elementor-widget elementor-widget-heading\" data-id=\"c72a599\" data-element_type=\"widget\" data-e-type=\"widget\" data-widget_type=\"heading.default\">\n\t\t\t\t<div class=\"elementor-widget-container\">\n\t\t\t\t\t<h3 class=\"elementor-heading-title elementor-size-default\">Membres du conseil d\u2019administration<\/h3>\t\t\t\t<\/div>\n\t\t\t\t<\/div>\n\t\t\t\t<div class=\"elementor-element elementor-element-06eccb1 elementor-widget elementor-widget-text-editor\" data-id=\"06eccb1\" data-element_type=\"widget\" data-e-type=\"widget\" data-widget_type=\"text-editor.default\">\n\t\t\t\t<div class=\"elementor-widget-container\">\n\t\t\t\t\t\t\t\t\t<img loading=\"lazy\" decoding=\"async\" class=\"alignleft wp-image-1168 size-medium\" src=\"https:\/\/www.humanware.com\/wp-content\/uploads\/Anne-Laure-Guillon-240x300.jpg\" alt=\"Anne-Laure Guillon Administratrice\" width=\"240\" height=\"300\" srcset=\"https:\/\/www.humanware.com\/wp-content\/uploads\/Anne-Laure-Guillon-240x300.jpg 240w, https:\/\/www.humanware.com\/wp-content\/uploads\/Anne-Laure-Guillon.jpg 320w\" sizes=\"auto, (max-width: 240px) 100vw, 240px\" \/>\n<h3><strong>Anne-Laure Guillon<\/strong> <br>Administratrice<\/h3> Anne-Laure Guillon agit comme administratrice du conseil de HumanWare depuis 2020. Elle int\u00e8gre en 2012 EssilorLuxottica. Elle y occupera diverses fonctions \u00e0 responsabilit\u00e9 croissante en France et au Japon, avant d\u2019\u00eatre nomm\u00e9e, en 2020, VP Finances de la division Instruments d\u2019Essilor International. Anne-Laure joue un r\u00f4le cl\u00e9 dans la mise en oeuvre des plans strat\u00e9giques, le suivi des performances, l\u2019analyse co\u00fbts-avantages et les nouveaux financements pour le d\u00e9veloppement des entreprises. Elle est dipl\u00f4m\u00e9e de l\u2019ESCP Business School (anciennement l\u2019\u00c9cole sup\u00e9rieure de commerce de Paris) avec une sp\u00e9cialisation en audit et contr\u00f4le de gestion.   \t\t\t\t\t\t\t\t<\/div>\n\t\t\t\t<\/div>\n\t\t\t\t<div class=\"elementor-element elementor-element-8f3f76a elementor-widget elementor-widget-text-editor\" data-id=\"8f3f76a\" data-element_type=\"widget\" data-e-type=\"widget\" data-widget_type=\"text-editor.default\">\n\t\t\t\t<div class=\"elementor-widget-container\">\n\t\t\t\t\t\t\t\t\t<p><img loading=\"lazy\" decoding=\"async\" class=\"alignleft wp-image-1173 size-medium\" src=\"https:\/\/www.humanware.com\/wp-content\/uploads\/Denis-Cohen-Tannoudji-240x300.jpg\" alt=\"Denis Cohen-Tannoudji Administrateur\" width=\"240\" height=\"300\" srcset=\"https:\/\/www.humanware.com\/wp-content\/uploads\/Denis-Cohen-Tannoudji-240x300.jpg 240w, https:\/\/www.humanware.com\/wp-content\/uploads\/Denis-Cohen-Tannoudji.jpg 320w\" sizes=\"auto, (max-width: 240px) 100vw, 240px\" \/><\/p><h3><strong>Denis Cohen-Tannoudji<\/strong><br \/>Administrateur<\/h3><p>Denis Cohen-Tannoudji est administrateur du conseil de HumanWare depuis 2013. Il occupe actuellement le poste de VP principal de Smart Vision Solutions chez Essilor, depuis 2017. Denis a assum\u00e9 plusieurs r\u00f4les de direction dans le domaine de l\u2019innovation chez Essilor depuis son arriv\u00e9e en 2004. Plus t\u00f4t dans sa carri\u00e8re, il a \u00e9t\u00e9 consultant au Boston Consulting Group. Il est titulaire d\u2019une ma\u00eetrise en m\u00e9canique quantique de l\u2019\u00c9cole Normale Sup\u00e9rieure et d\u2019un MBA de l\u2019INSEAD, autrefois nomm\u00e9 Institut Europ\u00e9en d\u2019Administration des Affaires. Dans son temps libre, Denis est conf\u00e9rencier dans de nombreuses grandes villes du monde.<\/p>\t\t\t\t\t\t\t\t<\/div>\n\t\t\t\t<\/div>\n\t\t\t\t<\/div>\n\t\t<div class=\"elementor-element elementor-element-edec253 e-con-full e-flex e-con e-child\" data-id=\"edec253\" data-element_type=\"container\" data-e-type=\"container\">\n\t\t\t\t<div class=\"elementor-element elementor-element-93b2345 elementor-widget elementor-widget-heading\" data-id=\"93b2345\" data-element_type=\"widget\" data-e-type=\"widget\" data-widget_type=\"heading.default\">\n\t\t\t\t<div class=\"elementor-widget-container\">\n\t\t\t\t\t<h3 class=\"elementor-heading-title elementor-size-default\">\u00c9quipe de direction<\/h3>\t\t\t\t<\/div>\n\t\t\t\t<\/div>\n\t\t\t\t<div class=\"elementor-element elementor-element-cda57b6 elementor-widget elementor-widget-text-editor\" data-id=\"cda57b6\" data-element_type=\"widget\" data-e-type=\"widget\" data-widget_type=\"text-editor.default\">\n\t\t\t\t<div class=\"elementor-widget-container\">\n\t\t\t\t\t\t\t\t\t<img class=\"alignleft wp-image-1173 size-medium\"src=\"https:\/\/www.humanware.com\/wp-content\/uploads\/2026\/01\/LP-240x300-1.jpg\" alt=\"Louis-Philippe Mass\u00e9 Vice-pr\u00e9sident Innovation produits\" width=\"240\" height=\"300\" \/>\n<h3><strong>Louis-Philippe Mass\u00e9<\/strong><br\/>\nVice-pr\u00e9sident Innovation produits<\/h3>\nLouis-Philippe Mass\u00e9 est le Vice-pr\u00e9sident Innovation produits, chez HumanWare depuis 2021. Il rejoint HumanWare en 2014 en tant que directeur de la gestion des produits. Il y restera jusqu\u2019en 2017, date \u00e0 laquelle il quittera pour se consacrer \u00e0 d\u2019autres projets et occuper divers postes de direction. Il revient chez HumanWare en 2021 pour diriger les efforts d\u2019innovation de produits de l\u2019entreprise. Louis-Philippe poss\u00e8de plus de 20 ans d\u2019exp\u00e9rience dans le domaine de la fibre optique, de la conception de capteurs 2D et 3D et du d\u00e9veloppement de produits. Il est titulaire d\u2019un doctorat en physique de l\u2019Universit\u00e9 de Montr\u00e9al et d\u2019un B.Sc. en physique de l\u2019Universit\u00e9 d\u2019Ottawa.\t\t\t\t\t\t\t\t<\/div>\n\t\t\t\t<\/div>\n\t\t\t\t<div class=\"elementor-element elementor-element-74ada85 elementor-widget elementor-widget-text-editor\" data-id=\"74ada85\" data-element_type=\"widget\" data-e-type=\"widget\" data-widget_type=\"text-editor.default\">\n\t\t\t\t<div class=\"elementor-widget-container\">\n\t\t\t\t\t\t\t\t\t<img class=\"alignleft wp-image-1173 size-medium\"src=\"https:\/\/www.humanware.com\/wp-content\/uploads\/2026\/01\/MARK-240x300-1.jpg\" alt=\"Marc Jiona - Directeur principal des op\u00e9rations\" width=\"240\" height=\"300\" \/>\n<h3><strong>Marc Jiona<\/strong><br\/>\nDirecteur principal des op\u00e9rations<\/h3>\nMarc Jiona est directeur principal des op\u00e9rations chez HumanWare depuis septembre 2025.\u202fFort de plus de 34 ans d\u2019exp\u00e9rience, il a dirig\u00e9 des op\u00e9rations manufacturi\u00e8res et des \u00e9quipes multidisciplinaires en excellence op\u00e9rationnelle, Lean manufacturing et cha\u00eene d\u2019approvisionnement int\u00e9gr\u00e9e. Avant de rejoindre HumanWare, il a occup\u00e9 plusieurs postes de direction chez IBM, incluant des responsabilit\u00e9s en op\u00e9rations 24\/7 et en qualit\u00e9, avec le maintien de certifications ISO 9001 et ISO\/TS 16949. Il d\u00e9tient un baccalaur\u00e9at en g\u00e9nie \u00e9lectrique de l\u2019Universit\u00e9 Laval.\t\t\t\t\t\t\t\t<\/div>\n\t\t\t\t<\/div>\n\t\t\t\t<div class=\"elementor-element elementor-element-39d6cd0 elementor-widget elementor-widget-text-editor\" data-id=\"39d6cd0\" data-element_type=\"widget\" data-e-type=\"widget\" data-widget_type=\"text-editor.default\">\n\t\t\t\t<div class=\"elementor-widget-container\">\n\t\t\t\t\t\t\t\t\t<img class=\"alignleft wp-image-1173 size-medium\"src=\"https:\/\/www.humanware.com\/wp-content\/uploads\/2026\/01\/DAVID-240x300-1.jpg\" alt=\"David Bradburn Vice-pr\u00e9sident des ventes globales\" width=\"240\" height=\"300\" \/>\n<h3><strong>David Bradburn<\/strong><br\/>\nVice-pr\u00e9sident des ventes globales<\/h3>\nDavid Bradburn est le Vice-pr\u00e9sident des ventes globales chez HumanWare depuis 2020. Son exp\u00e9rience dans le domaine de la technologie d\u2019assistance s\u2019\u00e9tend sur plus de 35 ans. Avant de rejoindre HumanWare, il a occup\u00e9 divers postes de direction sur le march\u00e9 am\u00e9ricain, pour des organisations multinationales dans le secteur des technologies d\u2019assistance. Il a \u00e9tudi\u00e9 l\u2019informatique \u00e0 l\u2019Universit\u00e9 de Northampton. Il est le Pr\u00e9sident du conseil d\u2019administration ex\u00e9cutif de The Northeast Independent Living Program, un centre de soutien \u00e0 la vie autonome g\u00e9r\u00e9 par les consommateurs, qui fournit des services et des conseils aux personnes handicap\u00e9es qui souhaitent vivre de mani\u00e8re autonome dans la communaut\u00e9.\t\t\t\t\t\t\t\t<\/div>\n\t\t\t\t<\/div>\n\t\t\t\t<div class=\"elementor-element elementor-element-334b383 elementor-widget elementor-widget-text-editor\" data-id=\"334b383\" data-element_type=\"widget\" data-e-type=\"widget\" data-widget_type=\"text-editor.default\">\n\t\t\t\t<div class=\"elementor-widget-container\">\n\t\t\t\t\t\t\t\t\t<img loading=\"lazy\" decoding=\"async\" class=\"alignleft wp-image-1173 size-medium\" src=\"https:\/\/www.humanware.com\/wp-content\/uploads\/2026\/01\/YOHAN-240x300-1.jpg\" alt=\"Yohan Le Vasseur Vice-pr\u00e9sident des Finances\" width=\"240\" height=\"300\" \/>\n<h3><strong>Yohan Le Vasseur<\/strong><br\/>\nVice-pr\u00e9sident des Finances<\/h3>\nYohan Le Vasseur est le vice-pr\u00e9sident des finances de HumanWare depuis 2008 et dirige \u00e9galement le service des technologies de l\u2019information. Il cumule 24 ans d\u2019exp\u00e9rience en gestion financi\u00e8re pour des multinationales, avec une expertise en planification strat\u00e9gique, en gestion de la tr\u00e9sorerie et des risques, en comptabilit\u00e9 et rapports internationaux, et en optimisation des performances commerciales et op\u00e9rationnelles. Il est comptable agr\u00e9\u00e9, CPA et CMA et d\u00e9tient un Dipl\u00f4me d\u2019\u00e9tude sup\u00e9rieures en comptabilit\u00e9 de l\u2019Universit\u00e9 du Qu\u00e9bec \u00e0 Trois-Rivi\u00e8res.\t\t\t\t\t\t\t\t<\/div>\n\t\t\t\t<\/div>\n\t\t\t\t<\/div>\n\t\t\t\t\t<\/div>\n\t\t\t\t<\/div>\n\t\t\t\t<\/div>\n\t\t","protected":false},"excerpt":{"rendered":"<p>Les dirigeants Chez HumanWare, nous travaillons avec un objectif commun : fournir des produits et services innovants qui am\u00e9liorent la qualit\u00e9 de vie de nos utilisateurs. Notre \u00e9quipe partage un engagement envers l\u2019am\u00e9lioration et le d\u00e9veloppement continus, l\u2019exp\u00e9rience client de qualit\u00e9, la collaboration et le soutien mutuel, ainsi que le d\u00e9sir de r\u00e9pondre aux attentes [&hellip;]<\/p>\n","protected":false},"author":3,"featured_media":0,"parent":0,"menu_order":0,"comment_status":"closed","ping_status":"closed","template":"","meta":{"_acf_changed":false,"footnotes":""},"class_list":["post-2803","page","type-page","status-publish","hentry"],"acf":{"header_image":[996],"header_image_links":""},"yoast_head":"<!-- This site is optimized with the Yoast SEO plugin v27.2 - https:\/\/yoast.com\/product\/yoast-seo-wordpress\/ -->\n<title>Les dirigeants - HumanWare<\/title>\n<meta name=\"robots\" content=\"index, follow, max-snippet:-1, max-image-preview:large, max-video-preview:-1\" \/>\n<link rel=\"canonical\" href=\"https:\/\/www.humanware.com\/fr\/leadership\/\" \/>\n<meta property=\"og:locale\" content=\"fr_FR\" \/>\n<meta property=\"og:type\" content=\"article\" \/>\n<meta property=\"og:title\" content=\"Les dirigeants - HumanWare\" \/>\n<meta property=\"og:description\" content=\"Les dirigeants Chez HumanWare, nous travaillons avec un objectif commun : fournir des produits et services innovants qui am\u00e9liorent la qualit\u00e9 de vie de nos utilisateurs. Notre \u00e9quipe partage un engagement envers l\u2019am\u00e9lioration et le d\u00e9veloppement continus, l\u2019exp\u00e9rience client de qualit\u00e9, la collaboration et le soutien mutuel, ainsi que le d\u00e9sir de r\u00e9pondre aux attentes [&hellip;]\" \/>\n<meta property=\"og:url\" content=\"https:\/\/www.humanware.com\/fr\/leadership\/\" \/>\n<meta property=\"og:site_name\" content=\"HumanWare\" \/>\n<meta property=\"article:publisher\" content=\"https:\/\/www.facebook.com\/humanware\/\" \/>\n<meta property=\"article:modified_time\" content=\"2026-01-19T16:41:06+00:00\" \/>\n<meta property=\"og:image\" content=\"https:\/\/www.humanware.com\/wp-content\/uploads\/Bruce-Miles.jpg\" \/>\n\t<meta property=\"og:image:width\" content=\"320\" \/>\n\t<meta property=\"og:image:height\" content=\"400\" \/>\n\t<meta property=\"og:image:type\" content=\"image\/jpeg\" \/>\n<meta name=\"twitter:card\" content=\"summary_large_image\" \/>\n<meta name=\"twitter:label1\" content=\"Dur\u00e9e de lecture estim\u00e9e\" \/>\n\t<meta name=\"twitter:data1\" content=\"6 minutes\" \/>\n<script type=\"application\/ld+json\" class=\"yoast-schema-graph\">{\"@context\":\"https:\/\/schema.org\",\"@graph\":[{\"@type\":\"WebPage\",\"@id\":\"https:\/\/www.humanware.com\/fr\/leadership\/\",\"url\":\"https:\/\/www.humanware.com\/fr\/leadership\/\",\"name\":\"Les dirigeants - HumanWare\",\"isPartOf\":{\"@id\":\"https:\/\/www.humanware.com\/fr\/#website\"},\"primaryImageOfPage\":{\"@id\":\"https:\/\/www.humanware.com\/fr\/leadership\/#primaryimage\"},\"image\":{\"@id\":\"https:\/\/www.humanware.com\/fr\/leadership\/#primaryimage\"},\"thumbnailUrl\":\"https:\/\/www.humanware.com\/wp-content\/uploads\/Bruce-Miles.jpg\",\"datePublished\":\"2024-07-04T15:55:43+00:00\",\"dateModified\":\"2026-01-19T16:41:06+00:00\",\"breadcrumb\":{\"@id\":\"https:\/\/www.humanware.com\/fr\/leadership\/#breadcrumb\"},\"inLanguage\":\"fr-FR\",\"potentialAction\":[{\"@type\":\"ReadAction\",\"target\":[\"https:\/\/www.humanware.com\/fr\/leadership\/\"]}]},{\"@type\":\"ImageObject\",\"inLanguage\":\"fr-FR\",\"@id\":\"https:\/\/www.humanware.com\/fr\/leadership\/#primaryimage\",\"url\":\"https:\/\/www.humanware.com\/wp-content\/uploads\/Bruce-Miles.jpg\",\"contentUrl\":\"https:\/\/www.humanware.com\/wp-content\/uploads\/Bruce-Miles.jpg\"},{\"@type\":\"BreadcrumbList\",\"@id\":\"https:\/\/www.humanware.com\/fr\/leadership\/#breadcrumb\",\"itemListElement\":[{\"@type\":\"ListItem\",\"position\":1,\"name\":\"Home\",\"item\":\"https:\/\/www.humanware.com\/fr\/\"},{\"@type\":\"ListItem\",\"position\":2,\"name\":\"Les dirigeants\"}]},{\"@type\":\"WebSite\",\"@id\":\"https:\/\/www.humanware.com\/fr\/#website\",\"url\":\"https:\/\/www.humanware.com\/fr\/\",\"name\":\"HumanWare\",\"description\":\"Solutions pour basse vision et c\u00e9cit\u00e9\",\"publisher\":{\"@id\":\"https:\/\/www.humanware.com\/fr\/#organization\"},\"potentialAction\":[{\"@type\":\"SearchAction\",\"target\":{\"@type\":\"EntryPoint\",\"urlTemplate\":\"https:\/\/www.humanware.com\/fr\/?s={search_term_string}\"},\"query-input\":{\"@type\":\"PropertyValueSpecification\",\"valueRequired\":true,\"valueName\":\"search_term_string\"}}],\"inLanguage\":\"fr-FR\"},{\"@type\":\"Organization\",\"@id\":\"https:\/\/www.humanware.com\/fr\/#organization\",\"name\":\"HumanWare\",\"url\":\"https:\/\/www.humanware.com\/fr\/\",\"logo\":{\"@type\":\"ImageObject\",\"inLanguage\":\"fr-FR\",\"@id\":\"https:\/\/www.humanware.com\/fr\/#\/schema\/logo\/image\/\",\"url\":\"https:\/\/www.humanware.com\/wp-content\/uploads\/2024\/12\/Logo-HW.jpg\",\"contentUrl\":\"https:\/\/www.humanware.com\/wp-content\/uploads\/2024\/12\/Logo-HW.jpg\",\"width\":1000,\"height\":667,\"caption\":\"HumanWare\"},\"image\":{\"@id\":\"https:\/\/www.humanware.com\/fr\/#\/schema\/logo\/image\/\"},\"sameAs\":[\"https:\/\/www.facebook.com\/humanware\/\",\"https:\/\/ca.linkedin.com\/company\/humanware\"]}]}<\/script>\n<!-- \/ Yoast SEO plugin. -->","yoast_head_json":{"title":"Les dirigeants - HumanWare","robots":{"index":"index","follow":"follow","max-snippet":"max-snippet:-1","max-image-preview":"max-image-preview:large","max-video-preview":"max-video-preview:-1"},"canonical":"https:\/\/www.humanware.com\/fr\/leadership\/","og_locale":"fr_FR","og_type":"article","og_title":"Les dirigeants - HumanWare","og_description":"Les dirigeants Chez HumanWare, nous travaillons avec un objectif commun : fournir des produits et services innovants qui am\u00e9liorent la qualit\u00e9 de vie de nos utilisateurs. Notre \u00e9quipe partage un engagement envers l\u2019am\u00e9lioration et le d\u00e9veloppement continus, l\u2019exp\u00e9rience client de qualit\u00e9, la collaboration et le soutien mutuel, ainsi que le d\u00e9sir de r\u00e9pondre aux attentes [&hellip;]","og_url":"https:\/\/www.humanware.com\/fr\/leadership\/","og_site_name":"HumanWare","article_publisher":"https:\/\/www.facebook.com\/humanware\/","article_modified_time":"2026-01-19T16:41:06+00:00","og_image":[{"width":320,"height":400,"url":"https:\/\/www.humanware.com\/wp-content\/uploads\/Bruce-Miles.jpg","type":"image\/jpeg"}],"twitter_card":"summary_large_image","twitter_misc":{"Dur\u00e9e de lecture estim\u00e9e":"6 minutes"},"schema":{"@context":"https:\/\/schema.org","@graph":[{"@type":"WebPage","@id":"https:\/\/www.humanware.com\/fr\/leadership\/","url":"https:\/\/www.humanware.com\/fr\/leadership\/","name":"Les dirigeants - HumanWare","isPartOf":{"@id":"https:\/\/www.humanware.com\/fr\/#website"},"primaryImageOfPage":{"@id":"https:\/\/www.humanware.com\/fr\/leadership\/#primaryimage"},"image":{"@id":"https:\/\/www.humanware.com\/fr\/leadership\/#primaryimage"},"thumbnailUrl":"https:\/\/www.humanware.com\/wp-content\/uploads\/Bruce-Miles.jpg","datePublished":"2024-07-04T15:55:43+00:00","dateModified":"2026-01-19T16:41:06+00:00","breadcrumb":{"@id":"https:\/\/www.humanware.com\/fr\/leadership\/#breadcrumb"},"inLanguage":"fr-FR","potentialAction":[{"@type":"ReadAction","target":["https:\/\/www.humanware.com\/fr\/leadership\/"]}]},{"@type":"ImageObject","inLanguage":"fr-FR","@id":"https:\/\/www.humanware.com\/fr\/leadership\/#primaryimage","url":"https:\/\/www.humanware.com\/wp-content\/uploads\/Bruce-Miles.jpg","contentUrl":"https:\/\/www.humanware.com\/wp-content\/uploads\/Bruce-Miles.jpg"},{"@type":"BreadcrumbList","@id":"https:\/\/www.humanware.com\/fr\/leadership\/#breadcrumb","itemListElement":[{"@type":"ListItem","position":1,"name":"Home","item":"https:\/\/www.humanware.com\/fr\/"},{"@type":"ListItem","position":2,"name":"Les dirigeants"}]},{"@type":"WebSite","@id":"https:\/\/www.humanware.com\/fr\/#website","url":"https:\/\/www.humanware.com\/fr\/","name":"HumanWare","description":"Solutions pour basse vision et c\u00e9cit\u00e9","publisher":{"@id":"https:\/\/www.humanware.com\/fr\/#organization"},"potentialAction":[{"@type":"SearchAction","target":{"@type":"EntryPoint","urlTemplate":"https:\/\/www.humanware.com\/fr\/?s={search_term_string}"},"query-input":{"@type":"PropertyValueSpecification","valueRequired":true,"valueName":"search_term_string"}}],"inLanguage":"fr-FR"},{"@type":"Organization","@id":"https:\/\/www.humanware.com\/fr\/#organization","name":"HumanWare","url":"https:\/\/www.humanware.com\/fr\/","logo":{"@type":"ImageObject","inLanguage":"fr-FR","@id":"https:\/\/www.humanware.com\/fr\/#\/schema\/logo\/image\/","url":"https:\/\/www.humanware.com\/wp-content\/uploads\/2024\/12\/Logo-HW.jpg","contentUrl":"https:\/\/www.humanware.com\/wp-content\/uploads\/2024\/12\/Logo-HW.jpg","width":1000,"height":667,"caption":"HumanWare"},"image":{"@id":"https:\/\/www.humanware.com\/fr\/#\/schema\/logo\/image\/"},"sameAs":["https:\/\/www.facebook.com\/humanware\/","https:\/\/ca.linkedin.com\/company\/humanware"]}]}},"_links":{"self":[{"href":"https:\/\/www.humanware.com\/fr\/wp-json\/wp\/v2\/pages\/2803","targetHints":{"allow":["GET"]}}],"collection":[{"href":"https:\/\/www.humanware.com\/fr\/wp-json\/wp\/v2\/pages"}],"about":[{"href":"https:\/\/www.humanware.com\/fr\/wp-json\/wp\/v2\/types\/page"}],"author":[{"embeddable":true,"href":"https:\/\/www.humanware.com\/fr\/wp-json\/wp\/v2\/users\/3"}],"replies":[{"embeddable":true,"href":"https:\/\/www.humanware.com\/fr\/wp-json\/wp\/v2\/comments?post=2803"}],"version-history":[{"count":11,"href":"https:\/\/www.humanware.com\/fr\/wp-json\/wp\/v2\/pages\/2803\/revisions"}],"predecessor-version":[{"id":18123,"href":"https:\/\/www.humanware.com\/fr\/wp-json\/wp\/v2\/pages\/2803\/revisions\/18123"}],"acf:attachment":[{"embeddable":true,"href":"https:\/\/www.humanware.com\/fr\/wp-json\/wp\/v2\/media\/996"}],"wp:attachment":[{"href":"https:\/\/www.humanware.com\/fr\/wp-json\/wp\/v2\/media?parent=2803"}],"curies":[{"name":"wp","href":"https:\/\/api.w.org\/{rel}","templated":true}]}}