{"id":2807,"date":"2024-07-04T16:26:13","date_gmt":"2024-07-04T20:26:13","guid":{"rendered":"https:\/\/www.humanware.com\/home\/termes-et-conditions\/"},"modified":"2025-03-21T12:34:57","modified_gmt":"2025-03-21T16:34:57","slug":"terms_of_use","status":"publish","type":"page","link":"https:\/\/www.humanware.com\/fr\/home\/terms_of_use\/","title":{"rendered":"Termes et conditions"},"content":{"rendered":"\t\t<div data-elementor-type=\"wp-page\" data-elementor-id=\"2807\" class=\"elementor elementor-2807 elementor-840\" data-elementor-post-type=\"page\">\n\t\t\t\t<div class=\"elementor-element elementor-element-59d7a64 e-flex e-con-boxed e-con e-parent\" data-id=\"59d7a64\" data-element_type=\"container\" data-e-type=\"container\">\n\t\t\t\t\t<div class=\"e-con-inner\">\n\t\t<div class=\"elementor-element elementor-element-51dd8f3 leadership-team  e-con-full e-flex e-con e-child\" data-id=\"51dd8f3\" data-element_type=\"container\" data-e-type=\"container\" data-settings=\"{&quot;background_background&quot;:&quot;classic&quot;}\">\n\t\t\t\t<div class=\"elementor-element elementor-element-fc7bbfe elementor-widget elementor-widget-heading\" data-id=\"fc7bbfe\" data-element_type=\"widget\" data-e-type=\"widget\" data-widget_type=\"heading.default\">\n\t\t\t\t<div class=\"elementor-widget-container\">\n\t\t\t\t\t<h1 class=\"elementor-heading-title elementor-size-default\">TERMES ET CONDITIONS<\/h1>\t\t\t\t<\/div>\n\t\t\t\t<\/div>\n\t\t\t\t<div class=\"elementor-element elementor-element-be6b7d8 elementor-widget elementor-widget-heading\" data-id=\"be6b7d8\" data-element_type=\"widget\" data-e-type=\"widget\" data-widget_type=\"heading.default\">\n\t\t\t\t<div class=\"elementor-widget-container\">\n\t\t\t\t\t<h3 class=\"elementor-heading-title elementor-size-default\">IMPORTANT: L'UTILISATION DE CE SITE SIGNIFIE QUE VOUS ACCEPTEZ LES CONDITIONS SUIVANTES.<\/h3>\t\t\t\t<\/div>\n\t\t\t\t<\/div>\n\t\t\t\t<div class=\"elementor-element elementor-element-826cfa5 elementor-widget elementor-widget-text-editor\" data-id=\"826cfa5\" data-element_type=\"widget\" data-e-type=\"widget\" data-widget_type=\"text-editor.default\">\n\t\t\t\t<div class=\"elementor-widget-container\">\n\t\t\t\t\t\t\t\t\t<h3>Droit de propri\u00e9t\u00e9:<\/h3>\n<p>Copyright<sup>\u00a9<\/sup> Technologies HumanWare Inc. 2021. Les droits d&rsquo;auteur, les marques d\u00e9pos\u00e9es, les droits de bases de donn\u00e9es et autres droits incorporels du mat\u00e9riel, affich\u00e9s sur ou via ce site (\u00ab\u00a0mat\u00e9riel du site internet\u00a0\u00bb comprenant texte, graphique, logiciel et contenu audiovisuel), sont la propri\u00e9t\u00e9 de ou donn\u00e9s sous licence \u00e0 Technologies HumanWare Inc. (\u00ab\u00a0nous\u00a0\u00bb). Ces droits sont prot\u00e9g\u00e9s conform\u00e9ment \u00e0 la l\u00e9gislation danoise.  <\/p>\n<p>Toute reproduction ou utilisation du mat\u00e9riel sur le site d&rsquo;un tiers auquel vous acc\u00e9dez via notre site internet, est soumis aux conditions qui valent pour le site sur lequel vous \u00eates.<\/p>\n<h3>Conditions g\u00e9n\u00e9rales:<\/h3>\n<p>Le mat\u00e9riel de notre site internet a uniquement pour but l&rsquo;information g\u00e9n\u00e9rale et toute livraison subs\u00e9quente d&rsquo;un produit ou d&rsquo;un service est soumise aux conditions g\u00e9n\u00e9rales du distributeur\/agent concern\u00e9.<\/p>\n<h3>D\u00c9CHARGE DE RESPONSABILIT\u00c9:<\/h3>\n<p>Le mat\u00e9riel du site internet est gratuitement mis \u00e0 la disposition \u00ab tel qu&rsquo;il est \u00bb.<\/p>\n<p>Les renseignements contenus sur le site internet concernant la d\u00e9ficience visuelle se veut de l&rsquo;information g\u00e9n\u00e9rale et ne peut substituer une consultation aupr\u00e8s d&rsquo;un professionnel de la vue. Nous vous encourageons de consulter un professionnel de la vue si vous \u00eates atteints d&rsquo;une perte de vision. <\/p>\n<p>Nous nous d\u00e9chargeons de toute responsabilit\u00e9 en cas de perte subie \u00e0 la suite de l&rsquo;utilisation de ce site internet, y compris a) \u00e9v\u00e9nements ou dommages directs ou indirects, sp\u00e9ciaux, fortuits ou b) toute perte de b\u00e9n\u00e9fices, gains, contrats, donn\u00e9es, client\u00e8le ou c) cessation de travail ou panne informatique. Nous nous d\u00e9chargeons de toute responsabilit\u00e9 en cas d&rsquo;erreur ou d&rsquo;omission dans les informations, le mat\u00e9riel et les fonctions contenus sur ce site internet.    <\/p>\n<h3>Loi &amp; litiges:<\/h3>\n<p>le syst\u00e8me judiciaire canadien a la comp\u00e9tence exclusive en mati\u00e8re de r\u00e8glement de tout litige ou toute pr\u00e9tention d\u00fb \u00e0 ou li\u00e9 \u00e0 ce site internet. La l\u00e9gislation canadienne est la l\u00e9gislation qui pr\u00e9vaut lors de tel litige ou pr\u00e9tention \u00e0 l&rsquo;exception cependant de la r\u00e9glementation internationale du droit priv\u00e9 de la loi canadienne. Cependant, nous nous r\u00e9servons le droit d&rsquo;engager des poursuites judiciaires devant toute juridiction o\u00f9 nous estimons qu&rsquo;il y a eu violation de nos droits incorporels. <\/p>\n\t\t\t\t\t\t\t\t<\/div>\n\t\t\t\t<\/div>\n\t\t\t\t<\/div>\n\t\t\t\t\t<\/div>\n\t\t\t\t<\/div>\n\t\t\t\t<\/div>\n\t\t","protected":false},"excerpt":{"rendered":"<p>TERMES ET CONDITIONS IMPORTANT: L&rsquo;UTILISATION DE CE SITE SIGNIFIE QUE VOUS ACCEPTEZ LES CONDITIONS SUIVANTES. Droit de propri\u00e9t\u00e9: Copyright\u00a9 Technologies HumanWare Inc. 2021. Les droits d&rsquo;auteur, les marques d\u00e9pos\u00e9es, les droits de bases de donn\u00e9es et autres droits incorporels du mat\u00e9riel, affich\u00e9s sur ou via ce site (\u00ab\u00a0mat\u00e9riel du site internet\u00a0\u00bb comprenant texte, graphique, logiciel [&hellip;]<\/p>\n","protected":false},"author":3,"featured_media":0,"parent":660,"menu_order":0,"comment_status":"closed","ping_status":"closed","template":"elementor_header_footer","meta":{"_acf_changed":false,"footnotes":""},"class_list":["post-2807","page","type-page","status-publish","hentry"],"acf":{"header_image":[1457],"header_image_links":""},"yoast_head":"<!-- This site is optimized with the Yoast SEO plugin v27.4 - https:\/\/yoast.com\/product\/yoast-seo-wordpress\/ -->\n<title>Termes et conditions - HumanWare<\/title>\n<meta name=\"robots\" content=\"index, follow, max-snippet:-1, max-image-preview:large, max-video-preview:-1\" \/>\n<link rel=\"canonical\" href=\"https:\/\/www.humanware.com\/fr\/home\/terms_of_use\/\" \/>\n<meta property=\"og:locale\" content=\"fr_FR\" \/>\n<meta property=\"og:type\" content=\"article\" \/>\n<meta property=\"og:title\" content=\"Termes et conditions - HumanWare\" \/>\n<meta property=\"og:description\" content=\"TERMES ET CONDITIONS IMPORTANT: L&rsquo;UTILISATION DE CE SITE SIGNIFIE QUE VOUS ACCEPTEZ LES CONDITIONS SUIVANTES. Droit de propri\u00e9t\u00e9: Copyright\u00a9 Technologies HumanWare Inc. 2021. Les droits d&rsquo;auteur, les marques d\u00e9pos\u00e9es, les droits de bases de donn\u00e9es et autres droits incorporels du mat\u00e9riel, affich\u00e9s sur ou via ce site (\u00ab\u00a0mat\u00e9riel du site internet\u00a0\u00bb comprenant texte, graphique, logiciel [&hellip;]\" \/>\n<meta property=\"og:url\" content=\"https:\/\/www.humanware.com\/fr\/home\/terms_of_use\/\" \/>\n<meta property=\"og:site_name\" content=\"HumanWare\" \/>\n<meta property=\"article:publisher\" content=\"https:\/\/www.facebook.com\/humanware\/\" \/>\n<meta property=\"article:modified_time\" content=\"2025-03-21T16:34:57+00:00\" \/>\n<meta property=\"og:image\" content=\"https:\/\/www.humanware.com\/wp-content\/uploads\/2024\/10\/HumanWare-see-things-differently.jpg\" \/>\n\t<meta property=\"og:image:width\" content=\"1200\" \/>\n\t<meta property=\"og:image:height\" content=\"628\" \/>\n\t<meta property=\"og:image:type\" content=\"image\/jpeg\" \/>\n<meta name=\"twitter:card\" content=\"summary_large_image\" \/>\n<meta name=\"twitter:label1\" content=\"Dur\u00e9e de lecture estim\u00e9e\" \/>\n\t<meta name=\"twitter:data1\" content=\"2 minutes\" \/>\n<script type=\"application\/ld+json\" class=\"yoast-schema-graph\">{\"@context\":\"https:\\\/\\\/schema.org\",\"@graph\":[{\"@type\":\"WebPage\",\"@id\":\"https:\\\/\\\/www.humanware.com\\\/fr\\\/home\\\/terms_of_use\\\/\",\"url\":\"https:\\\/\\\/www.humanware.com\\\/fr\\\/home\\\/terms_of_use\\\/\",\"name\":\"Termes et conditions - HumanWare\",\"isPartOf\":{\"@id\":\"https:\\\/\\\/www.humanware.com\\\/fr\\\/#website\"},\"datePublished\":\"2024-07-04T20:26:13+00:00\",\"dateModified\":\"2025-03-21T16:34:57+00:00\",\"breadcrumb\":{\"@id\":\"https:\\\/\\\/www.humanware.com\\\/fr\\\/home\\\/terms_of_use\\\/#breadcrumb\"},\"inLanguage\":\"fr-FR\",\"potentialAction\":[{\"@type\":\"ReadAction\",\"target\":[\"https:\\\/\\\/www.humanware.com\\\/fr\\\/home\\\/terms_of_use\\\/\"]}]},{\"@type\":\"BreadcrumbList\",\"@id\":\"https:\\\/\\\/www.humanware.com\\\/fr\\\/home\\\/terms_of_use\\\/#breadcrumb\",\"itemListElement\":[{\"@type\":\"ListItem\",\"position\":1,\"name\":\"Home\",\"item\":\"https:\\\/\\\/www.humanware.com\\\/fr\\\/\"},{\"@type\":\"ListItem\",\"position\":2,\"name\":\"Accueil\",\"item\":\"https:\\\/\\\/www.humanware.com\\\/fr\\\/\"},{\"@type\":\"ListItem\",\"position\":3,\"name\":\"Termes et conditions\"}]},{\"@type\":\"WebSite\",\"@id\":\"https:\\\/\\\/www.humanware.com\\\/fr\\\/#website\",\"url\":\"https:\\\/\\\/www.humanware.com\\\/fr\\\/\",\"name\":\"HumanWare\",\"description\":\"Solutions pour basse vision et c\u00e9cit\u00e9\",\"publisher\":{\"@id\":\"https:\\\/\\\/www.humanware.com\\\/fr\\\/#organization\"},\"potentialAction\":[{\"@type\":\"SearchAction\",\"target\":{\"@type\":\"EntryPoint\",\"urlTemplate\":\"https:\\\/\\\/www.humanware.com\\\/fr\\\/?s={search_term_string}\"},\"query-input\":{\"@type\":\"PropertyValueSpecification\",\"valueRequired\":true,\"valueName\":\"search_term_string\"}}],\"inLanguage\":\"fr-FR\"},{\"@type\":\"Organization\",\"@id\":\"https:\\\/\\\/www.humanware.com\\\/fr\\\/#organization\",\"name\":\"HumanWare\",\"url\":\"https:\\\/\\\/www.humanware.com\\\/fr\\\/\",\"logo\":{\"@type\":\"ImageObject\",\"inLanguage\":\"fr-FR\",\"@id\":\"https:\\\/\\\/www.humanware.com\\\/fr\\\/#\\\/schema\\\/logo\\\/image\\\/\",\"url\":\"https:\\\/\\\/www.humanware.com\\\/wp-content\\\/uploads\\\/2024\\\/12\\\/Logo-HW.jpg\",\"contentUrl\":\"https:\\\/\\\/www.humanware.com\\\/wp-content\\\/uploads\\\/2024\\\/12\\\/Logo-HW.jpg\",\"width\":1000,\"height\":667,\"caption\":\"HumanWare\"},\"image\":{\"@id\":\"https:\\\/\\\/www.humanware.com\\\/fr\\\/#\\\/schema\\\/logo\\\/image\\\/\"},\"sameAs\":[\"https:\\\/\\\/www.facebook.com\\\/humanware\\\/\",\"https:\\\/\\\/ca.linkedin.com\\\/company\\\/humanware\"]}]}<\/script>\n<!-- \/ Yoast SEO plugin. -->","yoast_head_json":{"title":"Termes et conditions - HumanWare","robots":{"index":"index","follow":"follow","max-snippet":"max-snippet:-1","max-image-preview":"max-image-preview:large","max-video-preview":"max-video-preview:-1"},"canonical":"https:\/\/www.humanware.com\/fr\/home\/terms_of_use\/","og_locale":"fr_FR","og_type":"article","og_title":"Termes et conditions - HumanWare","og_description":"TERMES ET CONDITIONS IMPORTANT: L&rsquo;UTILISATION DE CE SITE SIGNIFIE QUE VOUS ACCEPTEZ LES CONDITIONS SUIVANTES. Droit de propri\u00e9t\u00e9: Copyright\u00a9 Technologies HumanWare Inc. 2021. Les droits d&rsquo;auteur, les marques d\u00e9pos\u00e9es, les droits de bases de donn\u00e9es et autres droits incorporels du mat\u00e9riel, affich\u00e9s sur ou via ce site (\u00ab\u00a0mat\u00e9riel du site internet\u00a0\u00bb comprenant texte, graphique, logiciel [&hellip;]","og_url":"https:\/\/www.humanware.com\/fr\/home\/terms_of_use\/","og_site_name":"HumanWare","article_publisher":"https:\/\/www.facebook.com\/humanware\/","article_modified_time":"2025-03-21T16:34:57+00:00","og_image":[{"width":1200,"height":628,"url":"https:\/\/www.humanware.com\/wp-content\/uploads\/2024\/10\/HumanWare-see-things-differently.jpg","type":"image\/jpeg"}],"twitter_card":"summary_large_image","twitter_misc":{"Dur\u00e9e de lecture estim\u00e9e":"2 minutes"},"schema":{"@context":"https:\/\/schema.org","@graph":[{"@type":"WebPage","@id":"https:\/\/www.humanware.com\/fr\/home\/terms_of_use\/","url":"https:\/\/www.humanware.com\/fr\/home\/terms_of_use\/","name":"Termes et conditions - HumanWare","isPartOf":{"@id":"https:\/\/www.humanware.com\/fr\/#website"},"datePublished":"2024-07-04T20:26:13+00:00","dateModified":"2025-03-21T16:34:57+00:00","breadcrumb":{"@id":"https:\/\/www.humanware.com\/fr\/home\/terms_of_use\/#breadcrumb"},"inLanguage":"fr-FR","potentialAction":[{"@type":"ReadAction","target":["https:\/\/www.humanware.com\/fr\/home\/terms_of_use\/"]}]},{"@type":"BreadcrumbList","@id":"https:\/\/www.humanware.com\/fr\/home\/terms_of_use\/#breadcrumb","itemListElement":[{"@type":"ListItem","position":1,"name":"Home","item":"https:\/\/www.humanware.com\/fr\/"},{"@type":"ListItem","position":2,"name":"Accueil","item":"https:\/\/www.humanware.com\/fr\/"},{"@type":"ListItem","position":3,"name":"Termes et conditions"}]},{"@type":"WebSite","@id":"https:\/\/www.humanware.com\/fr\/#website","url":"https:\/\/www.humanware.com\/fr\/","name":"HumanWare","description":"Solutions pour basse vision et c\u00e9cit\u00e9","publisher":{"@id":"https:\/\/www.humanware.com\/fr\/#organization"},"potentialAction":[{"@type":"SearchAction","target":{"@type":"EntryPoint","urlTemplate":"https:\/\/www.humanware.com\/fr\/?s={search_term_string}"},"query-input":{"@type":"PropertyValueSpecification","valueRequired":true,"valueName":"search_term_string"}}],"inLanguage":"fr-FR"},{"@type":"Organization","@id":"https:\/\/www.humanware.com\/fr\/#organization","name":"HumanWare","url":"https:\/\/www.humanware.com\/fr\/","logo":{"@type":"ImageObject","inLanguage":"fr-FR","@id":"https:\/\/www.humanware.com\/fr\/#\/schema\/logo\/image\/","url":"https:\/\/www.humanware.com\/wp-content\/uploads\/2024\/12\/Logo-HW.jpg","contentUrl":"https:\/\/www.humanware.com\/wp-content\/uploads\/2024\/12\/Logo-HW.jpg","width":1000,"height":667,"caption":"HumanWare"},"image":{"@id":"https:\/\/www.humanware.com\/fr\/#\/schema\/logo\/image\/"},"sameAs":["https:\/\/www.facebook.com\/humanware\/","https:\/\/ca.linkedin.com\/company\/humanware"]}]}},"_links":{"self":[{"href":"https:\/\/www.humanware.com\/fr\/wp-json\/wp\/v2\/pages\/2807","targetHints":{"allow":["GET"]}}],"collection":[{"href":"https:\/\/www.humanware.com\/fr\/wp-json\/wp\/v2\/pages"}],"about":[{"href":"https:\/\/www.humanware.com\/fr\/wp-json\/wp\/v2\/types\/page"}],"author":[{"embeddable":true,"href":"https:\/\/www.humanware.com\/fr\/wp-json\/wp\/v2\/users\/3"}],"replies":[{"embeddable":true,"href":"https:\/\/www.humanware.com\/fr\/wp-json\/wp\/v2\/comments?post=2807"}],"version-history":[{"count":5,"href":"https:\/\/www.humanware.com\/fr\/wp-json\/wp\/v2\/pages\/2807\/revisions"}],"predecessor-version":[{"id":11528,"href":"https:\/\/www.humanware.com\/fr\/wp-json\/wp\/v2\/pages\/2807\/revisions\/11528"}],"up":[{"embeddable":true,"href":"https:\/\/www.humanware.com\/fr\/wp-json\/wp\/v2\/pages\/660"}],"acf:attachment":[{"embeddable":true,"href":"https:\/\/www.humanware.com\/fr\/wp-json\/wp\/v2\/media\/1457"}],"wp:attachment":[{"href":"https:\/\/www.humanware.com\/fr\/wp-json\/wp\/v2\/media?parent=2807"}],"curies":[{"name":"wp","href":"https:\/\/api.w.org\/{rel}","templated":true}]}}