{"id":2809,"date":"2024-07-04T16:25:46","date_gmt":"2024-07-04T20:25:46","guid":{"rendered":"https:\/\/www.humanware.com\/home\/security-privacy\/"},"modified":"2025-03-21T12:43:26","modified_gmt":"2025-03-21T16:43:26","slug":"security_and_privacy","status":"publish","type":"page","link":"https:\/\/www.humanware.com\/fr\/home\/security_and_privacy\/","title":{"rendered":"S\u00e9curit\u00e9 et confidentialit\u00e9"},"content":{"rendered":"\t\t<div data-elementor-type=\"wp-page\" data-elementor-id=\"2809\" class=\"elementor elementor-2809 elementor-837\" data-elementor-post-type=\"page\">\n\t\t\t\t<div class=\"elementor-element elementor-element-40029b1 e-flex e-con-boxed e-con e-parent\" data-id=\"40029b1\" data-element_type=\"container\" data-e-type=\"container\">\n\t\t\t\t\t<div class=\"e-con-inner\">\n\t\t<div class=\"elementor-element elementor-element-9813d94 leadership-team  e-con-full e-flex e-con e-child\" data-id=\"9813d94\" data-element_type=\"container\" data-e-type=\"container\" data-settings=\"{&quot;background_background&quot;:&quot;classic&quot;}\">\n\t\t\t\t<div class=\"elementor-element elementor-element-61ed577 elementor-widget elementor-widget-heading\" data-id=\"61ed577\" data-element_type=\"widget\" data-e-type=\"widget\" data-widget_type=\"heading.default\">\n\t\t\t\t<div class=\"elementor-widget-container\">\n\t\t\t\t\t<h1 class=\"elementor-heading-title elementor-size-default\">Politique de confidentialit\u00e9 et consentement \u00e0 l'utilisation de donn\u00e9es <\/h1>\t\t\t\t<\/div>\n\t\t\t\t<\/div>\n\t\t\t\t<div class=\"elementor-element elementor-element-04013ff elementor-widget elementor-widget-text-editor\" data-id=\"04013ff\" data-element_type=\"widget\" data-e-type=\"widget\" data-widget_type=\"text-editor.default\">\n\t\t\t\t<div class=\"elementor-widget-container\">\n\t\t\t\t\t\t\t\t\t<p>En soumettant de l&rsquo;information personnelle, manuellement ou \u00e9lectroniquement, \u00e0 Technologies HumanWare Inc. et\/ou en utilisant notre site internet, vous consentez \u00e0 ce que nous traitions toute information personnelle que vous soumettez de la mani\u00e8re et aux fins des intentions d\u00e9crites ci-dessous.<\/p><p><strong>NOUS NE CONSERVONS PAS LES D\u00c9TAILS DE LA CARTE DE CR\u00c9DIT ET NOUS NE PARTAGEONS PAS LES D\u00c9TAILS DU CLIENT AVEC DES TIERS.<\/strong><\/p><h3>Collecte et utilisation de donn\u00e9es personnelles<\/h3><p>Vous pouvez choisir de recevoir de notre mat\u00e9riel. Si vous demandez du mat\u00e9riel, nous vous demandons des coordonn\u00e9es telles votre nom, adresse postale et adresse courriel. L&rsquo;information que vous nous fournissez, manuellement ou \u00e9lectroniquement, est sauvegard\u00e9e dans nos bases de donn\u00e9es. L&rsquo;information sera utilis\u00e9e exclusivement aux intentions pour lesquelles elle a \u00e9t\u00e9 recueillie.<\/p><h3>Divulgation de donn\u00e9es personnelles<\/h3><p>En aucun cas nous ne partageons votre information personnelle avec ou ne la vendons et ne la distribuons \u00e0 des tiers externes, incluant des agences de diffusion ou similaires.<\/p><p>Toutefois, nous pouvons transf\u00e9rer les donn\u00e9es personnelles aux tiers organismes en charge de la vente, du support, des envois, de la publicit\u00e9 ou des comp\u00e9titions pour nous. Lorsque requis, nous exigerons du tiers une attestation par \u00e9crit des pr\u00e9cautions ad\u00e9quates pour prot\u00e9ger de telles donn\u00e9es, avant de divulguer l&rsquo;information personnelle \u00e0 ce tiers.<\/p><h3>Les donn\u00e9es anonymes recueillies via le site internet<\/h3><p>En plus de l&rsquo;information recueillie tel que d\u00e9crit ci-dessus, nous utilisons la technologie pour la collecte d&rsquo;information anonyme quant \u00e0 l&rsquo;utilisation de notre site internet. Par exemple, nous utilisons la technologie pour traquer les pages de notre site internet visionn\u00e9es par nos visiteurs. Nous utilisons \u00e9galement la technologie pour d\u00e9terminer quels navigateurs web nos visiteurs utilisent. Cette technologie ne vous identifie pas personnellement; elle nous permet simplement de compiler des statistiques sur nos visiteurs et leur usage de notre site internet. Nous utilisons ces donn\u00e9es anonymes pour am\u00e9liorer le contenu et la fonctionnalit\u00e9 de notre site internet, pour mieux comprendre nos clients et visiteurs et pour am\u00e9liorer les services que nous offrons.<\/p><h3>Liens \u00e0 d&rsquo;autres sites internet<\/h3><p>Ce site internet peut contenir des hyperliens \u00e0 des sites internet ind\u00e9pendants. Ces hyperliens sont fournis seulement \u00e0 titre de r\u00e9f\u00e9rence et de commodit\u00e9 et n&rsquo;impliquent aucunement l&rsquo;endossement des activit\u00e9s des sites internet de ces tiers ou l&rsquo;association avec ses op\u00e9rateurs. Nous ne supportons pas l&rsquo;op\u00e9rateur externe, son site internet ou les produits et\/ou services offerts ou vendus par l&rsquo;op\u00e9rateur en question. Nous n&rsquo;exer\u00e7ons aucun contr\u00f4le sur ces sites internet et ne sommes pas responsables pour leur contenu et leurs politiques de confidentialit\u00e9.<\/p><h3>S\u00e9curit\u00e9 des donn\u00e9es<\/h3><p>L&rsquo;acc\u00e8s \u00e0 l&rsquo;information fournie est limit\u00e9 aux employ\u00e9s ayant un besoin l\u00e9gitime pour cette information dans l&rsquo;exercice de leurs fonctions.<\/p><p>Nous nous effor\u00e7ons de maintenir la fiabilit\u00e9, la pr\u00e9cision, la compl\u00e9tude et l&rsquo;exactitude de l&rsquo;information personnelle dans nos bases de donn\u00e9es et de prot\u00e9ger la s\u00e9curit\u00e9 de nos bases de donn\u00e9es.<\/p><p>Nous conservons vos donn\u00e9es personnelles aussi longtemps que raisonnablement n\u00e9cessaire aux fins pour lesquelles elles ont \u00e9t\u00e9 recueillies ou pour respecter tous rapports l\u00e9gaux ou \u00e9thiques applicables ou obligations de conservation de documents qui nous sont impos\u00e9es.<\/p><h3>Acc\u00e8s \u00e0 l&rsquo;information et corrections<\/h3><p>Si vous d\u00e9sirez conna\u00eetre l\u2019information personnelle que nous poss\u00e9dons \u00e0 votre sujet, pri\u00e8re de communiquer avec notre reponsable de la protection des renseignements personnels par courriel \u00e0 l\u2019adresse suivante:\u00a0<a title=\"mailto:web-privacy@humanware.com\" href=\"mailto:web-privacy@humanware.com\" data-linkindex=\"1\">web-privacy@humanware.com<\/a><\/p><p>Vous pouvez \u00e9galement nous demander de corriger, de modifier ou de supprimer toute information personnelle vous concernant.<\/p><h3>Communiquer avec HumanWare<\/h3><p>Si vous avez des commentaires concernant notre politique de confidentialit\u00e9, nos pratiques pour ce site internet ou autre, pri\u00e8re de communiquer avec nous.<\/p>\t\t\t\t\t\t\t\t<\/div>\n\t\t\t\t<\/div>\n\t\t\t\t<\/div>\n\t\t\t\t\t<\/div>\n\t\t\t\t<\/div>\n\t\t\t\t<\/div>\n\t\t","protected":false},"excerpt":{"rendered":"<p>Politique de confidentialit\u00e9 et consentement \u00e0 l&rsquo;utilisation de donn\u00e9es En soumettant de l&rsquo;information personnelle, manuellement ou \u00e9lectroniquement, \u00e0 Technologies HumanWare Inc. et\/ou en utilisant notre site internet, vous consentez \u00e0 ce que nous traitions toute information personnelle que vous soumettez de la mani\u00e8re et aux fins des intentions d\u00e9crites ci-dessous. NOUS NE CONSERVONS PAS LES [&hellip;]<\/p>\n","protected":false},"author":3,"featured_media":0,"parent":660,"menu_order":0,"comment_status":"closed","ping_status":"closed","template":"elementor_header_footer","meta":{"_acf_changed":false,"footnotes":""},"class_list":["post-2809","page","type-page","status-publish","hentry"],"acf":{"header_image":[1457],"header_image_links":""},"yoast_head":"<!-- This site is optimized with the Yoast SEO plugin v27.2 - https:\/\/yoast.com\/product\/yoast-seo-wordpress\/ -->\n<title>S\u00e9curit\u00e9 et confidentialit\u00e9 - HumanWare<\/title>\n<meta name=\"robots\" content=\"index, follow, max-snippet:-1, max-image-preview:large, max-video-preview:-1\" \/>\n<link rel=\"canonical\" href=\"https:\/\/www.humanware.com\/fr\/home\/security_and_privacy\/\" \/>\n<meta property=\"og:locale\" content=\"fr_FR\" \/>\n<meta property=\"og:type\" content=\"article\" \/>\n<meta property=\"og:title\" content=\"S\u00e9curit\u00e9 et confidentialit\u00e9 - HumanWare\" \/>\n<meta property=\"og:description\" content=\"Politique de confidentialit\u00e9 et consentement \u00e0 l&rsquo;utilisation de donn\u00e9es En soumettant de l&rsquo;information personnelle, manuellement ou \u00e9lectroniquement, \u00e0 Technologies HumanWare Inc. et\/ou en utilisant notre site internet, vous consentez \u00e0 ce que nous traitions toute information personnelle que vous soumettez de la mani\u00e8re et aux fins des intentions d\u00e9crites ci-dessous. NOUS NE CONSERVONS PAS LES [&hellip;]\" \/>\n<meta property=\"og:url\" content=\"https:\/\/www.humanware.com\/fr\/home\/security_and_privacy\/\" \/>\n<meta property=\"og:site_name\" content=\"HumanWare\" \/>\n<meta property=\"article:publisher\" content=\"https:\/\/www.facebook.com\/humanware\/\" \/>\n<meta property=\"article:modified_time\" content=\"2025-03-21T16:43:26+00:00\" \/>\n<meta property=\"og:image\" content=\"https:\/\/www.humanware.com\/wp-content\/uploads\/2024\/10\/HumanWare-see-things-differently.jpg\" \/>\n\t<meta property=\"og:image:width\" content=\"1200\" \/>\n\t<meta property=\"og:image:height\" content=\"628\" \/>\n\t<meta property=\"og:image:type\" content=\"image\/jpeg\" \/>\n<meta name=\"twitter:card\" content=\"summary_large_image\" \/>\n<meta name=\"twitter:label1\" content=\"Dur\u00e9e de lecture estim\u00e9e\" \/>\n\t<meta name=\"twitter:data1\" content=\"4 minutes\" \/>\n<script type=\"application\/ld+json\" class=\"yoast-schema-graph\">{\"@context\":\"https:\/\/schema.org\",\"@graph\":[{\"@type\":\"WebPage\",\"@id\":\"https:\/\/www.humanware.com\/fr\/home\/security_and_privacy\/\",\"url\":\"https:\/\/www.humanware.com\/fr\/home\/security_and_privacy\/\",\"name\":\"S\u00e9curit\u00e9 et confidentialit\u00e9 - HumanWare\",\"isPartOf\":{\"@id\":\"https:\/\/www.humanware.com\/fr\/#website\"},\"datePublished\":\"2024-07-04T20:25:46+00:00\",\"dateModified\":\"2025-03-21T16:43:26+00:00\",\"breadcrumb\":{\"@id\":\"https:\/\/www.humanware.com\/fr\/home\/security_and_privacy\/#breadcrumb\"},\"inLanguage\":\"fr-FR\",\"potentialAction\":[{\"@type\":\"ReadAction\",\"target\":[\"https:\/\/www.humanware.com\/fr\/home\/security_and_privacy\/\"]}]},{\"@type\":\"BreadcrumbList\",\"@id\":\"https:\/\/www.humanware.com\/fr\/home\/security_and_privacy\/#breadcrumb\",\"itemListElement\":[{\"@type\":\"ListItem\",\"position\":1,\"name\":\"Home\",\"item\":\"https:\/\/www.humanware.com\/fr\/\"},{\"@type\":\"ListItem\",\"position\":2,\"name\":\"Accueil\",\"item\":\"https:\/\/www.humanware.com\/fr\/\"},{\"@type\":\"ListItem\",\"position\":3,\"name\":\"S\u00e9curit\u00e9 et confidentialit\u00e9\"}]},{\"@type\":\"WebSite\",\"@id\":\"https:\/\/www.humanware.com\/fr\/#website\",\"url\":\"https:\/\/www.humanware.com\/fr\/\",\"name\":\"HumanWare\",\"description\":\"Solutions pour basse vision et c\u00e9cit\u00e9\",\"publisher\":{\"@id\":\"https:\/\/www.humanware.com\/fr\/#organization\"},\"potentialAction\":[{\"@type\":\"SearchAction\",\"target\":{\"@type\":\"EntryPoint\",\"urlTemplate\":\"https:\/\/www.humanware.com\/fr\/?s={search_term_string}\"},\"query-input\":{\"@type\":\"PropertyValueSpecification\",\"valueRequired\":true,\"valueName\":\"search_term_string\"}}],\"inLanguage\":\"fr-FR\"},{\"@type\":\"Organization\",\"@id\":\"https:\/\/www.humanware.com\/fr\/#organization\",\"name\":\"HumanWare\",\"url\":\"https:\/\/www.humanware.com\/fr\/\",\"logo\":{\"@type\":\"ImageObject\",\"inLanguage\":\"fr-FR\",\"@id\":\"https:\/\/www.humanware.com\/fr\/#\/schema\/logo\/image\/\",\"url\":\"https:\/\/www.humanware.com\/wp-content\/uploads\/2024\/12\/Logo-HW.jpg\",\"contentUrl\":\"https:\/\/www.humanware.com\/wp-content\/uploads\/2024\/12\/Logo-HW.jpg\",\"width\":1000,\"height\":667,\"caption\":\"HumanWare\"},\"image\":{\"@id\":\"https:\/\/www.humanware.com\/fr\/#\/schema\/logo\/image\/\"},\"sameAs\":[\"https:\/\/www.facebook.com\/humanware\/\",\"https:\/\/ca.linkedin.com\/company\/humanware\"]}]}<\/script>\n<!-- \/ Yoast SEO plugin. -->","yoast_head_json":{"title":"S\u00e9curit\u00e9 et confidentialit\u00e9 - HumanWare","robots":{"index":"index","follow":"follow","max-snippet":"max-snippet:-1","max-image-preview":"max-image-preview:large","max-video-preview":"max-video-preview:-1"},"canonical":"https:\/\/www.humanware.com\/fr\/home\/security_and_privacy\/","og_locale":"fr_FR","og_type":"article","og_title":"S\u00e9curit\u00e9 et confidentialit\u00e9 - HumanWare","og_description":"Politique de confidentialit\u00e9 et consentement \u00e0 l&rsquo;utilisation de donn\u00e9es En soumettant de l&rsquo;information personnelle, manuellement ou \u00e9lectroniquement, \u00e0 Technologies HumanWare Inc. et\/ou en utilisant notre site internet, vous consentez \u00e0 ce que nous traitions toute information personnelle que vous soumettez de la mani\u00e8re et aux fins des intentions d\u00e9crites ci-dessous. NOUS NE CONSERVONS PAS LES [&hellip;]","og_url":"https:\/\/www.humanware.com\/fr\/home\/security_and_privacy\/","og_site_name":"HumanWare","article_publisher":"https:\/\/www.facebook.com\/humanware\/","article_modified_time":"2025-03-21T16:43:26+00:00","og_image":[{"width":1200,"height":628,"url":"https:\/\/www.humanware.com\/wp-content\/uploads\/2024\/10\/HumanWare-see-things-differently.jpg","type":"image\/jpeg"}],"twitter_card":"summary_large_image","twitter_misc":{"Dur\u00e9e de lecture estim\u00e9e":"4 minutes"},"schema":{"@context":"https:\/\/schema.org","@graph":[{"@type":"WebPage","@id":"https:\/\/www.humanware.com\/fr\/home\/security_and_privacy\/","url":"https:\/\/www.humanware.com\/fr\/home\/security_and_privacy\/","name":"S\u00e9curit\u00e9 et confidentialit\u00e9 - HumanWare","isPartOf":{"@id":"https:\/\/www.humanware.com\/fr\/#website"},"datePublished":"2024-07-04T20:25:46+00:00","dateModified":"2025-03-21T16:43:26+00:00","breadcrumb":{"@id":"https:\/\/www.humanware.com\/fr\/home\/security_and_privacy\/#breadcrumb"},"inLanguage":"fr-FR","potentialAction":[{"@type":"ReadAction","target":["https:\/\/www.humanware.com\/fr\/home\/security_and_privacy\/"]}]},{"@type":"BreadcrumbList","@id":"https:\/\/www.humanware.com\/fr\/home\/security_and_privacy\/#breadcrumb","itemListElement":[{"@type":"ListItem","position":1,"name":"Home","item":"https:\/\/www.humanware.com\/fr\/"},{"@type":"ListItem","position":2,"name":"Accueil","item":"https:\/\/www.humanware.com\/fr\/"},{"@type":"ListItem","position":3,"name":"S\u00e9curit\u00e9 et confidentialit\u00e9"}]},{"@type":"WebSite","@id":"https:\/\/www.humanware.com\/fr\/#website","url":"https:\/\/www.humanware.com\/fr\/","name":"HumanWare","description":"Solutions pour basse vision et c\u00e9cit\u00e9","publisher":{"@id":"https:\/\/www.humanware.com\/fr\/#organization"},"potentialAction":[{"@type":"SearchAction","target":{"@type":"EntryPoint","urlTemplate":"https:\/\/www.humanware.com\/fr\/?s={search_term_string}"},"query-input":{"@type":"PropertyValueSpecification","valueRequired":true,"valueName":"search_term_string"}}],"inLanguage":"fr-FR"},{"@type":"Organization","@id":"https:\/\/www.humanware.com\/fr\/#organization","name":"HumanWare","url":"https:\/\/www.humanware.com\/fr\/","logo":{"@type":"ImageObject","inLanguage":"fr-FR","@id":"https:\/\/www.humanware.com\/fr\/#\/schema\/logo\/image\/","url":"https:\/\/www.humanware.com\/wp-content\/uploads\/2024\/12\/Logo-HW.jpg","contentUrl":"https:\/\/www.humanware.com\/wp-content\/uploads\/2024\/12\/Logo-HW.jpg","width":1000,"height":667,"caption":"HumanWare"},"image":{"@id":"https:\/\/www.humanware.com\/fr\/#\/schema\/logo\/image\/"},"sameAs":["https:\/\/www.facebook.com\/humanware\/","https:\/\/ca.linkedin.com\/company\/humanware"]}]}},"_links":{"self":[{"href":"https:\/\/www.humanware.com\/fr\/wp-json\/wp\/v2\/pages\/2809","targetHints":{"allow":["GET"]}}],"collection":[{"href":"https:\/\/www.humanware.com\/fr\/wp-json\/wp\/v2\/pages"}],"about":[{"href":"https:\/\/www.humanware.com\/fr\/wp-json\/wp\/v2\/types\/page"}],"author":[{"embeddable":true,"href":"https:\/\/www.humanware.com\/fr\/wp-json\/wp\/v2\/users\/3"}],"replies":[{"embeddable":true,"href":"https:\/\/www.humanware.com\/fr\/wp-json\/wp\/v2\/comments?post=2809"}],"version-history":[{"count":11,"href":"https:\/\/www.humanware.com\/fr\/wp-json\/wp\/v2\/pages\/2809\/revisions"}],"predecessor-version":[{"id":11537,"href":"https:\/\/www.humanware.com\/fr\/wp-json\/wp\/v2\/pages\/2809\/revisions\/11537"}],"up":[{"embeddable":true,"href":"https:\/\/www.humanware.com\/fr\/wp-json\/wp\/v2\/pages\/660"}],"acf:attachment":[{"embeddable":true,"href":"https:\/\/www.humanware.com\/fr\/wp-json\/wp\/v2\/media\/1457"}],"wp:attachment":[{"href":"https:\/\/www.humanware.com\/fr\/wp-json\/wp\/v2\/media?parent=2809"}],"curies":[{"name":"wp","href":"https:\/\/api.w.org\/{rel}","templated":true}]}}