{"id":2819,"date":"2024-07-04T15:11:05","date_gmt":"2024-07-04T19:11:05","guid":{"rendered":"https:\/\/www.humanware.com\/appli-humanware-buddy\/"},"modified":"2025-03-20T10:58:15","modified_gmt":"2025-03-20T14:58:15","slug":"buddyapp","status":"publish","type":"page","link":"https:\/\/www.humanware.com\/fr\/buddyapp\/","title":{"rendered":"Appli HumanWare Buddy"},"content":{"rendered":"\t\t<div data-elementor-type=\"wp-page\" data-elementor-id=\"2819\" class=\"elementor elementor-2819 elementor-794\" data-elementor-post-type=\"page\">\n\t\t\t\t<div class=\"elementor-element elementor-element-deda86d e-flex e-con-boxed e-con e-parent\" data-id=\"deda86d\" data-element_type=\"container\" data-e-type=\"container\">\n\t\t\t\t\t<div class=\"e-con-inner\">\n\t\t<div class=\"elementor-element elementor-element-27e43b5 leadership-team  e-con-full e-flex e-con e-child\" data-id=\"27e43b5\" data-element_type=\"container\" data-e-type=\"container\" data-settings=\"{&quot;background_background&quot;:&quot;classic&quot;}\">\n\t\t\t\t<div class=\"elementor-element elementor-element-50ae895 elementor-widget elementor-widget-heading\" data-id=\"50ae895\" data-element_type=\"widget\" data-e-type=\"widget\" data-widget_type=\"heading.default\">\n\t\t\t\t<div class=\"elementor-widget-container\">\n\t\t\t\t\t<h1 class=\"elementor-heading-title elementor-size-default\">Appli HumanWare Buddy : <\/h1>\t\t\t\t<\/div>\n\t\t\t\t<\/div>\n\t\t\t\t<div class=\"elementor-element elementor-element-8e91e4a elementor-widget elementor-widget-heading\" data-id=\"8e91e4a\" data-element_type=\"widget\" data-e-type=\"widget\" data-widget_type=\"heading.default\">\n\t\t\t\t<div class=\"elementor-widget-container\">\n\t\t\t\t\t<h2 class=\"elementor-heading-title elementor-size-default\">l'outil parfait pour apprendre, enseigner et interagir avec les produits HumanWare<\/h2>\t\t\t\t<\/div>\n\t\t\t\t<\/div>\n\t\t\t\t<div class=\"elementor-element elementor-element-4033966 elementor-widget elementor-widget-text-editor\" data-id=\"4033966\" data-element_type=\"widget\" data-e-type=\"widget\" data-widget_type=\"text-editor.default\">\n\t\t\t\t<div class=\"elementor-widget-container\">\n\t\t\t\t\t\t\t\t\t<p style=\"font-weight: 400;\">Con\u00e7ue pour aider les enseignants, \u00e9tudiants et professionnels, l\u2019application <b><strong>HumanWare Buddy<\/strong><\/b> contient des guides \u00e9tape par \u00e9tape faciles \u00e0 lire, ce qui en fait l&rsquo;outil id\u00e9al pour que votre exp\u00e9rience des produits HumanWare soit des plus agr\u00e9ables et productives.<\/p><p style=\"font-weight: 400;\">Les ressources peuvent parfois \u00eatre difficiles \u00e0 trouver. Mais avec ses formations exhaustives toutes situ\u00e9es au m\u00eame endroit, <b><strong>HumanWare Buddy<\/strong><\/b> r\u00e9pond \u00e0 tous les besoins de nos utilisateurs. Avec cette appli \u00e0 vos c\u00f4t\u00e9s, vous pouvez atteindre vos objectifs et r\u00e9aliser des t\u00e2ches que vous croyiez hors de votre port\u00e9e.<\/p><p style=\"font-weight: 400;\">Avec l&rsquo;application <b><strong>HumanWare Buddy<\/strong><\/b> \u00e0 vos c\u00f4t\u00e9s, vous pouvez atteindre vos objectifs et accomplir des t\u00e2ches que vous pensiez hors de votre port\u00e9e.<\/p><p style=\"font-weight: 400;\">L\u2019application <b><strong>HumanWare Buddy<\/strong><\/b> est divis\u00e9e en 6 sections principales :<\/p><table border=\"0\" align=\"left\"><tbody><tr><td><img decoding=\"async\" src=\"\/wp-content\/uploads\/How-to-guide.png\" alt=\"How to guide icon\" \/><\/td><td><p><strong>Guides pratique<\/strong><\/p><ul><li>D\u00e9veloppez votre comp\u00e9tence des produits HumanWare gr\u00e2ce \u00e0 nos guides \u00e9tape par \u00e9tape faciles \u00e0 lire.<\/li><li>R\u00e9alisez vos t\u00e2ches, quelles qu&rsquo;elles soient, en recherchant des mots-cl\u00e9s li\u00e9s \u00e0 vos objectifs.<\/li><li>Ajoutez des guides \u00e0 vos favoris<\/li><li>D\u00e9veloppez votre savoir-faire et marquez des guides comme \u00abcompl\u00e9t\u00e9s\u00bb lorsque vous avez fini de les lire<\/li><\/ul><\/td><\/tr><tr><td><img decoding=\"async\" src=\"\/wp-content\/uploads\/Favorites.png\" alt=\"Favorite icon\" \/><\/td><td><p><strong>Ajouter aux favoris<\/strong><\/p><ul><li>Ajoutez et retirez des guides de vos favoris afin de les retrouver plus facilement.<\/li><li>Gardez vos guides pr\u00e9f\u00e9r\u00e9s ensemble jusqu&rsquo;\u00e0 ce que vous ayez compl\u00e8tement appris \u00e0 effectuer la t\u00e2che.<\/li><\/ul><\/td><\/tr><tr><td><img decoding=\"async\" src=\"\/wp-content\/uploads\/Search.png\" alt=\"Search icon\" \/><\/td><td><p><strong>Recherche<\/strong><\/p><ul><li>Utilisez le champ recherche et inscrivez les mots-cl\u00e9s de votre choix. L&rsquo;appli <strong>HumanWare Buddy<\/strong> vous proposera tous les guides li\u00e9s \u00e0 votre t\u00e2che.<\/li><\/ul><\/td><\/tr><tr><td><img decoding=\"async\" src=\"\/wp-content\/uploads\/Support.png\" alt=\"Support icon\" \/><\/td><td><p><strong>Support<\/strong><\/p><ul><li>Seuls quelques clics vous s\u00e9parent de HumanWare. Si vous devez contacter le support ou les ventes, cliquez simplement sur l&rsquo;option appropri\u00e9e (t\u00e9l\u00e9phone ou courriel) et vous serez bient\u00f4t en contact avec nous.<\/li><\/ul><\/td><\/tr><tr><td><img decoding=\"async\" src=\"\/wp-content\/uploads\/Videos.png\" alt=\"Videos icon\" \/><\/td><td><p><strong>Vid\u00e9os<\/strong><\/p><ul><li>Consultez notre vid\u00e9oth\u00e8que en ligne et suivez pas \u00e0 pas les guides pratiques.<\/li><\/ul><\/td><\/tr><tr><td><img decoding=\"async\" src=\"\/wp-content\/uploads\/News.png\" alt=\"News icon\" \/><\/td><td><p><strong>Nouvelles<\/strong><\/p><ul><li>Restez au courant de nos derni\u00e8res nouvelles et apprenez-en plus sur nos lancements et mises \u00e0 jour de produits, nos partenariats et \u00e9v\u00e9nements.<\/li><\/ul><\/td><\/tr><\/tbody><\/table>\t\t\t\t\t\t\t\t<\/div>\n\t\t\t\t<\/div>\n\t\t\t\t<div class=\"elementor-element elementor-element-7dcc7d0 elementor-widget elementor-widget-text-editor\" data-id=\"7dcc7d0\" data-element_type=\"widget\" data-e-type=\"widget\" data-widget_type=\"text-editor.default\">\n\t\t\t\t<div class=\"elementor-widget-container\">\n\t\t\t\t\t\t\t\t\t<h3>Veuillez cliquer sur les boutons ci-dessous pour t\u00e9l\u00e9charger l&rsquo;application HumanWare Buddy sur le Google Play Store et l&rsquo;App Store :<\/h3>\t\t\t\t\t\t\t\t<\/div>\n\t\t\t\t<\/div>\n\t\t<div class=\"elementor-element elementor-element-345ea82 e-con-full e-flex e-con e-child\" data-id=\"345ea82\" data-element_type=\"container\" data-e-type=\"container\">\n\t\t<div class=\"elementor-element elementor-element-9789668 e-con-full e-flex e-con e-child\" data-id=\"9789668\" data-element_type=\"container\" data-e-type=\"container\">\n\t\t\t\t<div class=\"elementor-element elementor-element-7f208e9 elementor-widget elementor-widget-image\" data-id=\"7f208e9\" data-element_type=\"widget\" data-e-type=\"widget\" data-widget_type=\"image.default\">\n\t\t\t\t<div class=\"elementor-widget-container\">\n\t\t\t\t\t\t\t\t\t\t\t\t\t\t\t\t<a href=\"https:\/\/play.google.com\/store\/apps\/details?id=com.humanware.hwbuddy\" target=\"_blank\">\n\t\t\t\t\t\t\t<img loading=\"lazy\" decoding=\"async\" width=\"200\" height=\"56\" src=\"https:\/\/www.humanware.com\/wp-content\/uploads\/2024\/10\/Disponible-sur-Google-Play.jpg\" class=\"attachment-full size-full wp-image-5617\" alt=\"Disponible sur Google Play\" \/>\t\t\t\t\t\t\t\t<\/a>\n\t\t\t\t\t\t\t\t\t\t\t\t\t\t\t<\/div>\n\t\t\t\t<\/div>\n\t\t\t\t<\/div>\n\t\t<div class=\"elementor-element elementor-element-ddd11e9 e-con-full e-flex e-con e-child\" data-id=\"ddd11e9\" data-element_type=\"container\" data-e-type=\"container\">\n\t\t\t\t<div class=\"elementor-element elementor-element-3a30e4a elementor-widget elementor-widget-image\" data-id=\"3a30e4a\" data-element_type=\"widget\" data-e-type=\"widget\" data-widget_type=\"image.default\">\n\t\t\t\t<div class=\"elementor-widget-container\">\n\t\t\t\t\t\t\t\t\t\t\t\t\t\t\t\t<a href=\"https:\/\/apps.apple.com\/us\/app\/hw-buddy\/id1503313942?ls=1\" target=\"_blank\">\n\t\t\t\t\t\t\t<img loading=\"lazy\" decoding=\"async\" width=\"125\" height=\"35\" src=\"https:\/\/www.humanware.com\/wp-content\/uploads\/2024\/10\/Disponible-sur-App-Store.jpg\" class=\"attachment-full size-full wp-image-5619\" alt=\"\" \/>\t\t\t\t\t\t\t\t<\/a>\n\t\t\t\t\t\t\t\t\t\t\t\t\t\t\t<\/div>\n\t\t\t\t<\/div>\n\t\t\t\t<\/div>\n\t\t\t\t<\/div>\n\t\t\t\t<\/div>\n\t\t\t\t\t<\/div>\n\t\t\t\t<\/div>\n\t\t\t\t<\/div>\n\t\t","protected":false},"excerpt":{"rendered":"<p>Appli HumanWare Buddy : l&rsquo;outil parfait pour apprendre, enseigner et interagir avec les produits HumanWare Con\u00e7ue pour aider les enseignants, \u00e9tudiants et professionnels, l\u2019application HumanWare Buddy contient des guides \u00e9tape par \u00e9tape faciles \u00e0 lire, ce qui en fait l&rsquo;outil id\u00e9al pour que votre exp\u00e9rience des produits HumanWare soit des plus agr\u00e9ables et productives. Les [&hellip;]<\/p>\n","protected":false},"author":3,"featured_media":0,"parent":0,"menu_order":0,"comment_status":"closed","ping_status":"closed","template":"elementor_header_footer","meta":{"_acf_changed":false,"footnotes":""},"class_list":["post-2819","page","type-page","status-publish","hentry"],"acf":{"header_image":[1451],"header_image_links":""},"yoast_head":"<!-- This site is optimized with the Yoast SEO plugin v27.4 - https:\/\/yoast.com\/product\/yoast-seo-wordpress\/ -->\n<title>Appli HumanWare Buddy - HumanWare<\/title>\n<meta name=\"robots\" content=\"index, follow, max-snippet:-1, max-image-preview:large, max-video-preview:-1\" \/>\n<link rel=\"canonical\" href=\"https:\/\/www.humanware.com\/fr\/buddyapp\/\" \/>\n<meta property=\"og:locale\" content=\"fr_FR\" \/>\n<meta property=\"og:type\" content=\"article\" \/>\n<meta property=\"og:title\" content=\"Appli HumanWare Buddy - HumanWare\" \/>\n<meta property=\"og:description\" content=\"Appli HumanWare Buddy : l&rsquo;outil parfait pour apprendre, enseigner et interagir avec les produits HumanWare Con\u00e7ue pour aider les enseignants, \u00e9tudiants et professionnels, l\u2019application HumanWare Buddy contient des guides \u00e9tape par \u00e9tape faciles \u00e0 lire, ce qui en fait l&rsquo;outil id\u00e9al pour que votre exp\u00e9rience des produits HumanWare soit des plus agr\u00e9ables et productives. Les [&hellip;]\" \/>\n<meta property=\"og:url\" content=\"https:\/\/www.humanware.com\/fr\/buddyapp\/\" \/>\n<meta property=\"og:site_name\" content=\"HumanWare\" \/>\n<meta property=\"article:publisher\" content=\"https:\/\/www.facebook.com\/humanware\/\" \/>\n<meta property=\"article:modified_time\" content=\"2025-03-20T14:58:15+00:00\" \/>\n<meta property=\"og:image\" content=\"https:\/\/www.humanware.com\/wp-content\/uploads\/2024\/10\/Disponible-sur-Google-Play.jpg\" \/>\n<meta name=\"twitter:card\" content=\"summary_large_image\" \/>\n<meta name=\"twitter:label1\" content=\"Dur\u00e9e de lecture estim\u00e9e\" \/>\n\t<meta name=\"twitter:data1\" content=\"4 minutes\" \/>\n<script type=\"application\/ld+json\" class=\"yoast-schema-graph\">{\"@context\":\"https:\\\/\\\/schema.org\",\"@graph\":[{\"@type\":\"WebPage\",\"@id\":\"https:\\\/\\\/www.humanware.com\\\/fr\\\/buddyapp\\\/\",\"url\":\"https:\\\/\\\/www.humanware.com\\\/fr\\\/buddyapp\\\/\",\"name\":\"Appli HumanWare Buddy - HumanWare\",\"isPartOf\":{\"@id\":\"https:\\\/\\\/www.humanware.com\\\/fr\\\/#website\"},\"primaryImageOfPage\":{\"@id\":\"https:\\\/\\\/www.humanware.com\\\/fr\\\/buddyapp\\\/#primaryimage\"},\"image\":{\"@id\":\"https:\\\/\\\/www.humanware.com\\\/fr\\\/buddyapp\\\/#primaryimage\"},\"thumbnailUrl\":\"https:\\\/\\\/www.humanware.com\\\/wp-content\\\/uploads\\\/2024\\\/10\\\/Disponible-sur-Google-Play.jpg\",\"datePublished\":\"2024-07-04T19:11:05+00:00\",\"dateModified\":\"2025-03-20T14:58:15+00:00\",\"breadcrumb\":{\"@id\":\"https:\\\/\\\/www.humanware.com\\\/fr\\\/buddyapp\\\/#breadcrumb\"},\"inLanguage\":\"fr-FR\",\"potentialAction\":[{\"@type\":\"ReadAction\",\"target\":[\"https:\\\/\\\/www.humanware.com\\\/fr\\\/buddyapp\\\/\"]}]},{\"@type\":\"ImageObject\",\"inLanguage\":\"fr-FR\",\"@id\":\"https:\\\/\\\/www.humanware.com\\\/fr\\\/buddyapp\\\/#primaryimage\",\"url\":\"https:\\\/\\\/www.humanware.com\\\/wp-content\\\/uploads\\\/2024\\\/10\\\/Disponible-sur-Google-Play.jpg\",\"contentUrl\":\"https:\\\/\\\/www.humanware.com\\\/wp-content\\\/uploads\\\/2024\\\/10\\\/Disponible-sur-Google-Play.jpg\"},{\"@type\":\"BreadcrumbList\",\"@id\":\"https:\\\/\\\/www.humanware.com\\\/fr\\\/buddyapp\\\/#breadcrumb\",\"itemListElement\":[{\"@type\":\"ListItem\",\"position\":1,\"name\":\"Home\",\"item\":\"https:\\\/\\\/www.humanware.com\\\/fr\\\/\"},{\"@type\":\"ListItem\",\"position\":2,\"name\":\"Appli HumanWare Buddy\"}]},{\"@type\":\"WebSite\",\"@id\":\"https:\\\/\\\/www.humanware.com\\\/fr\\\/#website\",\"url\":\"https:\\\/\\\/www.humanware.com\\\/fr\\\/\",\"name\":\"HumanWare\",\"description\":\"Solutions pour basse vision et c\u00e9cit\u00e9\",\"publisher\":{\"@id\":\"https:\\\/\\\/www.humanware.com\\\/fr\\\/#organization\"},\"potentialAction\":[{\"@type\":\"SearchAction\",\"target\":{\"@type\":\"EntryPoint\",\"urlTemplate\":\"https:\\\/\\\/www.humanware.com\\\/fr\\\/?s={search_term_string}\"},\"query-input\":{\"@type\":\"PropertyValueSpecification\",\"valueRequired\":true,\"valueName\":\"search_term_string\"}}],\"inLanguage\":\"fr-FR\"},{\"@type\":\"Organization\",\"@id\":\"https:\\\/\\\/www.humanware.com\\\/fr\\\/#organization\",\"name\":\"HumanWare\",\"url\":\"https:\\\/\\\/www.humanware.com\\\/fr\\\/\",\"logo\":{\"@type\":\"ImageObject\",\"inLanguage\":\"fr-FR\",\"@id\":\"https:\\\/\\\/www.humanware.com\\\/fr\\\/#\\\/schema\\\/logo\\\/image\\\/\",\"url\":\"https:\\\/\\\/www.humanware.com\\\/wp-content\\\/uploads\\\/2024\\\/12\\\/Logo-HW.jpg\",\"contentUrl\":\"https:\\\/\\\/www.humanware.com\\\/wp-content\\\/uploads\\\/2024\\\/12\\\/Logo-HW.jpg\",\"width\":1000,\"height\":667,\"caption\":\"HumanWare\"},\"image\":{\"@id\":\"https:\\\/\\\/www.humanware.com\\\/fr\\\/#\\\/schema\\\/logo\\\/image\\\/\"},\"sameAs\":[\"https:\\\/\\\/www.facebook.com\\\/humanware\\\/\",\"https:\\\/\\\/ca.linkedin.com\\\/company\\\/humanware\"]}]}<\/script>\n<!-- \/ Yoast SEO plugin. -->","yoast_head_json":{"title":"Appli HumanWare Buddy - HumanWare","robots":{"index":"index","follow":"follow","max-snippet":"max-snippet:-1","max-image-preview":"max-image-preview:large","max-video-preview":"max-video-preview:-1"},"canonical":"https:\/\/www.humanware.com\/fr\/buddyapp\/","og_locale":"fr_FR","og_type":"article","og_title":"Appli HumanWare Buddy - HumanWare","og_description":"Appli HumanWare Buddy : l&rsquo;outil parfait pour apprendre, enseigner et interagir avec les produits HumanWare Con\u00e7ue pour aider les enseignants, \u00e9tudiants et professionnels, l\u2019application HumanWare Buddy contient des guides \u00e9tape par \u00e9tape faciles \u00e0 lire, ce qui en fait l&rsquo;outil id\u00e9al pour que votre exp\u00e9rience des produits HumanWare soit des plus agr\u00e9ables et productives. Les [&hellip;]","og_url":"https:\/\/www.humanware.com\/fr\/buddyapp\/","og_site_name":"HumanWare","article_publisher":"https:\/\/www.facebook.com\/humanware\/","article_modified_time":"2025-03-20T14:58:15+00:00","og_image":[{"url":"https:\/\/www.humanware.com\/wp-content\/uploads\/2024\/10\/Disponible-sur-Google-Play.jpg","type":"","width":"","height":""}],"twitter_card":"summary_large_image","twitter_misc":{"Dur\u00e9e de lecture estim\u00e9e":"4 minutes"},"schema":{"@context":"https:\/\/schema.org","@graph":[{"@type":"WebPage","@id":"https:\/\/www.humanware.com\/fr\/buddyapp\/","url":"https:\/\/www.humanware.com\/fr\/buddyapp\/","name":"Appli HumanWare Buddy - HumanWare","isPartOf":{"@id":"https:\/\/www.humanware.com\/fr\/#website"},"primaryImageOfPage":{"@id":"https:\/\/www.humanware.com\/fr\/buddyapp\/#primaryimage"},"image":{"@id":"https:\/\/www.humanware.com\/fr\/buddyapp\/#primaryimage"},"thumbnailUrl":"https:\/\/www.humanware.com\/wp-content\/uploads\/2024\/10\/Disponible-sur-Google-Play.jpg","datePublished":"2024-07-04T19:11:05+00:00","dateModified":"2025-03-20T14:58:15+00:00","breadcrumb":{"@id":"https:\/\/www.humanware.com\/fr\/buddyapp\/#breadcrumb"},"inLanguage":"fr-FR","potentialAction":[{"@type":"ReadAction","target":["https:\/\/www.humanware.com\/fr\/buddyapp\/"]}]},{"@type":"ImageObject","inLanguage":"fr-FR","@id":"https:\/\/www.humanware.com\/fr\/buddyapp\/#primaryimage","url":"https:\/\/www.humanware.com\/wp-content\/uploads\/2024\/10\/Disponible-sur-Google-Play.jpg","contentUrl":"https:\/\/www.humanware.com\/wp-content\/uploads\/2024\/10\/Disponible-sur-Google-Play.jpg"},{"@type":"BreadcrumbList","@id":"https:\/\/www.humanware.com\/fr\/buddyapp\/#breadcrumb","itemListElement":[{"@type":"ListItem","position":1,"name":"Home","item":"https:\/\/www.humanware.com\/fr\/"},{"@type":"ListItem","position":2,"name":"Appli HumanWare Buddy"}]},{"@type":"WebSite","@id":"https:\/\/www.humanware.com\/fr\/#website","url":"https:\/\/www.humanware.com\/fr\/","name":"HumanWare","description":"Solutions pour basse vision et c\u00e9cit\u00e9","publisher":{"@id":"https:\/\/www.humanware.com\/fr\/#organization"},"potentialAction":[{"@type":"SearchAction","target":{"@type":"EntryPoint","urlTemplate":"https:\/\/www.humanware.com\/fr\/?s={search_term_string}"},"query-input":{"@type":"PropertyValueSpecification","valueRequired":true,"valueName":"search_term_string"}}],"inLanguage":"fr-FR"},{"@type":"Organization","@id":"https:\/\/www.humanware.com\/fr\/#organization","name":"HumanWare","url":"https:\/\/www.humanware.com\/fr\/","logo":{"@type":"ImageObject","inLanguage":"fr-FR","@id":"https:\/\/www.humanware.com\/fr\/#\/schema\/logo\/image\/","url":"https:\/\/www.humanware.com\/wp-content\/uploads\/2024\/12\/Logo-HW.jpg","contentUrl":"https:\/\/www.humanware.com\/wp-content\/uploads\/2024\/12\/Logo-HW.jpg","width":1000,"height":667,"caption":"HumanWare"},"image":{"@id":"https:\/\/www.humanware.com\/fr\/#\/schema\/logo\/image\/"},"sameAs":["https:\/\/www.facebook.com\/humanware\/","https:\/\/ca.linkedin.com\/company\/humanware"]}]}},"_links":{"self":[{"href":"https:\/\/www.humanware.com\/fr\/wp-json\/wp\/v2\/pages\/2819","targetHints":{"allow":["GET"]}}],"collection":[{"href":"https:\/\/www.humanware.com\/fr\/wp-json\/wp\/v2\/pages"}],"about":[{"href":"https:\/\/www.humanware.com\/fr\/wp-json\/wp\/v2\/types\/page"}],"author":[{"embeddable":true,"href":"https:\/\/www.humanware.com\/fr\/wp-json\/wp\/v2\/users\/3"}],"replies":[{"embeddable":true,"href":"https:\/\/www.humanware.com\/fr\/wp-json\/wp\/v2\/comments?post=2819"}],"version-history":[{"count":16,"href":"https:\/\/www.humanware.com\/fr\/wp-json\/wp\/v2\/pages\/2819\/revisions"}],"predecessor-version":[{"id":11313,"href":"https:\/\/www.humanware.com\/fr\/wp-json\/wp\/v2\/pages\/2819\/revisions\/11313"}],"acf:attachment":[{"embeddable":true,"href":"https:\/\/www.humanware.com\/fr\/wp-json\/wp\/v2\/media\/1451"}],"wp:attachment":[{"href":"https:\/\/www.humanware.com\/fr\/wp-json\/wp\/v2\/media?parent=2819"}],"curies":[{"name":"wp","href":"https:\/\/api.w.org\/{rel}","templated":true}]}}