{"id":2823,"date":"2024-07-04T15:11:43","date_gmt":"2024-07-04T19:11:43","guid":{"rendered":"https:\/\/www.humanware.com\/application-loupe-de-humanware\/"},"modified":"2025-07-16T09:23:01","modified_gmt":"2025-07-16T13:23:01","slug":"magnifierapp","status":"publish","type":"page","link":"https:\/\/www.humanware.com\/fr\/magnifierapp\/","title":{"rendered":"Application loupe de HumanWare"},"content":{"rendered":"\t\t<div data-elementor-type=\"wp-page\" data-elementor-id=\"2823\" class=\"elementor elementor-2823 elementor-796\" data-elementor-post-type=\"page\">\n\t\t\t\t<section class=\"elementor-element elementor-element-d6d2644 e-flex e-con-boxed e-con e-parent\" data-id=\"d6d2644\" data-element_type=\"container\" data-e-type=\"container\">\n\t\t\t\t\t<div class=\"e-con-inner\">\n\t\t<div class=\"elementor-element elementor-element-5a39844 leadership-team  e-con-full e-flex e-con e-child\" data-id=\"5a39844\" data-element_type=\"container\" data-e-type=\"container\" data-settings=\"{&quot;background_background&quot;:&quot;classic&quot;}\">\n\t\t\t\t<div class=\"elementor-element elementor-element-0dd48b0 elementor-widget elementor-widget-heading\" data-id=\"0dd48b0\" data-element_type=\"widget\" data-e-type=\"widget\" data-widget_type=\"heading.default\">\n\t\t\t\t<div class=\"elementor-widget-container\">\n\t\t\t\t\t<h1 class=\"elementor-heading-title elementor-size-default\">Profitez de la commodit\u00e9 d'une loupe sur votre t\u00e9l\u00e9phone<\/h1>\t\t\t\t<\/div>\n\t\t\t\t<\/div>\n\t\t\t\t<div class=\"elementor-element elementor-element-bce7c5d elementor-widget elementor-widget-text-editor\" data-id=\"bce7c5d\" data-element_type=\"widget\" data-e-type=\"widget\" data-widget_type=\"text-editor.default\">\n\t\t\t\t<div class=\"elementor-widget-container\">\n\t\t\t\t\t\t\t\t\t<p>Pr\u00e9sentation de notre nouvelle et innovante application de loupe <strong>explor\u0113 <\/strong> pour les appareils <strong>iOS <\/strong> et <strong>Android <\/strong> ! <br \/>En quelques clics sur votre t\u00e9l\u00e9phone, vous pouvez d\u00e9sormais acc\u00e9der \u00e0 une puissante loupe qui facilite la lecture de <strong>petits textes<\/strong> et l&rsquo;examen de <strong>petits d\u00e9tails<\/strong>. Notre application est incroyablement facile \u00e0 utiliser, avec une interface simple et intuitive qui vous permet de <strong>zoomer et d\u00e9zoomer<\/strong>, de <strong>r\u00e9gler la luminosit\u00e9<\/strong> et m\u00eame de <strong>prendre des photos<\/strong> de ce que vous regardez.<\/p><p>Lorsqu&rsquo;une <strong>l\u00e9g\u00e8re perte de vision<\/strong> ou une <strong> fatigue oculair<\/strong>e vous obligent \u00e0 avoir du mal avec des petits caract\u00e8res, des travaux manuels complexes ou toute t\u00e2che n\u00e9cessitant un examen plus approfondi, l&rsquo;application de loupe explor\u0113 est l&rsquo;outil id\u00e9al.<\/p>\t\t\t\t\t\t\t\t<\/div>\n\t\t\t\t<\/div>\n\t\t\t\t<div class=\"elementor-element elementor-element-4320690 elementor-widget elementor-widget-text-editor\" data-id=\"4320690\" data-element_type=\"widget\" data-e-type=\"widget\" data-widget_type=\"text-editor.default\">\n\t\t\t\t<div class=\"elementor-widget-container\">\n\t\t\t\t\t\t\t\t\t<p><span class=\"TextRun SCXW60303810 BCX8\" lang=\"FR-CA\" xml:lang=\"FR-CA\" data-contrast=\"auto\"><span class=\"NormalTextRun SCXW60303810 BCX8\">\u00ab Merci pour cette super appli g\u00e9niale ! Elle n\u2019a peut-\u00eatre pas sauv\u00e9 ma vue, mais elle a sauv\u00e9 ma sant\u00e9 mentale ! Tout est tellement plus gros et plus clair sur mon t\u00e9l\u00e9phone maintenant ! \u00bb &#8211;<\/span><span class=\"NormalTextRun SCXW60303810 BCX8\">Diane, Caroline du Nord\u00a0\u00a0<\/span><\/span><span class=\"EOP SCXW60303810 BCX8\" data-ccp-props=\"{}\">\u00a0<\/span><\/p>\t\t\t\t\t\t\t\t<\/div>\n\t\t\t\t<\/div>\n\t\t\t\t<div class=\"elementor-element elementor-element-90835ea elementor-align-center elementor-widget elementor-widget-button\" data-id=\"90835ea\" data-element_type=\"widget\" data-e-type=\"widget\" data-widget_type=\"button.default\">\n\t\t\t\t<div class=\"elementor-widget-container\">\n\t\t\t\t\t\t\t\t\t<div class=\"elementor-button-wrapper\">\n\t\t\t\t\t<a class=\"elementor-button elementor-button-link elementor-size-sm\" href=\"#p1\">\n\t\t\t\t\t\t<span class=\"elementor-button-content-wrapper\">\n\t\t\t\t\t\t\t\t\t<span class=\"elementor-button-text\">T\u00e9l\u00e9chargez l'application et ne manquez plus aucun d\u00e9tail<\/span>\n\t\t\t\t\t<\/span>\n\t\t\t\t\t<\/a>\n\t\t\t\t<\/div>\n\t\t\t\t\t\t\t\t<\/div>\n\t\t\t\t<\/div>\n\t\t\t\t<\/div>\n\t\t\t\t\t<\/div>\n\t\t\t\t<\/section>\n\t\t<section class=\"elementor-element elementor-element-02747ae e-flex e-con-boxed e-con e-parent\" data-id=\"02747ae\" data-element_type=\"container\" data-e-type=\"container\" data-settings=\"{&quot;background_background&quot;:&quot;classic&quot;}\">\n\t\t\t\t\t<div class=\"e-con-inner\">\n\t\t\t\t<div class=\"elementor-element elementor-element-b6021e1 elementor-widget elementor-widget-heading\" data-id=\"b6021e1\" data-element_type=\"widget\" data-e-type=\"widget\" data-widget_type=\"heading.default\">\n\t\t\t\t<div class=\"elementor-widget-container\">\n\t\t\t\t\t<h2 class=\"elementor-heading-title elementor-size-default\">Fonctionnalit\u00e9s de l'application<\/h2>\t\t\t\t<\/div>\n\t\t\t\t<\/div>\n\t\t<div class=\"elementor-element elementor-element-c613c27 e-con-full e-flex e-con e-child\" data-id=\"c613c27\" data-element_type=\"container\" data-e-type=\"container\">\n\t\t<div class=\"elementor-element elementor-element-2611eed e-con-full e-flex e-con e-child\" data-id=\"2611eed\" data-element_type=\"container\" data-e-type=\"container\">\n\t\t\t\t<div class=\"elementor-element elementor-element-487b5ee elementor-widget elementor-widget-heading\" data-id=\"487b5ee\" data-element_type=\"widget\" data-e-type=\"widget\" data-widget_type=\"heading.default\">\n\t\t\t\t<div class=\"elementor-widget-container\">\n\t\t\t\t\t<h3 class=\"elementor-heading-title elementor-size-default\">Zoomez pour voir les d\u00e9tails<\/h3>\t\t\t\t<\/div>\n\t\t\t\t<\/div>\n\t\t\t\t<div class=\"elementor-element elementor-element-e3a4f31 elementor-widget elementor-widget-image\" data-id=\"e3a4f31\" data-element_type=\"widget\" data-e-type=\"widget\" data-widget_type=\"image.default\">\n\t\t\t\t<div class=\"elementor-widget-container\">\n\t\t\t\t\t\t\t\t\t\t\t\t\t\t\t<img loading=\"lazy\" decoding=\"async\" width=\"694\" height=\"766\" src=\"https:\/\/www.humanware.com\/wp-content\/uploads\/Magnifier-App-2.png\" class=\"attachment-medium_large size-medium_large wp-image-1499\" alt=\"Illustration d&#039;un zoom avant avec l&#039;application Loupe\" srcset=\"https:\/\/www.humanware.com\/wp-content\/uploads\/Magnifier-App-2.png 694w, https:\/\/www.humanware.com\/wp-content\/uploads\/Magnifier-App-2-272x300.png 272w\" sizes=\"auto, (max-width: 694px) 100vw, 694px\" \/>\t\t\t\t\t\t\t\t\t\t\t\t\t\t\t<\/div>\n\t\t\t\t<\/div>\n\t\t\t\t<\/div>\n\t\t<div class=\"elementor-element elementor-element-f9875a2 e-con-full e-flex e-con e-child\" data-id=\"f9875a2\" data-element_type=\"container\" data-e-type=\"container\">\n\t\t\t\t<div class=\"elementor-element elementor-element-05a8d54 elementor-widget elementor-widget-heading\" data-id=\"05a8d54\" data-element_type=\"widget\" data-e-type=\"widget\" data-widget_type=\"heading.default\">\n\t\t\t\t<div class=\"elementor-widget-container\">\n\t\t\t\t\t<h3 class=\"elementor-heading-title elementor-size-default\">Illuminer et agrandir le texte<\/h3>\t\t\t\t<\/div>\n\t\t\t\t<\/div>\n\t\t\t\t<div class=\"elementor-element elementor-element-5948325 elementor-widget elementor-widget-image\" data-id=\"5948325\" data-element_type=\"widget\" data-e-type=\"widget\" data-widget_type=\"image.default\">\n\t\t\t\t<div class=\"elementor-widget-container\">\n\t\t\t\t\t\t\t\t\t\t\t\t\t\t\t<img loading=\"lazy\" decoding=\"async\" width=\"694\" height=\"766\" src=\"https:\/\/www.humanware.com\/wp-content\/uploads\/Magnifier-App-3.png\" class=\"attachment-medium_large size-medium_large wp-image-1511\" alt=\"Illustration d&#039;un texte \u00e9clairant et agrandi avec l&#039;application Loupe\" srcset=\"https:\/\/www.humanware.com\/wp-content\/uploads\/Magnifier-App-3.png 694w, https:\/\/www.humanware.com\/wp-content\/uploads\/Magnifier-App-3-272x300.png 272w\" sizes=\"auto, (max-width: 694px) 100vw, 694px\" \/>\t\t\t\t\t\t\t\t\t\t\t\t\t\t\t<\/div>\n\t\t\t\t<\/div>\n\t\t\t\t<\/div>\n\t\t<div class=\"elementor-element elementor-element-2cb9560 e-con-full e-flex e-con e-child\" data-id=\"2cb9560\" data-element_type=\"container\" data-e-type=\"container\">\n\t\t\t\t<div class=\"elementor-element elementor-element-2460124 elementor-widget elementor-widget-heading\" data-id=\"2460124\" data-element_type=\"widget\" data-e-type=\"widget\" data-widget_type=\"heading.default\">\n\t\t\t\t<div class=\"elementor-widget-container\">\n\t\t\t\t\t<h3 class=\"elementor-heading-title elementor-size-default\">Geler ou sauvegarder des images<\/h3>\t\t\t\t<\/div>\n\t\t\t\t<\/div>\n\t\t\t\t<div class=\"elementor-element elementor-element-2a30145 elementor-widget elementor-widget-image\" data-id=\"2a30145\" data-element_type=\"widget\" data-e-type=\"widget\" data-widget_type=\"image.default\">\n\t\t\t\t<div class=\"elementor-widget-container\">\n\t\t\t\t\t\t\t\t\t\t\t\t\t\t\t<img loading=\"lazy\" decoding=\"async\" width=\"694\" height=\"766\" src=\"https:\/\/www.humanware.com\/wp-content\/uploads\/Magnifier-App-4.png\" class=\"attachment-medium_large size-medium_large wp-image-1515\" alt=\"Illustration du gel et de l&#039;enregistrement d&#039;images avec l&#039;application Loupe\" srcset=\"https:\/\/www.humanware.com\/wp-content\/uploads\/Magnifier-App-4.png 694w, https:\/\/www.humanware.com\/wp-content\/uploads\/Magnifier-App-4-272x300.png 272w\" sizes=\"auto, (max-width: 694px) 100vw, 694px\" \/>\t\t\t\t\t\t\t\t\t\t\t\t\t\t\t<\/div>\n\t\t\t\t<\/div>\n\t\t\t\t<\/div>\n\t\t\t\t<\/div>\n\t\t<div class=\"elementor-element elementor-element-6f1f5cb e-con-full e-flex e-con e-child\" data-id=\"6f1f5cb\" data-element_type=\"container\" data-e-type=\"container\">\n\t\t\t\t<div class=\"elementor-element elementor-element-d60424e elementor-widget elementor-widget-shortcode\" data-id=\"d60424e\" data-element_type=\"widget\" data-e-type=\"widget\" data-widget_type=\"shortcode.default\">\n\t\t\t\t<div class=\"elementor-widget-container\">\n\t\t\t\t\t\t\t<div class=\"elementor-shortcode\">[video_modal id=\"9OWEYGoTKOA\"]<\/div>\n\t\t\t\t\t\t<\/div>\n\t\t\t\t<\/div>\n\t\t\t\t<\/div>\n\t\t\t\t\t<\/div>\n\t\t\t\t<\/section>\n\t\t<section class=\"elementor-element elementor-element-c0d6c29 e-flex e-con-boxed e-con e-parent\" data-id=\"c0d6c29\" data-element_type=\"container\" data-e-type=\"container\" id=\"p1\">\n\t\t\t\t\t<div class=\"e-con-inner\">\n\t\t<div class=\"elementor-element elementor-element-d44ce0b leadership-team  e-con-full e-flex e-con e-child\" data-id=\"d44ce0b\" data-element_type=\"container\" data-e-type=\"container\" data-settings=\"{&quot;background_background&quot;:&quot;classic&quot;}\">\n\t\t<div class=\"elementor-element elementor-element-7d0265c e-con-full e-flex e-con e-child\" data-id=\"7d0265c\" data-element_type=\"container\" data-e-type=\"container\">\n\t\t\t\t<div class=\"elementor-element elementor-element-7486eee elementor-widget elementor-widget-heading\" data-id=\"7486eee\" data-element_type=\"widget\" data-e-type=\"widget\" data-widget_type=\"heading.default\">\n\t\t\t\t<div class=\"elementor-widget-container\">\n\t\t\t\t\t<h2 class=\"elementor-heading-title elementor-size-default\"><h2>T\u00e9l\u00e9chargez l'appli gratuitement <br><span>et commencez \u00e0 explorer d\u00e8s aujourd'hui !<\/span><\/h2><\/h2>\t\t\t\t<\/div>\n\t\t\t\t<\/div>\n\t\t<div class=\"elementor-element elementor-element-af34773 e-con-full e-flex e-con e-child\" data-id=\"af34773\" data-element_type=\"container\" data-e-type=\"container\">\n\t\t<div class=\"elementor-element elementor-element-f4b3f74 e-con-full e-flex e-con e-child\" data-id=\"f4b3f74\" data-element_type=\"container\" data-e-type=\"container\">\n\t\t\t\t<div class=\"elementor-element elementor-element-3ed424c elementor-widget elementor-widget-image\" data-id=\"3ed424c\" data-element_type=\"widget\" data-e-type=\"widget\" data-widget_type=\"image.default\">\n\t\t\t\t<div class=\"elementor-widget-container\">\n\t\t\t\t\t\t\t\t\t\t\t\t\t\t\t\t<a href=\"https:\/\/apps.apple.com\/us\/app\/humanware-explor%C4%93-magnifier\/id6443956466\" target=\"_blank\">\n\t\t\t\t\t\t\t<img loading=\"lazy\" decoding=\"async\" width=\"200\" height=\"67\" src=\"https:\/\/www.humanware.com\/wp-content\/uploads\/AppStore-badge-200.png\" class=\"attachment-full size-full wp-image-1525\" alt=\"Logo de l&#039;App Store\" \/>\t\t\t\t\t\t\t\t<\/a>\n\t\t\t\t\t\t\t\t\t\t\t\t\t\t\t<\/div>\n\t\t\t\t<\/div>\n\t\t\t\t<\/div>\n\t\t<div class=\"elementor-element elementor-element-48b9590 e-con-full e-flex e-con e-child\" data-id=\"48b9590\" data-element_type=\"container\" data-e-type=\"container\">\n\t\t\t\t<div class=\"elementor-element elementor-element-9be0b1d elementor-widget elementor-widget-image\" data-id=\"9be0b1d\" data-element_type=\"widget\" data-e-type=\"widget\" data-widget_type=\"image.default\">\n\t\t\t\t<div class=\"elementor-widget-container\">\n\t\t\t\t\t\t\t\t\t\t\t\t\t\t\t\t<a href=\"https:\/\/play.google.com\/store\/apps\/details?id=com.humanware.hwmagnifier\" target=\"_blank\">\n\t\t\t\t\t\t\t<img loading=\"lazy\" decoding=\"async\" width=\"225\" height=\"67\" src=\"https:\/\/www.humanware.com\/wp-content\/uploads\/google-play-badge-200.png\" class=\"attachment-full size-full wp-image-1523\" alt=\"Logo Google\u00a0Play\" \/>\t\t\t\t\t\t\t\t<\/a>\n\t\t\t\t\t\t\t\t\t\t\t\t\t\t\t<\/div>\n\t\t\t\t<\/div>\n\t\t\t\t<\/div>\n\t\t\t\t<\/div>\n\t\t\t\t<\/div>\n\t\t<div class=\"elementor-element elementor-element-d34b2e6 e-con-full e-flex e-con e-child\" data-id=\"d34b2e6\" data-element_type=\"container\" data-e-type=\"container\">\n\t\t<div class=\"elementor-element elementor-element-ba403c9 e-con-full e-flex e-con e-child\" data-id=\"ba403c9\" data-element_type=\"container\" data-e-type=\"container\">\n\t\t\t\t<div class=\"elementor-element elementor-element-aa5955f elementor-widget elementor-widget-image\" data-id=\"aa5955f\" data-element_type=\"widget\" data-e-type=\"widget\" data-widget_type=\"image.default\">\n\t\t\t\t<div class=\"elementor-widget-container\">\n\t\t\t\t\t\t\t\t\t\t\t\t\t\t\t\t<a href=\"https:\/\/qrco.de\/bdlyzN\" target=\"_blank\">\n\t\t\t\t\t\t\t<img loading=\"lazy\" decoding=\"async\" width=\"220\" height=\"220\" src=\"https:\/\/www.humanware.com\/wp-content\/uploads\/Magnifier-App-QRCode-220.png\" class=\"attachment-full size-full wp-image-1537\" alt=\"Image d&#039;un code QR pour t\u00e9l\u00e9charger l&#039;application Loupe\" srcset=\"https:\/\/www.humanware.com\/wp-content\/uploads\/Magnifier-App-QRCode-220.png 220w, https:\/\/www.humanware.com\/wp-content\/uploads\/Magnifier-App-QRCode-220-150x150.png 150w\" sizes=\"auto, (max-width: 220px) 100vw, 220px\" \/>\t\t\t\t\t\t\t\t<\/a>\n\t\t\t\t\t\t\t\t\t\t\t\t\t\t\t<\/div>\n\t\t\t\t<\/div>\n\t\t\t\t<\/div>\n\t\t<div class=\"elementor-element elementor-element-8766c91 e-con-full e-flex e-con e-child\" data-id=\"8766c91\" data-element_type=\"container\" data-e-type=\"container\">\n\t\t\t\t<div class=\"elementor-element elementor-element-577e84a elementor-widget elementor-widget-image\" data-id=\"577e84a\" data-element_type=\"widget\" data-e-type=\"widget\" data-widget_type=\"image.default\">\n\t\t\t\t<div class=\"elementor-widget-container\">\n\t\t\t\t\t\t\t\t\t\t\t\t\t\t\t\t<a href=\"https:\/\/qrco.de\/bdlyzN\" target=\"_blank\">\n\t\t\t\t\t\t\t<img loading=\"lazy\" decoding=\"async\" width=\"220\" height=\"220\" src=\"https:\/\/www.humanware.com\/wp-content\/uploads\/Magnifier-App-220.png\" class=\"attachment-full size-full wp-image-1539\" alt=\"Logo de l&#039;application Loupe\" srcset=\"https:\/\/www.humanware.com\/wp-content\/uploads\/Magnifier-App-220.png 220w, https:\/\/www.humanware.com\/wp-content\/uploads\/Magnifier-App-220-150x150.png 150w\" sizes=\"auto, (max-width: 220px) 100vw, 220px\" \/>\t\t\t\t\t\t\t\t<\/a>\n\t\t\t\t\t\t\t\t\t\t\t\t\t\t\t<\/div>\n\t\t\t\t<\/div>\n\t\t\t\t<\/div>\n\t\t\t\t<\/div>\n\t\t\t\t<\/div>\n\t\t\t\t\t<\/div>\n\t\t\t\t<\/section>\n\t\t<div class=\"elementor-element elementor-element-01b6818 e-flex e-con-boxed e-con e-parent\" data-id=\"01b6818\" data-element_type=\"container\" data-e-type=\"container\" data-settings=\"{&quot;background_background&quot;:&quot;classic&quot;}\">\n\t\t\t\t\t<div class=\"e-con-inner\">\n\t\t\t\t<div class=\"elementor-element elementor-element-ec21b9a elementor-widget elementor-widget-heading\" data-id=\"ec21b9a\" data-element_type=\"widget\" data-e-type=\"widget\" data-widget_type=\"heading.default\">\n\t\t\t\t<div class=\"elementor-widget-container\">\n\t\t\t\t\t<h3 class=\"elementor-heading-title elementor-size-default\"><a href=\"https:\/\/store.humanware.com\/hca\/magnifiers\">Veuillez visiter nos sections de produits pour en savoir plus sur nos solutions basse vision.<\/a><\/h3>\t\t\t\t<\/div>\n\t\t\t\t<\/div>\n\t\t\t\t\t<\/div>\n\t\t\t\t<\/div>\n\t\t\t\t<\/div>\n\t\t","protected":false},"excerpt":{"rendered":"<p>Profitez de la commodit\u00e9 d&rsquo;une loupe sur votre t\u00e9l\u00e9phone Pr\u00e9sentation de notre nouvelle et innovante application de loupe explor\u0113 pour les appareils iOS et Android ! En quelques clics sur votre t\u00e9l\u00e9phone, vous pouvez d\u00e9sormais acc\u00e9der \u00e0 une puissante loupe qui facilite la lecture de petits textes et l&rsquo;examen de petits d\u00e9tails. Notre application est [&hellip;]<\/p>\n","protected":false},"author":3,"featured_media":0,"parent":0,"menu_order":0,"comment_status":"closed","ping_status":"closed","template":"elementor_header_footer","meta":{"_acf_changed":false,"footnotes":""},"class_list":["post-2823","page","type-page","status-publish","hentry"],"acf":{"header_image":[1489],"header_image_links":""},"yoast_head":"<!-- This site is optimized with the Yoast SEO plugin v27.2 - https:\/\/yoast.com\/product\/yoast-seo-wordpress\/ -->\n<title>Application loupe de HumanWare - HumanWare<\/title>\n<meta name=\"robots\" content=\"index, follow, max-snippet:-1, max-image-preview:large, max-video-preview:-1\" \/>\n<link rel=\"canonical\" href=\"https:\/\/www.humanware.com\/fr\/magnifierapp\/\" \/>\n<meta property=\"og:locale\" content=\"fr_FR\" \/>\n<meta property=\"og:type\" content=\"article\" \/>\n<meta property=\"og:title\" content=\"Application loupe de HumanWare - HumanWare\" \/>\n<meta property=\"og:description\" content=\"Profitez de la commodit\u00e9 d&rsquo;une loupe sur votre t\u00e9l\u00e9phone Pr\u00e9sentation de notre nouvelle et innovante application de loupe explor\u0113 pour les appareils iOS et Android ! En quelques clics sur votre t\u00e9l\u00e9phone, vous pouvez d\u00e9sormais acc\u00e9der \u00e0 une puissante loupe qui facilite la lecture de petits textes et l&rsquo;examen de petits d\u00e9tails. Notre application est [&hellip;]\" \/>\n<meta property=\"og:url\" content=\"https:\/\/www.humanware.com\/fr\/magnifierapp\/\" \/>\n<meta property=\"og:site_name\" content=\"HumanWare\" \/>\n<meta property=\"article:publisher\" content=\"https:\/\/www.facebook.com\/humanware\/\" \/>\n<meta property=\"article:modified_time\" content=\"2025-07-16T13:23:01+00:00\" \/>\n<meta property=\"og:image\" content=\"https:\/\/www.humanware.com\/wp-content\/uploads\/Magnifier-App-2.png\" \/>\n\t<meta property=\"og:image:width\" content=\"694\" \/>\n\t<meta property=\"og:image:height\" content=\"766\" \/>\n\t<meta property=\"og:image:type\" content=\"image\/png\" \/>\n<meta name=\"twitter:card\" content=\"summary_large_image\" \/>\n<meta name=\"twitter:label1\" content=\"Dur\u00e9e de lecture estim\u00e9e\" \/>\n\t<meta name=\"twitter:data1\" content=\"3 minutes\" \/>\n<script type=\"application\/ld+json\" class=\"yoast-schema-graph\">{\"@context\":\"https:\/\/schema.org\",\"@graph\":[{\"@type\":\"WebPage\",\"@id\":\"https:\/\/www.humanware.com\/fr\/magnifierapp\/\",\"url\":\"https:\/\/www.humanware.com\/fr\/magnifierapp\/\",\"name\":\"Application loupe de HumanWare - HumanWare\",\"isPartOf\":{\"@id\":\"https:\/\/www.humanware.com\/fr\/#website\"},\"primaryImageOfPage\":{\"@id\":\"https:\/\/www.humanware.com\/fr\/magnifierapp\/#primaryimage\"},\"image\":{\"@id\":\"https:\/\/www.humanware.com\/fr\/magnifierapp\/#primaryimage\"},\"thumbnailUrl\":\"https:\/\/www.humanware.com\/wp-content\/uploads\/Magnifier-App-2.png\",\"datePublished\":\"2024-07-04T19:11:43+00:00\",\"dateModified\":\"2025-07-16T13:23:01+00:00\",\"breadcrumb\":{\"@id\":\"https:\/\/www.humanware.com\/fr\/magnifierapp\/#breadcrumb\"},\"inLanguage\":\"fr-FR\",\"potentialAction\":[{\"@type\":\"ReadAction\",\"target\":[\"https:\/\/www.humanware.com\/fr\/magnifierapp\/\"]}]},{\"@type\":\"ImageObject\",\"inLanguage\":\"fr-FR\",\"@id\":\"https:\/\/www.humanware.com\/fr\/magnifierapp\/#primaryimage\",\"url\":\"https:\/\/www.humanware.com\/wp-content\/uploads\/Magnifier-App-2.png\",\"contentUrl\":\"https:\/\/www.humanware.com\/wp-content\/uploads\/Magnifier-App-2.png\"},{\"@type\":\"BreadcrumbList\",\"@id\":\"https:\/\/www.humanware.com\/fr\/magnifierapp\/#breadcrumb\",\"itemListElement\":[{\"@type\":\"ListItem\",\"position\":1,\"name\":\"Home\",\"item\":\"https:\/\/www.humanware.com\/fr\/\"},{\"@type\":\"ListItem\",\"position\":2,\"name\":\"Application loupe de HumanWare\"}]},{\"@type\":\"WebSite\",\"@id\":\"https:\/\/www.humanware.com\/fr\/#website\",\"url\":\"https:\/\/www.humanware.com\/fr\/\",\"name\":\"HumanWare\",\"description\":\"Solutions pour basse vision et c\u00e9cit\u00e9\",\"publisher\":{\"@id\":\"https:\/\/www.humanware.com\/fr\/#organization\"},\"potentialAction\":[{\"@type\":\"SearchAction\",\"target\":{\"@type\":\"EntryPoint\",\"urlTemplate\":\"https:\/\/www.humanware.com\/fr\/?s={search_term_string}\"},\"query-input\":{\"@type\":\"PropertyValueSpecification\",\"valueRequired\":true,\"valueName\":\"search_term_string\"}}],\"inLanguage\":\"fr-FR\"},{\"@type\":\"Organization\",\"@id\":\"https:\/\/www.humanware.com\/fr\/#organization\",\"name\":\"HumanWare\",\"url\":\"https:\/\/www.humanware.com\/fr\/\",\"logo\":{\"@type\":\"ImageObject\",\"inLanguage\":\"fr-FR\",\"@id\":\"https:\/\/www.humanware.com\/fr\/#\/schema\/logo\/image\/\",\"url\":\"https:\/\/www.humanware.com\/wp-content\/uploads\/2024\/12\/Logo-HW.jpg\",\"contentUrl\":\"https:\/\/www.humanware.com\/wp-content\/uploads\/2024\/12\/Logo-HW.jpg\",\"width\":1000,\"height\":667,\"caption\":\"HumanWare\"},\"image\":{\"@id\":\"https:\/\/www.humanware.com\/fr\/#\/schema\/logo\/image\/\"},\"sameAs\":[\"https:\/\/www.facebook.com\/humanware\/\",\"https:\/\/ca.linkedin.com\/company\/humanware\"]}]}<\/script>\n<!-- \/ Yoast SEO plugin. -->","yoast_head_json":{"title":"Application loupe de HumanWare - HumanWare","robots":{"index":"index","follow":"follow","max-snippet":"max-snippet:-1","max-image-preview":"max-image-preview:large","max-video-preview":"max-video-preview:-1"},"canonical":"https:\/\/www.humanware.com\/fr\/magnifierapp\/","og_locale":"fr_FR","og_type":"article","og_title":"Application loupe de HumanWare - HumanWare","og_description":"Profitez de la commodit\u00e9 d&rsquo;une loupe sur votre t\u00e9l\u00e9phone Pr\u00e9sentation de notre nouvelle et innovante application de loupe explor\u0113 pour les appareils iOS et Android ! En quelques clics sur votre t\u00e9l\u00e9phone, vous pouvez d\u00e9sormais acc\u00e9der \u00e0 une puissante loupe qui facilite la lecture de petits textes et l&rsquo;examen de petits d\u00e9tails. Notre application est [&hellip;]","og_url":"https:\/\/www.humanware.com\/fr\/magnifierapp\/","og_site_name":"HumanWare","article_publisher":"https:\/\/www.facebook.com\/humanware\/","article_modified_time":"2025-07-16T13:23:01+00:00","og_image":[{"width":694,"height":766,"url":"https:\/\/www.humanware.com\/wp-content\/uploads\/Magnifier-App-2.png","type":"image\/png"}],"twitter_card":"summary_large_image","twitter_misc":{"Dur\u00e9e de lecture estim\u00e9e":"3 minutes"},"schema":{"@context":"https:\/\/schema.org","@graph":[{"@type":"WebPage","@id":"https:\/\/www.humanware.com\/fr\/magnifierapp\/","url":"https:\/\/www.humanware.com\/fr\/magnifierapp\/","name":"Application loupe de HumanWare - HumanWare","isPartOf":{"@id":"https:\/\/www.humanware.com\/fr\/#website"},"primaryImageOfPage":{"@id":"https:\/\/www.humanware.com\/fr\/magnifierapp\/#primaryimage"},"image":{"@id":"https:\/\/www.humanware.com\/fr\/magnifierapp\/#primaryimage"},"thumbnailUrl":"https:\/\/www.humanware.com\/wp-content\/uploads\/Magnifier-App-2.png","datePublished":"2024-07-04T19:11:43+00:00","dateModified":"2025-07-16T13:23:01+00:00","breadcrumb":{"@id":"https:\/\/www.humanware.com\/fr\/magnifierapp\/#breadcrumb"},"inLanguage":"fr-FR","potentialAction":[{"@type":"ReadAction","target":["https:\/\/www.humanware.com\/fr\/magnifierapp\/"]}]},{"@type":"ImageObject","inLanguage":"fr-FR","@id":"https:\/\/www.humanware.com\/fr\/magnifierapp\/#primaryimage","url":"https:\/\/www.humanware.com\/wp-content\/uploads\/Magnifier-App-2.png","contentUrl":"https:\/\/www.humanware.com\/wp-content\/uploads\/Magnifier-App-2.png"},{"@type":"BreadcrumbList","@id":"https:\/\/www.humanware.com\/fr\/magnifierapp\/#breadcrumb","itemListElement":[{"@type":"ListItem","position":1,"name":"Home","item":"https:\/\/www.humanware.com\/fr\/"},{"@type":"ListItem","position":2,"name":"Application loupe de HumanWare"}]},{"@type":"WebSite","@id":"https:\/\/www.humanware.com\/fr\/#website","url":"https:\/\/www.humanware.com\/fr\/","name":"HumanWare","description":"Solutions pour basse vision et c\u00e9cit\u00e9","publisher":{"@id":"https:\/\/www.humanware.com\/fr\/#organization"},"potentialAction":[{"@type":"SearchAction","target":{"@type":"EntryPoint","urlTemplate":"https:\/\/www.humanware.com\/fr\/?s={search_term_string}"},"query-input":{"@type":"PropertyValueSpecification","valueRequired":true,"valueName":"search_term_string"}}],"inLanguage":"fr-FR"},{"@type":"Organization","@id":"https:\/\/www.humanware.com\/fr\/#organization","name":"HumanWare","url":"https:\/\/www.humanware.com\/fr\/","logo":{"@type":"ImageObject","inLanguage":"fr-FR","@id":"https:\/\/www.humanware.com\/fr\/#\/schema\/logo\/image\/","url":"https:\/\/www.humanware.com\/wp-content\/uploads\/2024\/12\/Logo-HW.jpg","contentUrl":"https:\/\/www.humanware.com\/wp-content\/uploads\/2024\/12\/Logo-HW.jpg","width":1000,"height":667,"caption":"HumanWare"},"image":{"@id":"https:\/\/www.humanware.com\/fr\/#\/schema\/logo\/image\/"},"sameAs":["https:\/\/www.facebook.com\/humanware\/","https:\/\/ca.linkedin.com\/company\/humanware"]}]}},"_links":{"self":[{"href":"https:\/\/www.humanware.com\/fr\/wp-json\/wp\/v2\/pages\/2823","targetHints":{"allow":["GET"]}}],"collection":[{"href":"https:\/\/www.humanware.com\/fr\/wp-json\/wp\/v2\/pages"}],"about":[{"href":"https:\/\/www.humanware.com\/fr\/wp-json\/wp\/v2\/types\/page"}],"author":[{"embeddable":true,"href":"https:\/\/www.humanware.com\/fr\/wp-json\/wp\/v2\/users\/3"}],"replies":[{"embeddable":true,"href":"https:\/\/www.humanware.com\/fr\/wp-json\/wp\/v2\/comments?post=2823"}],"version-history":[{"count":10,"href":"https:\/\/www.humanware.com\/fr\/wp-json\/wp\/v2\/pages\/2823\/revisions"}],"predecessor-version":[{"id":13427,"href":"https:\/\/www.humanware.com\/fr\/wp-json\/wp\/v2\/pages\/2823\/revisions\/13427"}],"acf:attachment":[{"embeddable":true,"href":"https:\/\/www.humanware.com\/fr\/wp-json\/wp\/v2\/media\/1489"}],"wp:attachment":[{"href":"https:\/\/www.humanware.com\/fr\/wp-json\/wp\/v2\/media?parent=2823"}],"curies":[{"name":"wp","href":"https:\/\/api.w.org\/{rel}","templated":true}]}}