{"id":5801,"date":"2024-08-27T13:24:08","date_gmt":"2024-08-27T17:24:08","guid":{"rendered":"https:\/\/www.humanware.com\/contact\/appeler-lassistance\/"},"modified":"2024-12-17T20:18:57","modified_gmt":"2024-12-18T01:18:57","slug":"call-support","status":"publish","type":"page","link":"https:\/\/www.humanware.com\/fr\/contact\/call-support\/","title":{"rendered":"Appeler l&rsquo;assistance"},"content":{"rendered":"\t\t<div data-elementor-type=\"wp-page\" data-elementor-id=\"5801\" class=\"elementor elementor-5801 elementor-2204\" data-elementor-post-type=\"page\">\n\t\t\t\t<div class=\"elementor-element elementor-element-350c796 e-flex e-con-boxed e-con e-parent\" data-id=\"350c796\" data-element_type=\"container\" data-e-type=\"container\">\n\t\t\t\t\t<div class=\"e-con-inner\">\n\t\t\t\t<div class=\"elementor-element elementor-element-9e02736 elementor-widget elementor-widget-heading\" data-id=\"9e02736\" data-element_type=\"widget\" data-e-type=\"widget\" data-widget_type=\"heading.default\">\n\t\t\t\t<div class=\"elementor-widget-container\">\n\t\t\t\t\t<h1 class=\"elementor-heading-title elementor-size-default\">Appeler l'assistance<\/h1>\t\t\t\t<\/div>\n\t\t\t\t<\/div>\n\t\t\t\t<div class=\"elementor-element elementor-element-1146f07 elementor-widget elementor-widget-text-editor\" data-id=\"1146f07\" data-element_type=\"widget\" data-e-type=\"widget\" data-widget_type=\"text-editor.default\">\n\t\t\t\t<div class=\"elementor-widget-container\">\n\t\t\t\t\t\t\t\t\t<p>Vous n&rsquo;arrivez pas \u00e0 trouver les informations que vous cherchez ? Nous sommes l\u00e0 pour vous aider. <\/p>\n\t\t\t\t\t\t\t\t<\/div>\n\t\t\t\t<\/div>\n\t\t<div class=\"elementor-element elementor-element-0636b88 e-con-full e-flex e-con e-child\" data-id=\"0636b88\" data-element_type=\"container\" data-e-type=\"container\">\n\t\t\t\t<div class=\"elementor-element elementor-element-aa20f37 canada elementor-widget elementor-widget-heading\" data-id=\"aa20f37\" data-element_type=\"widget\" data-e-type=\"widget\" data-widget_type=\"heading.default\">\n\t\t\t\t<div class=\"elementor-widget-container\">\n\t\t\t\t\t<h2 class=\"elementor-heading-title elementor-size-default\"><a href=\"tel:1-888-723-7273\">T\u00e9l\u00e9phone : 1 888 723-7273<\/a><\/h2>\t\t\t\t<\/div>\n\t\t\t\t<\/div>\n\t\t\t\t<div class=\"elementor-element elementor-element-da0d3ee australia elementor-widget elementor-widget-heading\" data-id=\"da0d3ee\" data-element_type=\"widget\" data-e-type=\"widget\" data-widget_type=\"heading.default\">\n\t\t\t\t<div class=\"elementor-widget-container\">\n\t\t\t\t\t<h2 class=\"elementor-heading-title elementor-size-default\"><a href=\"tel:+61-2-9686-2600\">T\u00e9l\u00e9phone : +61 2 9686 2600<\/a><\/h2>\t\t\t\t<\/div>\n\t\t\t\t<\/div>\n\t\t\t\t<div class=\"elementor-element elementor-element-fc59b51 international elementor-widget elementor-widget-heading\" data-id=\"fc59b51\" data-element_type=\"widget\" data-e-type=\"widget\" data-widget_type=\"heading.default\">\n\t\t\t\t<div class=\"elementor-widget-container\">\n\t\t\t\t\t<h2 class=\"elementor-heading-title elementor-size-default\"><a href=\"tel:+44-1933-415-800\">T\u00e9l\u00e9phone : +44 1933 415 800<\/a><\/h2>\t\t\t\t<\/div>\n\t\t\t\t<\/div>\n\t\t\t\t<div class=\"elementor-element elementor-element-fa7eb5b usa elementor-widget elementor-widget-heading\" data-id=\"fa7eb5b\" data-element_type=\"widget\" data-e-type=\"widget\" data-widget_type=\"heading.default\">\n\t\t\t\t<div class=\"elementor-widget-container\">\n\t\t\t\t\t<h2 class=\"elementor-heading-title elementor-size-default\"><a href=\"tel:1-800-722-3393\">T\u00e9l\u00e9phone : 1 800 722-3393<\/a><\/h2>\t\t\t\t<\/div>\n\t\t\t\t<\/div>\n\t\t\t\t<div class=\"elementor-element elementor-element-d1801ba united_kingdom ireland elementor-widget elementor-widget-heading\" data-id=\"d1801ba\" data-element_type=\"widget\" data-e-type=\"widget\" data-widget_type=\"heading.default\">\n\t\t\t\t<div class=\"elementor-widget-container\">\n\t\t\t\t\t<h2 class=\"elementor-heading-title elementor-size-default\"><a href=\"tel:01933-415800\">T\u00e9l\u00e9phone : 01933 415800<\/a><\/h2>\t\t\t\t<\/div>\n\t\t\t\t<\/div>\n\t\t\t\t<div class=\"elementor-element elementor-element-4677fad new_zealand elementor-widget elementor-widget-heading\" data-id=\"4677fad\" data-element_type=\"widget\" data-e-type=\"widget\" data-widget_type=\"heading.default\">\n\t\t\t\t<div class=\"elementor-widget-container\">\n\t\t\t\t\t<h2 class=\"elementor-heading-title elementor-size-default\"><a href=\"tel:0508-22-55-73\">T\u00e9l\u00e9phone : 0508 22 55 73<\/a><\/h2>\t\t\t\t<\/div>\n\t\t\t\t<\/div>\n\t\t\t\t<\/div>\n\t\t\t\t\t<\/div>\n\t\t\t\t<\/div>\n\t\t<div class=\"elementor-element elementor-element-4d5e450 e-flex e-con-boxed e-con e-parent\" data-id=\"4d5e450\" data-element_type=\"container\" data-e-type=\"container\">\n\t\t\t\t\t<div class=\"e-con-inner\">\n\t\t<div class=\"elementor-element elementor-element-689eeb5 e-con-full e-flex e-con e-child\" data-id=\"689eeb5\" data-element_type=\"container\" data-e-type=\"container\" data-settings=\"{&quot;background_background&quot;:&quot;classic&quot;}\">\n\t\t\t\t<div class=\"elementor-element elementor-element-370b522 elementor-view-stacked elementor-shape-circle elementor-widget elementor-widget-icon\" data-id=\"370b522\" data-element_type=\"widget\" data-e-type=\"widget\" data-widget_type=\"icon.default\">\n\t\t\t\t<div class=\"elementor-widget-container\">\n\t\t\t\t\t\t\t<div class=\"elementor-icon-wrapper\">\n\t\t\t<div class=\"elementor-icon\">\n\t\t\t<svg aria-hidden=\"true\" class=\"e-font-icon-svg e-fas-envelope\" viewBox=\"0 0 512 512\" xmlns=\"http:\/\/www.w3.org\/2000\/svg\"><path d=\"M502.3 190.8c3.9-3.1 9.7-.2 9.7 4.7V400c0 26.5-21.5 48-48 48H48c-26.5 0-48-21.5-48-48V195.6c0-5 5.7-7.8 9.7-4.7 22.4 17.4 52.1 39.5 154.1 113.6 21.1 15.4 56.7 47.8 92.2 47.6 35.7.3 72-32.8 92.3-47.6 102-74.1 131.6-96.3 154-113.7zM256 320c23.2.4 56.6-29.2 73.4-41.4 132.7-96.3 142.8-104.7 173.4-128.7 5.8-4.5 9.2-11.5 9.2-18.9v-19c0-26.5-21.5-48-48-48H48C21.5 64 0 85.5 0 112v19c0 7.4 3.4 14.3 9.2 18.9 30.6 23.9 40.7 32.4 173.4 128.7 16.8 12.2 50.2 41.8 73.4 41.4z\"><\/path><\/svg>\t\t\t<\/div>\n\t\t<\/div>\n\t\t\t\t\t\t<\/div>\n\t\t\t\t<\/div>\n\t\t\t\t<div class=\"elementor-element elementor-element-d06c511 elementor-widget elementor-widget-text-editor\" data-id=\"d06c511\" data-element_type=\"widget\" data-e-type=\"widget\" data-widget_type=\"text-editor.default\">\n\t\t\t\t<div class=\"elementor-widget-container\">\n\t\t\t\t\t\t\t\t\t<p>Contactez-nous par e-mail<\/p>\n\t\t\t\t\t\t\t\t<\/div>\n\t\t\t\t<\/div>\n\t\t\t\t<div class=\"elementor-element elementor-element-903fdbd elementor-align-center elementor-widget elementor-widget-button\" data-id=\"903fdbd\" data-element_type=\"widget\" data-e-type=\"widget\" data-widget_type=\"button.default\">\n\t\t\t\t<div class=\"elementor-widget-container\">\n\t\t\t\t\t\t\t\t\t<div class=\"elementor-button-wrapper\">\n\t\t\t\t\t<a class=\"elementor-button elementor-button-link elementor-size-sm\" href=\"https:\/\/store.humanware.com\/hca\/contact\/\">\n\t\t\t\t\t\t<span class=\"elementor-button-content-wrapper\">\n\t\t\t\t\t\t\t\t\t<span class=\"elementor-button-text\">Courriel<\/span>\n\t\t\t\t\t<\/span>\n\t\t\t\t\t<\/a>\n\t\t\t\t<\/div>\n\t\t\t\t\t\t\t\t<\/div>\n\t\t\t\t<\/div>\n\t\t\t\t<\/div>\n\t\t<div class=\"elementor-element elementor-element-acf9edf e-con-full e-flex e-con e-child\" data-id=\"acf9edf\" data-element_type=\"container\" data-e-type=\"container\" data-settings=\"{&quot;background_background&quot;:&quot;classic&quot;}\">\n\t\t\t\t<div class=\"elementor-element elementor-element-8eda0b4 elementor-view-stacked elementor-shape-circle elementor-widget elementor-widget-icon\" data-id=\"8eda0b4\" data-element_type=\"widget\" data-e-type=\"widget\" data-widget_type=\"icon.default\">\n\t\t\t\t<div class=\"elementor-widget-container\">\n\t\t\t\t\t\t\t<div class=\"elementor-icon-wrapper\">\n\t\t\t<div class=\"elementor-icon\">\n\t\t\t<svg aria-hidden=\"true\" class=\"e-font-icon-svg e-fas-box-open\" viewBox=\"0 0 640 512\" xmlns=\"http:\/\/www.w3.org\/2000\/svg\"><path d=\"M425.7 256c-16.9 0-32.8-9-41.4-23.4L320 126l-64.2 106.6c-8.7 14.5-24.6 23.5-41.5 23.5-4.5 0-9-.6-13.3-1.9L64 215v178c0 14.7 10 27.5 24.2 31l216.2 54.1c10.2 2.5 20.9 2.5 31 0L551.8 424c14.2-3.6 24.2-16.4 24.2-31V215l-137 39.1c-4.3 1.3-8.8 1.9-13.3 1.9zm212.6-112.2L586.8 41c-3.1-6.2-9.8-9.8-16.7-8.9L320 64l91.7 152.1c3.8 6.3 11.4 9.3 18.5 7.3l197.9-56.5c9.9-2.9 14.7-13.9 10.2-23.1zM53.2 41L1.7 143.8c-4.6 9.2.3 20.2 10.1 23l197.9 56.5c7.1 2 14.7-1 18.5-7.3L320 64 69.8 32.1c-6.9-.8-13.5 2.7-16.6 8.9z\"><\/path><\/svg>\t\t\t<\/div>\n\t\t<\/div>\n\t\t\t\t\t\t<\/div>\n\t\t\t\t<\/div>\n\t\t\t\t<div class=\"elementor-element elementor-element-be8db13 elementor-widget elementor-widget-text-editor\" data-id=\"be8db13\" data-element_type=\"widget\" data-e-type=\"widget\" data-widget_type=\"text-editor.default\">\n\t\t\t\t<div class=\"elementor-widget-container\">\n\t\t\t\t\t\t\t\t\t<p>Enregistrez votre produit<\/p>\n\t\t\t\t\t\t\t\t<\/div>\n\t\t\t\t<\/div>\n\t\t\t\t<div class=\"elementor-element elementor-element-7b5fc09 elementor-align-center elementor-widget elementor-widget-button\" data-id=\"7b5fc09\" data-element_type=\"widget\" data-e-type=\"widget\" data-widget_type=\"button.default\">\n\t\t\t\t<div class=\"elementor-widget-container\">\n\t\t\t\t\t\t\t\t\t<div class=\"elementor-button-wrapper\">\n\t\t\t\t\t<a class=\"elementor-button elementor-button-link elementor-size-sm\" href=\"https:\/\/www.humanware.com\/fr\/support\/register\/\">\n\t\t\t\t\t\t<span class=\"elementor-button-content-wrapper\">\n\t\t\t\t\t\t\t\t\t<span class=\"elementor-button-text\">Enregistrer un produit<\/span>\n\t\t\t\t\t<\/span>\n\t\t\t\t\t<\/a>\n\t\t\t\t<\/div>\n\t\t\t\t\t\t\t\t<\/div>\n\t\t\t\t<\/div>\n\t\t\t\t<\/div>\n\t\t<div class=\"elementor-element elementor-element-5854193 e-con-full e-flex e-con e-child\" data-id=\"5854193\" data-element_type=\"container\" data-e-type=\"container\" data-settings=\"{&quot;background_background&quot;:&quot;classic&quot;}\">\n\t\t\t\t<div class=\"elementor-element elementor-element-3269ec2 elementor-view-stacked elementor-shape-circle elementor-widget elementor-widget-icon\" data-id=\"3269ec2\" data-element_type=\"widget\" data-e-type=\"widget\" data-widget_type=\"icon.default\">\n\t\t\t\t<div class=\"elementor-widget-container\">\n\t\t\t\t\t\t\t<div class=\"elementor-icon-wrapper\">\n\t\t\t<div class=\"elementor-icon\">\n\t\t\t<svg aria-hidden=\"true\" class=\"e-font-icon-svg e-fas-star\" viewBox=\"0 0 576 512\" xmlns=\"http:\/\/www.w3.org\/2000\/svg\"><path d=\"M259.3 17.8L194 150.2 47.9 171.5c-26.2 3.8-36.7 36.1-17.7 54.6l105.7 103-25 145.5c-4.5 26.3 23.2 46 46.4 33.7L288 439.6l130.7 68.7c23.2 12.2 50.9-7.4 46.4-33.7l-25-145.5 105.7-103c19-18.5 8.5-50.8-17.7-54.6L382 150.2 316.7 17.8c-11.7-23.6-45.6-23.9-57.4 0z\"><\/path><\/svg>\t\t\t<\/div>\n\t\t<\/div>\n\t\t\t\t\t\t<\/div>\n\t\t\t\t<\/div>\n\t\t\t\t<div class=\"elementor-element elementor-element-e457111 elementor-widget elementor-widget-text-editor\" data-id=\"e457111\" data-element_type=\"widget\" data-e-type=\"widget\" data-widget_type=\"text-editor.default\">\n\t\t\t\t<div class=\"elementor-widget-container\">\n\t\t\t\t\t\t\t\t\t<p>R\u00e9pondez \u00e0 une enqu\u00eate de satisfaction<\/p>\n\t\t\t\t\t\t\t\t<\/div>\n\t\t\t\t<\/div>\n\t\t\t\t<div class=\"elementor-element elementor-element-4797072 elementor-align-center elementor-widget elementor-widget-button\" data-id=\"4797072\" data-element_type=\"widget\" data-e-type=\"widget\" data-widget_type=\"button.default\">\n\t\t\t\t<div class=\"elementor-widget-container\">\n\t\t\t\t\t\t\t\t\t<div class=\"elementor-button-wrapper\">\n\t\t\t\t\t<a class=\"elementor-button elementor-button-link elementor-size-sm\" href=\"https:\/\/www.humanware.com\/fr\/contact\/partagez-votre-opinion\/\">\n\t\t\t\t\t\t<span class=\"elementor-button-content-wrapper\">\n\t\t\t\t\t\t\t\t\t<span class=\"elementor-button-text\">Remplir le formulaire<\/span>\n\t\t\t\t\t<\/span>\n\t\t\t\t\t<\/a>\n\t\t\t\t<\/div>\n\t\t\t\t\t\t\t\t<\/div>\n\t\t\t\t<\/div>\n\t\t\t\t<\/div>\n\t\t\t\t\t<\/div>\n\t\t\t\t<\/div>\n\t\t\t\t<\/div>\n\t\t","protected":false},"excerpt":{"rendered":"<p>Appeler l&rsquo;assistance Vous n&rsquo;arrivez pas \u00e0 trouver les informations que vous cherchez ? Nous sommes l\u00e0 pour vous aider. T\u00e9l\u00e9phone : 1 888 723-7273 T\u00e9l\u00e9phone : +61 2 9686 2600 T\u00e9l\u00e9phone : +44 1933 415 800 T\u00e9l\u00e9phone : 1 800 722-3393 T\u00e9l\u00e9phone : 01933 415800 T\u00e9l\u00e9phone : 0508 22 55 73 Contactez-nous par e-mail Courriel [&hellip;]<\/p>\n","protected":false},"author":3,"featured_media":0,"parent":5799,"menu_order":0,"comment_status":"closed","ping_status":"closed","template":"elementor_header_footer","meta":{"_acf_changed":false,"footnotes":""},"class_list":["post-5801","page","type-page","status-publish","hentry"],"acf":{"header_image":"","header_image_links":""},"yoast_head":"<!-- This site is optimized with the Yoast SEO plugin v27.2 - https:\/\/yoast.com\/product\/yoast-seo-wordpress\/ -->\n<title>Appeler l&#039;assistance - HumanWare<\/title>\n<meta name=\"robots\" content=\"index, follow, max-snippet:-1, max-image-preview:large, max-video-preview:-1\" \/>\n<link rel=\"canonical\" href=\"https:\/\/www.humanware.com\/fr\/contact\/call-support\/\" \/>\n<meta property=\"og:locale\" content=\"fr_FR\" \/>\n<meta property=\"og:type\" content=\"article\" \/>\n<meta property=\"og:title\" content=\"Appeler l&#039;assistance - HumanWare\" \/>\n<meta property=\"og:description\" content=\"Appeler l&rsquo;assistance Vous n&rsquo;arrivez pas \u00e0 trouver les informations que vous cherchez ? Nous sommes l\u00e0 pour vous aider. T\u00e9l\u00e9phone : 1 888 723-7273 T\u00e9l\u00e9phone : +61 2 9686 2600 T\u00e9l\u00e9phone : +44 1933 415 800 T\u00e9l\u00e9phone : 1 800 722-3393 T\u00e9l\u00e9phone : 01933 415800 T\u00e9l\u00e9phone : 0508 22 55 73 Contactez-nous par e-mail Courriel [&hellip;]\" \/>\n<meta property=\"og:url\" content=\"https:\/\/www.humanware.com\/fr\/contact\/call-support\/\" \/>\n<meta property=\"og:site_name\" content=\"HumanWare\" \/>\n<meta property=\"article:publisher\" content=\"https:\/\/www.facebook.com\/humanware\/\" \/>\n<meta property=\"article:modified_time\" content=\"2024-12-18T01:18:57+00:00\" \/>\n<meta property=\"og:image\" content=\"https:\/\/www.humanware.com\/wp-content\/uploads\/2024\/10\/HumanWare-see-things-differently.jpg\" \/>\n\t<meta property=\"og:image:width\" content=\"1200\" \/>\n\t<meta property=\"og:image:height\" content=\"628\" \/>\n\t<meta property=\"og:image:type\" content=\"image\/jpeg\" \/>\n<meta name=\"twitter:card\" content=\"summary_large_image\" \/>\n<meta name=\"twitter:label1\" content=\"Dur\u00e9e de lecture estim\u00e9e\" \/>\n\t<meta name=\"twitter:data1\" content=\"1 minute\" \/>\n<script type=\"application\/ld+json\" class=\"yoast-schema-graph\">{\"@context\":\"https:\/\/schema.org\",\"@graph\":[{\"@type\":\"WebPage\",\"@id\":\"https:\/\/www.humanware.com\/fr\/contact\/call-support\/\",\"url\":\"https:\/\/www.humanware.com\/fr\/contact\/call-support\/\",\"name\":\"Appeler l'assistance - HumanWare\",\"isPartOf\":{\"@id\":\"https:\/\/www.humanware.com\/fr\/#website\"},\"datePublished\":\"2024-08-27T17:24:08+00:00\",\"dateModified\":\"2024-12-18T01:18:57+00:00\",\"breadcrumb\":{\"@id\":\"https:\/\/www.humanware.com\/fr\/contact\/call-support\/#breadcrumb\"},\"inLanguage\":\"fr-FR\",\"potentialAction\":[{\"@type\":\"ReadAction\",\"target\":[\"https:\/\/www.humanware.com\/fr\/contact\/call-support\/\"]}]},{\"@type\":\"BreadcrumbList\",\"@id\":\"https:\/\/www.humanware.com\/fr\/contact\/call-support\/#breadcrumb\",\"itemListElement\":[{\"@type\":\"ListItem\",\"position\":1,\"name\":\"Home\",\"item\":\"https:\/\/www.humanware.com\/fr\/\"},{\"@type\":\"ListItem\",\"position\":2,\"name\":\"Contact\",\"item\":\"https:\/\/www.humanware.com\/fr\/contact\/\"},{\"@type\":\"ListItem\",\"position\":3,\"name\":\"Appeler l&#8217;assistance\"}]},{\"@type\":\"WebSite\",\"@id\":\"https:\/\/www.humanware.com\/fr\/#website\",\"url\":\"https:\/\/www.humanware.com\/fr\/\",\"name\":\"HumanWare\",\"description\":\"Solutions pour basse vision et c\u00e9cit\u00e9\",\"publisher\":{\"@id\":\"https:\/\/www.humanware.com\/fr\/#organization\"},\"potentialAction\":[{\"@type\":\"SearchAction\",\"target\":{\"@type\":\"EntryPoint\",\"urlTemplate\":\"https:\/\/www.humanware.com\/fr\/?s={search_term_string}\"},\"query-input\":{\"@type\":\"PropertyValueSpecification\",\"valueRequired\":true,\"valueName\":\"search_term_string\"}}],\"inLanguage\":\"fr-FR\"},{\"@type\":\"Organization\",\"@id\":\"https:\/\/www.humanware.com\/fr\/#organization\",\"name\":\"HumanWare\",\"url\":\"https:\/\/www.humanware.com\/fr\/\",\"logo\":{\"@type\":\"ImageObject\",\"inLanguage\":\"fr-FR\",\"@id\":\"https:\/\/www.humanware.com\/fr\/#\/schema\/logo\/image\/\",\"url\":\"https:\/\/www.humanware.com\/wp-content\/uploads\/2024\/12\/Logo-HW.jpg\",\"contentUrl\":\"https:\/\/www.humanware.com\/wp-content\/uploads\/2024\/12\/Logo-HW.jpg\",\"width\":1000,\"height\":667,\"caption\":\"HumanWare\"},\"image\":{\"@id\":\"https:\/\/www.humanware.com\/fr\/#\/schema\/logo\/image\/\"},\"sameAs\":[\"https:\/\/www.facebook.com\/humanware\/\",\"https:\/\/ca.linkedin.com\/company\/humanware\"]}]}<\/script>\n<!-- \/ Yoast SEO plugin. -->","yoast_head_json":{"title":"Appeler l'assistance - HumanWare","robots":{"index":"index","follow":"follow","max-snippet":"max-snippet:-1","max-image-preview":"max-image-preview:large","max-video-preview":"max-video-preview:-1"},"canonical":"https:\/\/www.humanware.com\/fr\/contact\/call-support\/","og_locale":"fr_FR","og_type":"article","og_title":"Appeler l'assistance - HumanWare","og_description":"Appeler l&rsquo;assistance Vous n&rsquo;arrivez pas \u00e0 trouver les informations que vous cherchez ? Nous sommes l\u00e0 pour vous aider. T\u00e9l\u00e9phone : 1 888 723-7273 T\u00e9l\u00e9phone : +61 2 9686 2600 T\u00e9l\u00e9phone : +44 1933 415 800 T\u00e9l\u00e9phone : 1 800 722-3393 T\u00e9l\u00e9phone : 01933 415800 T\u00e9l\u00e9phone : 0508 22 55 73 Contactez-nous par e-mail Courriel [&hellip;]","og_url":"https:\/\/www.humanware.com\/fr\/contact\/call-support\/","og_site_name":"HumanWare","article_publisher":"https:\/\/www.facebook.com\/humanware\/","article_modified_time":"2024-12-18T01:18:57+00:00","og_image":[{"width":1200,"height":628,"url":"https:\/\/www.humanware.com\/wp-content\/uploads\/2024\/10\/HumanWare-see-things-differently.jpg","type":"image\/jpeg"}],"twitter_card":"summary_large_image","twitter_misc":{"Dur\u00e9e de lecture estim\u00e9e":"1 minute"},"schema":{"@context":"https:\/\/schema.org","@graph":[{"@type":"WebPage","@id":"https:\/\/www.humanware.com\/fr\/contact\/call-support\/","url":"https:\/\/www.humanware.com\/fr\/contact\/call-support\/","name":"Appeler l'assistance - HumanWare","isPartOf":{"@id":"https:\/\/www.humanware.com\/fr\/#website"},"datePublished":"2024-08-27T17:24:08+00:00","dateModified":"2024-12-18T01:18:57+00:00","breadcrumb":{"@id":"https:\/\/www.humanware.com\/fr\/contact\/call-support\/#breadcrumb"},"inLanguage":"fr-FR","potentialAction":[{"@type":"ReadAction","target":["https:\/\/www.humanware.com\/fr\/contact\/call-support\/"]}]},{"@type":"BreadcrumbList","@id":"https:\/\/www.humanware.com\/fr\/contact\/call-support\/#breadcrumb","itemListElement":[{"@type":"ListItem","position":1,"name":"Home","item":"https:\/\/www.humanware.com\/fr\/"},{"@type":"ListItem","position":2,"name":"Contact","item":"https:\/\/www.humanware.com\/fr\/contact\/"},{"@type":"ListItem","position":3,"name":"Appeler l&#8217;assistance"}]},{"@type":"WebSite","@id":"https:\/\/www.humanware.com\/fr\/#website","url":"https:\/\/www.humanware.com\/fr\/","name":"HumanWare","description":"Solutions pour basse vision et c\u00e9cit\u00e9","publisher":{"@id":"https:\/\/www.humanware.com\/fr\/#organization"},"potentialAction":[{"@type":"SearchAction","target":{"@type":"EntryPoint","urlTemplate":"https:\/\/www.humanware.com\/fr\/?s={search_term_string}"},"query-input":{"@type":"PropertyValueSpecification","valueRequired":true,"valueName":"search_term_string"}}],"inLanguage":"fr-FR"},{"@type":"Organization","@id":"https:\/\/www.humanware.com\/fr\/#organization","name":"HumanWare","url":"https:\/\/www.humanware.com\/fr\/","logo":{"@type":"ImageObject","inLanguage":"fr-FR","@id":"https:\/\/www.humanware.com\/fr\/#\/schema\/logo\/image\/","url":"https:\/\/www.humanware.com\/wp-content\/uploads\/2024\/12\/Logo-HW.jpg","contentUrl":"https:\/\/www.humanware.com\/wp-content\/uploads\/2024\/12\/Logo-HW.jpg","width":1000,"height":667,"caption":"HumanWare"},"image":{"@id":"https:\/\/www.humanware.com\/fr\/#\/schema\/logo\/image\/"},"sameAs":["https:\/\/www.facebook.com\/humanware\/","https:\/\/ca.linkedin.com\/company\/humanware"]}]}},"_links":{"self":[{"href":"https:\/\/www.humanware.com\/fr\/wp-json\/wp\/v2\/pages\/5801","targetHints":{"allow":["GET"]}}],"collection":[{"href":"https:\/\/www.humanware.com\/fr\/wp-json\/wp\/v2\/pages"}],"about":[{"href":"https:\/\/www.humanware.com\/fr\/wp-json\/wp\/v2\/types\/page"}],"author":[{"embeddable":true,"href":"https:\/\/www.humanware.com\/fr\/wp-json\/wp\/v2\/users\/3"}],"replies":[{"embeddable":true,"href":"https:\/\/www.humanware.com\/fr\/wp-json\/wp\/v2\/comments?post=5801"}],"version-history":[{"count":22,"href":"https:\/\/www.humanware.com\/fr\/wp-json\/wp\/v2\/pages\/5801\/revisions"}],"predecessor-version":[{"id":9863,"href":"https:\/\/www.humanware.com\/fr\/wp-json\/wp\/v2\/pages\/5801\/revisions\/9863"}],"up":[{"embeddable":true,"href":"https:\/\/www.humanware.com\/fr\/wp-json\/wp\/v2\/pages\/5799"}],"wp:attachment":[{"href":"https:\/\/www.humanware.com\/fr\/wp-json\/wp\/v2\/media?parent=5801"}],"curies":[{"name":"wp","href":"https:\/\/api.w.org\/{rel}","templated":true}]}}